{"id":1725,"date":"2013-09-27T11:12:47","date_gmt":"2013-09-27T10:12:47","guid":{"rendered":"https:\/\/cuevalarocio.es\/eventos-2\/?lang=en"},"modified":"2017-07-20T11:33:49","modified_gmt":"2017-07-20T10:33:49","slug":"events","status":"publish","type":"page","link":"https:\/\/cuevalarocio.es\/en\/events\/","title":{"rendered":"Events and celebrations"},"content":{"rendered":"<p>[et_pb_section transparent_background=&#8221;off&#8221; background_color=&#8221;#2e2e2e&#8221; allow_player_pause=&#8221;off&#8221; inner_shadow=&#8221;off&#8221; parallax=&#8221;off&#8221; parallax_method=&#8221;on&#8221; padding_mobile=&#8221;off&#8221; make_fullwidth=&#8221;off&#8221; use_custom_width=&#8221;off&#8221; width_unit=&#8221;off&#8221; custom_width_px=&#8221;1080px&#8221; custom_width_percent=&#8221;80%&#8221; make_equal=&#8221;off&#8221; use_custom_gutter=&#8221;off&#8221; fullwidth=&#8221;on&#8221; specialty=&#8221;off&#8221; admin_label=&#8221;section&#8221; disabled=&#8221;off&#8221;][et_pb_fullwidth_image src=&#8221;https:\/\/cuevalarocio.es\/wp-content\/uploads\/2013\/09\/celebraciones_flamenco-1.jpg&#8221; show_in_lightbox=&#8221;off&#8221; url_new_window=&#8221;off&#8221; use_overlay=&#8221;off&#8221; animation=&#8221;off&#8221; admin_label=&#8221;imagen de cabecera&#8221; use_border_color=&#8221;off&#8221; border_color=&#8221;#ffffff&#8221; border_width=&#8221;1px&#8221; border_style=&#8221;solid&#8221; disabled=&#8221;off&#8221;] [\/et_pb_fullwidth_image][\/et_pb_section][et_pb_section background_image=&#8221;https:\/\/cuevalarocio.es\/wp-content\/uploads\/2013\/09\/fondo-puntos_oscuro.jpg&#8221; transparent_background=&#8221;off&#8221; background_color=&#8221;#ffffff&#8221; allow_player_pause=&#8221;off&#8221; inner_shadow=&#8221;off&#8221; parallax=&#8221;off&#8221; parallax_method=&#8221;off&#8221; make_fullwidth=&#8221;off&#8221; use_custom_width=&#8221;off&#8221; width_unit=&#8221;on&#8221; custom_width_px=&#8221;1080px&#8221; custom_width_percent=&#8221;80%&#8221; make_equal=&#8221;off&#8221; use_custom_gutter=&#8221;off&#8221; fullwidth=&#8221;off&#8221; specialty=&#8221;off&#8221; admin_label=&#8221;Secci\u00f3n&#8221; disabled=&#8221;off&#8221;][et_pb_row make_fullwidth=&#8221;off&#8221; use_custom_width=&#8221;on&#8221; width_unit=&#8221;off&#8221; custom_width_px=&#8221;561px&#8221; custom_width_percent=&#8221;80%&#8221; use_custom_gutter=&#8221;off&#8221; gutter_width=&#8221;3&#8243; custom_padding=&#8221;|5%||5%&#8221; allow_player_pause=&#8221;off&#8221; parallax=&#8221;off&#8221; parallax_method=&#8221;off&#8221; make_equal=&#8221;off&#8221; parallax_1=&#8221;off&#8221; parallax_method_1=&#8221;off&#8221; parallax_2=&#8221;off&#8221; parallax_method_2=&#8221;on&#8221; parallax_3=&#8221;off&#8221; parallax_method_3=&#8221;on&#8221; parallax_4=&#8221;off&#8221; parallax_method_4=&#8221;on&#8221; admin_label=&#8221;Fila&#8221; disabled=&#8221;off&#8221;][et_pb_column type=&#8221;4_4&#8243; disabled=&#8221;off&#8221; parallax=&#8221;off&#8221; parallax_method=&#8221;off&#8221;][et_pb_text background_layout=&#8221;dark&#8221; text_orientation=&#8221;left&#8221; admin_label=&#8221;realizaci\u00f3n de eventos&#8221; use_border_color=&#8221;off&#8221; border_style=&#8221;solid&#8221; disabled=&#8221;off&#8221;]<\/p>\n<p><span style=\"font-size: 30pt; color: #e8e8e8;\">Events and celebrations<\/span><br \/>\n<span style=\"color: #c2c2c2;\">If you are organising a celebration, you can surprise your guests with a unique experience. Get in touch with us, and our management team will assist you in ensuring the celebration is a total success at La Roc\u00edo.\u00a0<\/span><\/p>\n<p><span style=\"color: #c2c2c2;\">Our team at la Cueva de la Roc\u00edo will look after every little detail, and with our care and attention we will make sure that your celebration is just perfect. <\/span><span style=\"color: #c2c2c2;\">We can also offer tailored menus to adjust to what you are after. It is also possible to enjoy one of our shows as part of your celebration, giving your celebration a very special touch.<br \/>\n<\/span><\/p>\n<p>[\/et_pb_text][\/et_pb_column][\/et_pb_row][\/et_pb_section][et_pb_section transparent_background=&#8221;off&#8221; allow_player_pause=&#8221;off&#8221; inner_shadow=&#8221;off&#8221; parallax=&#8221;off&#8221; parallax_method=&#8221;on&#8221; custom_padding=&#8221;0px|0px|0px|0px&#8221; make_fullwidth=&#8221;off&#8221; use_custom_width=&#8221;off&#8221; width_unit=&#8221;off&#8221; custom_width_px=&#8221;1080px&#8221; custom_width_percent=&#8221;80%&#8221; make_equal=&#8221;off&#8221; use_custom_gutter=&#8221;off&#8221; fullwidth=&#8221;on&#8221; specialty=&#8221;off&#8221; admin_label=&#8221;Secci\u00f3n&#8221; disabled=&#8221;off&#8221;][et_pb_fullwidth_slider show_arrows=&#8221;on&#8221; show_pagination=&#8221;on&#8221; auto=&#8221;on&#8221; auto_speed=&#8221;5000&#8243; auto_ignore_hover=&#8221;off&#8221; parallax=&#8221;off&#8221; parallax_method=&#8221;off&#8221; remove_inner_shadow=&#8221;off&#8221; background_position=&#8221;default&#8221; background_size=&#8221;default&#8221; hide_content_on_mobile=&#8221;off&#8221; hide_cta_on_mobile=&#8221;off&#8221; show_image_video_mobile=&#8221;off&#8221; admin_label=&#8221;Control deslizante de anchura completa&#8221; header_font_size=&#8221;65&#8243; header_font_size_last_edited=&#8221;off|&#8221; custom_button=&#8221;off&#8221; button_text_size=&#8221;20&#8243; button_letter_spacing=&#8221;0&#8243; button_use_icon=&#8221;default&#8221; button_icon_placement=&#8221;right&#8221; button_on_hover=&#8221;on&#8221; button_letter_spacing_hover=&#8221;0&#8243; disabled=&#8221;off&#8221;][et_pb_slide heading=&#8221;Cave&#8221; button_link=&#8221;#&#8221; background_image=&#8221;https:\/\/cuevalarocio.es\/wp-content\/uploads\/2013\/09\/tablao_flamenco.jpg&#8221; background_position=&#8221;center&#8221; background_size=&#8221;default&#8221; background_color=&#8221;#ffffff&#8221; use_bg_overlay=&#8221;off&#8221; use_text_overlay=&#8221;off&#8221; alignment=&#8221;center&#8221; background_layout=&#8221;dark&#8221; allow_player_pause=&#8221;off&#8221; admin_title=&#8221;la cueva&#8221; text_border_radius=&#8221;3&#8243; header_font=&#8221;||||&#8221; header_font_size=&#8221;60&#8243; header_font_size_tablet=&#8221;50&#8243; header_font_size_phone=&#8221;30&#8243; header_font_size_last_edited=&#8221;on|tablet&#8221; body_font=&#8221;||||&#8221; custom_button=&#8221;off&#8221; button_font=&#8221;||||&#8221; button_use_icon=&#8221;default&#8221; button_icon_placement=&#8221;right&#8221; button_on_hover=&#8221;on&#8221; disabled=&#8221;off&#8221;] [\/et_pb_slide][et_pb_slide heading=&#8221;the views&#8221; button_link=&#8221;#&#8221; background_image=&#8221;https:\/\/cuevalarocio.es\/wp-content\/uploads\/2013\/09\/terraza-alhambra.jpg&#8221; background_position=&#8221;center&#8221; background_size=&#8221;default&#8221; background_color=&#8221;#ffffff&#8221; use_bg_overlay=&#8221;off&#8221; use_text_overlay=&#8221;off&#8221; alignment=&#8221;center&#8221; background_layout=&#8221;dark&#8221; allow_player_pause=&#8221;off&#8221; admin_title=&#8221;las Vistas&#8221; text_border_radius=&#8221;3&#8243; header_font=&#8221;||||&#8221; header_font_size=&#8221;60&#8243; header_font_size_tablet=&#8221;50&#8243; header_font_size_phone=&#8221;30&#8243; header_font_size_last_edited=&#8221;on|phone&#8221; body_font=&#8221;||||&#8221; custom_button=&#8221;off&#8221; button_font=&#8221;||||&#8221; button_use_icon=&#8221;default&#8221; button_icon_placement=&#8221;right&#8221; button_on_hover=&#8221;on&#8221; disabled=&#8221;off&#8221;] [\/et_pb_slide][et_pb_slide heading=&#8221;Show&#8221; button_link=&#8221;#&#8221; background_image=&#8221;https:\/\/cuevalarocio.es\/wp-content\/uploads\/2013\/09\/cuevas-sacromonte.jpg&#8221; background_position=&#8221;center&#8221; background_size=&#8221;default&#8221; background_color=&#8221;#ffffff&#8221; use_bg_overlay=&#8221;off&#8221; use_text_overlay=&#8221;off&#8221; alignment=&#8221;center&#8221; background_layout=&#8221;dark&#8221; allow_player_pause=&#8221;off&#8221; admin_title=&#8221;el Espectaculo&#8221; text_border_radius=&#8221;3&#8243; header_font=&#8221;||||&#8221; header_font_size=&#8221;60&#8243; header_font_size_tablet=&#8221;50&#8243; header_font_size_phone=&#8221;30&#8243; header_font_size_last_edited=&#8221;on|phone&#8221; body_font=&#8221;||||&#8221; custom_button=&#8221;off&#8221; button_font=&#8221;||||&#8221; button_use_icon=&#8221;default&#8221; button_icon_placement=&#8221;right&#8221; button_on_hover=&#8221;on&#8221; disabled=&#8221;off&#8221;] [\/et_pb_slide][et_pb_slide heading=&#8221;Restaurant&#8221; button_link=&#8221;#&#8221; background_image=&#8221;https:\/\/cuevalarocio.es\/wp-content\/uploads\/2013\/09\/restaurante-cueva.jpg&#8221; background_position=&#8221;center&#8221; background_size=&#8221;default&#8221; background_color=&#8221;#ffffff&#8221; use_bg_overlay=&#8221;off&#8221; use_text_overlay=&#8221;off&#8221; alignment=&#8221;center&#8221; background_layout=&#8221;dark&#8221; allow_player_pause=&#8221;off&#8221; admin_title=&#8221;el restaurante&#8221; text_border_radius=&#8221;3&#8243; header_font=&#8221;||||&#8221; header_font_size=&#8221;60&#8243; header_font_size_tablet=&#8221;50&#8243; header_font_size_phone=&#8221;30&#8243; header_font_size_last_edited=&#8221;on|phone&#8221; body_font=&#8221;||||&#8221; custom_button=&#8221;off&#8221; button_font=&#8221;||||&#8221; button_use_icon=&#8221;default&#8221; button_icon_placement=&#8221;right&#8221; button_on_hover=&#8221;on&#8221; disabled=&#8221;off&#8221;] [\/et_pb_slide][\/et_pb_fullwidth_slider][\/et_pb_section][et_pb_section background_image=&#8221;https:\/\/cuevalarocio.es\/wp-content\/uploads\/2013\/09\/fondo-puntos_oscuro.jpg&#8221; transparent_background=&#8221;off&#8221; background_color=&#8221;#ffffff&#8221; allow_player_pause=&#8221;off&#8221; inner_shadow=&#8221;off&#8221; parallax=&#8221;off&#8221; parallax_method=&#8221;off&#8221; make_fullwidth=&#8221;off&#8221; use_custom_width=&#8221;off&#8221; width_unit=&#8221;on&#8221; custom_width_px=&#8221;1080px&#8221; custom_width_percent=&#8221;80%&#8221; make_equal=&#8221;off&#8221; use_custom_gutter=&#8221;off&#8221; fullwidth=&#8221;off&#8221; specialty=&#8221;off&#8221; admin_label=&#8221;Secci\u00f3n&#8221; disabled=&#8221;off&#8221;][et_pb_row make_fullwidth=&#8221;off&#8221; use_custom_width=&#8221;off&#8221; width_unit=&#8221;off&#8221; custom_width_px=&#8221;1080px&#8221; custom_width_percent=&#8221;80%&#8221; use_custom_gutter=&#8221;off&#8221; gutter_width=&#8221;3&#8243; allow_player_pause=&#8221;off&#8221; parallax=&#8221;off&#8221; parallax_method=&#8221;on&#8221; make_equal=&#8221;off&#8221; parallax_1=&#8221;off&#8221; parallax_method_1=&#8221;on&#8221; parallax_2=&#8221;off&#8221; parallax_method_2=&#8221;on&#8221; parallax_3=&#8221;off&#8221; parallax_method_3=&#8221;on&#8221; parallax_4=&#8221;off&#8221; parallax_method_4=&#8221;on&#8221; admin_label=&#8221;Fila&#8221; disabled=&#8221;off&#8221;][et_pb_column type=&#8221;4_4&#8243; disabled=&#8221;off&#8221; parallax=&#8221;off&#8221; parallax_method=&#8221;on&#8221;][et_pb_text background_layout=&#8221;dark&#8221; text_orientation=&#8221;left&#8221; admin_label=&#8221;realizaci\u00f3n de eventos&#8221; use_border_color=&#8221;off&#8221; border_style=&#8221;solid&#8221; disabled=&#8221;off&#8221;]<\/p>\n<p><span style=\"color: #c2c2c2;\">We already have experience celebrating Christenings (with up to 200 guest), Holy Communions, Weddings, Business meals, Valentine\u2019s dinners, stag do&#8217;s, private lessons and we are open to your suggestions.\u00a0<\/span><\/p>\n<p><span style=\"color: #c2c2c2;\">We offer one of the most traditional caves in Sacromonte, a restaurant and our ample terrace with views to the Alhambra. We tailor our dishes to your requirements, and can also offer private shows, touristic guiding along the Albaycin.<br \/>\n<\/span><\/p>\n<p><span style=\"color: #c2c2c2;\"><strong>Stag Do\u2019s<\/strong><br \/>\nA very special place to celebrate your stag do with your friends. <\/span><\/p>\n<p><span style=\"color: #c2c2c2;\">You can enjoy this amazing environment in the Sacromonte with your friends with fabulous views of the Alhambra. We can organise a special menu for the occasion and authentic flamenco shows. All with a very personal touch.personal.<\/span><\/p>\n<p>&nbsp;<\/p>\n<p>La Cueva de la Rocio can host up to 200 people distributed in our three caves and the terrace.<\/p>\n<ul>\n<li>La Roc\u00edo Lounge \u2013 with a capacity of up to 80 people<\/li>\n<li>La Salvaora Lounge\u2013 with a capacity of up to 40 people<\/li>\n<li>Maya Lounge &#8211; \u2013 with a capacity of up to 40 people<\/li>\n<li>Outdoors\/heated Terrace &#8211; \u2013 with a capacity of up to 40 people<\/li>\n<\/ul>\n<p>Let us help you with your celebration<\/p>\n<p>[\/et_pb_text][\/et_pb_column][\/et_pb_row][\/et_pb_section][et_pb_section transparent_background=&#8221;off&#8221; background_color=&#8221;#a0a0a0&#8243; allow_player_pause=&#8221;off&#8221; inner_shadow=&#8221;off&#8221; parallax=&#8221;off&#8221; parallax_method=&#8221;off&#8221; make_fullwidth=&#8221;off&#8221; use_custom_width=&#8221;off&#8221; width_unit=&#8221;on&#8221; custom_width_px=&#8221;1080px&#8221; custom_width_percent=&#8221;80%&#8221; make_equal=&#8221;off&#8221; use_custom_gutter=&#8221;off&#8221; fullwidth=&#8221;off&#8221; specialty=&#8221;off&#8221; admin_label=&#8221;Secci\u00f3n&#8221; disabled=&#8221;off&#8221;][et_pb_row make_fullwidth=&#8221;off&#8221; use_custom_width=&#8221;off&#8221; width_unit=&#8221;off&#8221; custom_width_px=&#8221;1080px&#8221; custom_width_percent=&#8221;80%&#8221; use_custom_gutter=&#8221;off&#8221; gutter_width=&#8221;3&#8243; allow_player_pause=&#8221;off&#8221; parallax=&#8221;off&#8221; parallax_method=&#8221;on&#8221; make_equal=&#8221;off&#8221; parallax_1=&#8221;off&#8221; parallax_method_1=&#8221;on&#8221; parallax_2=&#8221;off&#8221; parallax_method_2=&#8221;on&#8221; parallax_3=&#8221;off&#8221; parallax_method_3=&#8221;on&#8221; parallax_4=&#8221;off&#8221; parallax_method_4=&#8221;on&#8221; admin_label=&#8221;Fila&#8221; disabled=&#8221;off&#8221;][et_pb_column type=&#8221;4_4&#8243; disabled=&#8221;off&#8221; parallax=&#8221;off&#8221; parallax_method=&#8221;on&#8221;][et_pb_text background_layout=&#8221;dark&#8221; text_orientation=&#8221;left&#8221; admin_label=&#8221;Texto&#8221; use_border_color=&#8221;off&#8221; border_style=&#8221;solid&#8221; disabled=&#8221;off&#8221;]<\/p>\n<p style=\"text-align: center;\"><a href=\"https:\/\/cuevalarocio.es\/contacto\/?lang=en\"><span style=\"font-size: 24pt;\">Please contact us and<br \/>\nwe will share with you the different options available.<\/span><\/a><\/p>\n<p>[\/et_pb_text][\/et_pb_column][\/et_pb_row][\/et_pb_section]<\/p>\n","protected":false},"excerpt":{"rendered":"<p>Events and celebrations If you are organising a celebration, you can surprise your guests with a unique experience. Get in touch with us, and our management team will assist you in ensuring the celebration is a total success at La Roc\u00edo.\u00a0 Our team at la Cueva de la Roc\u00edo will look after every little detail, [&hellip;]<\/p>\n","protected":false},"author":4,"featured_media":2009,"parent":0,"menu_order":0,"comment_status":"closed","ping_status":"closed","template":"","meta":{"_et_pb_use_builder":"on","_et_pb_old_content":"<p>\u00a0<\/p><h2>Realizaci\u00f3n de eventos en la Cueva de la Roc\u00edo<\/h2><p>El Restaurante Flamenco Cueva de La Rocio pone a su servicio todas nuestras instalaciones para realizar cualquier tipo de eventos como:<\/p><ul><li>Bautizos (capacidad max. 200 personas)<\/li><li>Comuniones<\/li><li>Bodas<\/li><li>Comidas de empresa<\/li><li>Cena enamorados<\/li><li>Despedidas de solteros<\/li><li>Clases particulares<\/li><\/ul><p>Ponemos a su disposici\u00f3n nuestra cueva, para que puedan disfrutar de un encuentro en un entorno ideal, con nosotros ya ha celebrado despedidas de soltero\/a, cenas de empresa, conmemoraciones como bautizos, comuniones..<\/p><p>Ponemos el m\u00e1ximo mimo y cuidado en todos los detalles para hacerle sentir c\u00f3modo.<\/p><p>No solo ofrecemos men\u00fa especiales y ajustados a las necesidades de nuestros clientes, tambi\u00e9n existe la posibilidad de espect\u00e1culo, dando un toque muy especial y \u00fanico.<\/p><p>[gallery link=\"file\" columns=\"8\" ids=\"872,870,869,878,880,877,875,933,868,1006,1008,1007,1012\"]<\/p><hr \/><p style=\"text-align: center;\"><a href=\"https:\/\/cuevalarocio.es\/tablao-flamenco-en-granada\/\"><br \/> Tablao Flamenco en Granada<\/a>\u00a0|\u00a0\u00a0<a href=\"https:\/\/cuevalarocio.es\/cena-espectaculo-flamenco-en-granada\/\">Cena Espect\u00e1culo Flamenco en Granada<\/a>\u00a0| <a href=\"https:\/\/cuevalarocio.es\/flamenco-en-granada\/\">Flamenco en Granada<\/a><\/p><p style=\"text-align: center;\">\u00a0<a href=\"https:\/\/cuevalarocio.es\/restaurante-con-vistas-alhambra\/\">Restaurante con vistas Alhambra<\/a> | <a href=\"https:\/\/cuevalarocio.es\/restaurante-sacromonte\/\">Restaurante en Sacromonte<\/a> |<\/p>","_et_gb_content_width":"","footnotes":""},"class_list":["post-1725","page","type-page","status-publish","has-post-thumbnail","hentry"],"yoast_head":"<!-- This site is optimized with the Yoast SEO plugin v27.3 - https:\/\/yoast.com\/product\/yoast-seo-wordpress\/ -->\n<title>Events and celebrations - La Roc\u00edo most traditional caves in Sacromonte<\/title>\n<meta name=\"description\" content=\"Our panoramic terrace with spectacular views to the Alhambra. You can enjoy those wonderful views having dinner or some tapas.\" \/>\n<meta name=\"robots\" content=\"index, follow, max-snippet:-1, max-image-preview:large, max-video-preview:-1\" \/>\n<link rel=\"canonical\" href=\"https:\/\/cuevalarocio.es\/en\/events\/\" \/>\n<meta property=\"og:locale\" content=\"en_US\" \/>\n<meta property=\"og:type\" content=\"article\" \/>\n<meta property=\"og:title\" content=\"Events and celebrations - La Roc\u00edo most traditional caves in Sacromonte\" \/>\n<meta property=\"og:description\" content=\"Our panoramic terrace with spectacular views to the Alhambra. You can enjoy those wonderful views having dinner or some tapas.\" \/>\n<meta property=\"og:url\" content=\"https:\/\/cuevalarocio.es\/en\/events\/\" \/>\n<meta property=\"og:site_name\" content=\"Cueva de La Roc\u00edo\" \/>\n<meta property=\"article:publisher\" content=\"https:\/\/www.facebook.com\/cuevalarocio\" \/>\n<meta property=\"article:modified_time\" content=\"2017-07-20T10:33:49+00:00\" \/>\n<meta property=\"og:image\" content=\"https:\/\/cuevalarocio.es\/wp-content\/uploads\/2013\/09\/cabec-eventos.jpg\" \/>\n\t<meta property=\"og:image:width\" content=\"900\" \/>\n\t<meta property=\"og:image:height\" content=\"100\" \/>\n\t<meta property=\"og:image:type\" content=\"image\/jpeg\" \/>\n<meta name=\"twitter:card\" content=\"summary_large_image\" \/>\n<meta name=\"twitter:site\" content=\"@cuevalarocio\" \/>\n<meta name=\"twitter:label1\" content=\"Est. reading time\" \/>\n\t<meta name=\"twitter:data1\" content=\"7 minutes\" \/>\n<script type=\"application\/ld+json\" class=\"yoast-schema-graph\">{\"@context\":\"https:\\\/\\\/schema.org\",\"@graph\":[{\"@type\":\"WebPage\",\"@id\":\"https:\\\/\\\/cuevalarocio.es\\\/en\\\/events\\\/\",\"url\":\"https:\\\/\\\/cuevalarocio.es\\\/en\\\/events\\\/\",\"name\":\"Events and celebrations - La Roc\u00edo most traditional caves in Sacromonte\",\"isPartOf\":{\"@id\":\"https:\\\/\\\/cuevalarocio.es\\\/en\\\/#website\"},\"primaryImageOfPage\":{\"@id\":\"https:\\\/\\\/cuevalarocio.es\\\/en\\\/events\\\/#primaryimage\"},\"image\":{\"@id\":\"https:\\\/\\\/cuevalarocio.es\\\/en\\\/events\\\/#primaryimage\"},\"thumbnailUrl\":\"https:\\\/\\\/cuevalarocio.es\\\/wp-content\\\/uploads\\\/2013\\\/09\\\/cabec-eventos.jpg\",\"datePublished\":\"2013-09-27T10:12:47+00:00\",\"dateModified\":\"2017-07-20T10:33:49+00:00\",\"description\":\"Our panoramic terrace with spectacular views to the Alhambra. You can enjoy those wonderful views having dinner or some tapas.\",\"breadcrumb\":{\"@id\":\"https:\\\/\\\/cuevalarocio.es\\\/en\\\/events\\\/#breadcrumb\"},\"inLanguage\":\"en-US\",\"potentialAction\":[{\"@type\":\"ReadAction\",\"target\":[\"https:\\\/\\\/cuevalarocio.es\\\/en\\\/events\\\/\"]}]},{\"@type\":\"ImageObject\",\"inLanguage\":\"en-US\",\"@id\":\"https:\\\/\\\/cuevalarocio.es\\\/en\\\/events\\\/#primaryimage\",\"url\":\"https:\\\/\\\/cuevalarocio.es\\\/wp-content\\\/uploads\\\/2013\\\/09\\\/cabec-eventos.jpg\",\"contentUrl\":\"https:\\\/\\\/cuevalarocio.es\\\/wp-content\\\/uploads\\\/2013\\\/09\\\/cabec-eventos.jpg\",\"width\":900,\"height\":100},{\"@type\":\"BreadcrumbList\",\"@id\":\"https:\\\/\\\/cuevalarocio.es\\\/en\\\/events\\\/#breadcrumb\",\"itemListElement\":[{\"@type\":\"ListItem\",\"position\":1,\"name\":\"Home\",\"item\":\"https:\\\/\\\/cuevalarocio.es\\\/en\\\/\"},{\"@type\":\"ListItem\",\"position\":2,\"name\":\"Events and celebrations\"}]},{\"@type\":\"WebSite\",\"@id\":\"https:\\\/\\\/cuevalarocio.es\\\/en\\\/#website\",\"url\":\"https:\\\/\\\/cuevalarocio.es\\\/en\\\/\",\"name\":\"Cueva de La Roc\u00edo\",\"description\":\"Flamenco tablao in Granada and restaurant with flamenco show dinner in Granada\",\"potentialAction\":[{\"@type\":\"SearchAction\",\"target\":{\"@type\":\"EntryPoint\",\"urlTemplate\":\"https:\\\/\\\/cuevalarocio.es\\\/en\\\/?s={search_term_string}\"},\"query-input\":{\"@type\":\"PropertyValueSpecification\",\"valueRequired\":true,\"valueName\":\"search_term_string\"}}],\"inLanguage\":\"en-US\"}]}<\/script>\n<!-- \/ Yoast SEO plugin. -->","yoast_head_json":{"title":"Events and celebrations - La Roc\u00edo most traditional caves in Sacromonte","description":"Our panoramic terrace with spectacular views to the Alhambra. You can enjoy those wonderful views having dinner or some tapas.","robots":{"index":"index","follow":"follow","max-snippet":"max-snippet:-1","max-image-preview":"max-image-preview:large","max-video-preview":"max-video-preview:-1"},"canonical":"https:\/\/cuevalarocio.es\/en\/events\/","og_locale":"en_US","og_type":"article","og_title":"Events and celebrations - La Roc\u00edo most traditional caves in Sacromonte","og_description":"Our panoramic terrace with spectacular views to the Alhambra. You can enjoy those wonderful views having dinner or some tapas.","og_url":"https:\/\/cuevalarocio.es\/en\/events\/","og_site_name":"Cueva de La Roc\u00edo","article_publisher":"https:\/\/www.facebook.com\/cuevalarocio","article_modified_time":"2017-07-20T10:33:49+00:00","og_image":[{"width":900,"height":100,"url":"https:\/\/cuevalarocio.es\/wp-content\/uploads\/2013\/09\/cabec-eventos.jpg","type":"image\/jpeg"}],"twitter_card":"summary_large_image","twitter_site":"@cuevalarocio","twitter_misc":{"Est. reading time":"7 minutes"},"schema":{"@context":"https:\/\/schema.org","@graph":[{"@type":"WebPage","@id":"https:\/\/cuevalarocio.es\/en\/events\/","url":"https:\/\/cuevalarocio.es\/en\/events\/","name":"Events and celebrations - La Roc\u00edo most traditional caves in Sacromonte","isPartOf":{"@id":"https:\/\/cuevalarocio.es\/en\/#website"},"primaryImageOfPage":{"@id":"https:\/\/cuevalarocio.es\/en\/events\/#primaryimage"},"image":{"@id":"https:\/\/cuevalarocio.es\/en\/events\/#primaryimage"},"thumbnailUrl":"https:\/\/cuevalarocio.es\/wp-content\/uploads\/2013\/09\/cabec-eventos.jpg","datePublished":"2013-09-27T10:12:47+00:00","dateModified":"2017-07-20T10:33:49+00:00","description":"Our panoramic terrace with spectacular views to the Alhambra. You can enjoy those wonderful views having dinner or some tapas.","breadcrumb":{"@id":"https:\/\/cuevalarocio.es\/en\/events\/#breadcrumb"},"inLanguage":"en-US","potentialAction":[{"@type":"ReadAction","target":["https:\/\/cuevalarocio.es\/en\/events\/"]}]},{"@type":"ImageObject","inLanguage":"en-US","@id":"https:\/\/cuevalarocio.es\/en\/events\/#primaryimage","url":"https:\/\/cuevalarocio.es\/wp-content\/uploads\/2013\/09\/cabec-eventos.jpg","contentUrl":"https:\/\/cuevalarocio.es\/wp-content\/uploads\/2013\/09\/cabec-eventos.jpg","width":900,"height":100},{"@type":"BreadcrumbList","@id":"https:\/\/cuevalarocio.es\/en\/events\/#breadcrumb","itemListElement":[{"@type":"ListItem","position":1,"name":"Home","item":"https:\/\/cuevalarocio.es\/en\/"},{"@type":"ListItem","position":2,"name":"Events and celebrations"}]},{"@type":"WebSite","@id":"https:\/\/cuevalarocio.es\/en\/#website","url":"https:\/\/cuevalarocio.es\/en\/","name":"Cueva de La Roc\u00edo","description":"Flamenco tablao in Granada and restaurant with flamenco show dinner in Granada","potentialAction":[{"@type":"SearchAction","target":{"@type":"EntryPoint","urlTemplate":"https:\/\/cuevalarocio.es\/en\/?s={search_term_string}"},"query-input":{"@type":"PropertyValueSpecification","valueRequired":true,"valueName":"search_term_string"}}],"inLanguage":"en-US"}]}},"_links":{"self":[{"href":"https:\/\/cuevalarocio.es\/en\/wp-json\/wp\/v2\/pages\/1725","targetHints":{"allow":["GET"]}}],"collection":[{"href":"https:\/\/cuevalarocio.es\/en\/wp-json\/wp\/v2\/pages"}],"about":[{"href":"https:\/\/cuevalarocio.es\/en\/wp-json\/wp\/v2\/types\/page"}],"author":[{"embeddable":true,"href":"https:\/\/cuevalarocio.es\/en\/wp-json\/wp\/v2\/users\/4"}],"replies":[{"embeddable":true,"href":"https:\/\/cuevalarocio.es\/en\/wp-json\/wp\/v2\/comments?post=1725"}],"version-history":[{"count":20,"href":"https:\/\/cuevalarocio.es\/en\/wp-json\/wp\/v2\/pages\/1725\/revisions"}],"predecessor-version":[{"id":3765,"href":"https:\/\/cuevalarocio.es\/en\/wp-json\/wp\/v2\/pages\/1725\/revisions\/3765"}],"wp:featuredmedia":[{"embeddable":true,"href":"https:\/\/cuevalarocio.es\/en\/wp-json\/wp\/v2\/media\/2009"}],"wp:attachment":[{"href":"https:\/\/cuevalarocio.es\/en\/wp-json\/wp\/v2\/media?parent=1725"}],"curies":[{"name":"wp","href":"https:\/\/api.w.org\/{rel}","templated":true}]}}