{"id":1795,"date":"2010-01-27T07:44:02","date_gmt":"2010-01-27T07:44:02","guid":{"rendered":"https:\/\/cuevalarocio.es\/contacto\/?lang=en"},"modified":"2026-04-06T16:15:24","modified_gmt":"2026-04-06T15:15:24","slug":"contacto","status":"publish","type":"page","link":"https:\/\/cuevalarocio.es\/en\/contacto\/","title":{"rendered":"Contact"},"content":{"rendered":"<p>[et_pb_section fb_built=&#8221;1&#8243; _builder_version=&#8221;4.16&#8243; global_colors_info=&#8221;{}&#8221;][et_pb_row column_structure=&#8221;2_3,1_3&#8243; _builder_version=&#8221;4.16&#8243; background_size=&#8221;initial&#8221; background_position=&#8221;top_left&#8221; background_repeat=&#8221;repeat&#8221; global_colors_info=&#8221;{}&#8221;][et_pb_column type=&#8221;2_3&#8243; _builder_version=&#8221;4.16&#8243; custom_padding=&#8221;|||&#8221; global_colors_info=&#8221;{}&#8221; custom_padding__hover=&#8221;|||&#8221;][et_pb_text _builder_version=&#8221;4.16&#8243; global_colors_info=&#8221;{}&#8221;]<\/p>\n<div>If you have any questions, please do not hesitate to contact us on one of the numbers below or using the form in this page. We will get back to you as soon as possible.<\/div>\n<h3>\u00a0<\/h3>\n<h3>Our address:<\/h3>\n<div>\n<div>Camino Sacromonte n\u00ba 70 Cueva de la Rocio<\/div>\n<div>C.P.: 18010\u00a0 &#8211; Granada &#8211;\u00a0Spain<\/div>\n<\/div>\n<ul>\n<li>Telephone: +34 659 11 51 87<\/li>\n<li>Telephone: +34 958 22 71 29<\/li>\n<li>Fax: + 34 958 21 55 02<\/li>\n<\/ul>\n<p>\u00a0<\/p>\n<p><!--cforms name=\"Contactar\"--><\/p>\n<p>[\/et_pb_text][et_pb_contact_form email=&#8221;info@cuevalarocio.live-website.com&#8221; custom_message=&#8221;Mensaje enviado desde p\u00e1gina de contacto Cueva la Roc\u00edo idioma Ingl\u00e9s ||et_pb_line_break_holder||Nombre: %%name%%||et_pb_line_break_holder||Email:  %%email%%||et_pb_line_break_holder||Mensaje: %%message%% &#8221; _builder_version=&#8221;4.16&#8243; _unique_id=&#8221;c3b62778-048d-4b5d-8f56-e8d7f4db4054&#8243; border_radii=&#8221;on|12px|12px|12px|12px&#8221; global_colors_info=&#8221;{}&#8221;][et_pb_contact_field field_id=&#8221;Name&#8221; field_title=&#8221;Name&#8221; fullwidth_field=&#8221;on&#8221; _builder_version=&#8221;4.16&#8243; global_colors_info=&#8221;{}&#8221;][\/et_pb_contact_field][et_pb_contact_field field_id=&#8221;Email&#8221; field_title=&#8221;Email&#8221; field_type=&#8221;email&#8221; fullwidth_field=&#8221;on&#8221; _builder_version=&#8221;4.16&#8243; global_colors_info=&#8221;{}&#8221;][\/et_pb_contact_field][et_pb_contact_field field_id=&#8221;Message&#8221; field_title=&#8221;Your message&#8221; field_type=&#8221;text&#8221; fullwidth_field=&#8221;on&#8221; _builder_version=&#8221;4.16&#8243; global_colors_info=&#8221;{}&#8221;][\/et_pb_contact_field][\/et_pb_contact_form][et_pb_text admin_label=&#8221;virtual visit&#8221; _builder_version=&#8221;4.16&#8243; global_colors_info=&#8221;{}&#8221;]<\/p>\n<p>\u00a0<\/p>\n<p>Virtual visit of<strong> La Cueva de La Roc\u00edo<\/strong><\/p>\n<p><iframe loading=\"lazy\" src=\"https:\/\/maps.google.com\/maps?q=&amp;layer=c&amp;sll=37.181656,-3.585418&amp;cid=7420110834630597042&amp;panoid=P5of_K1H2vQAAAQJORKdQg&amp;cbp=13,7.56,,0,7.31&amp;hl=es&amp;gl=US&amp;ie=UTF8&amp;hq=&amp;hnear=&amp;ll=37.181561,-3.585287&amp;spn=0.006295,0.006295&amp;t=m&amp;cbll=37.18152,-3.585345&amp;source=embed&amp;output=svembed\" width=\"520\" height=\"350\" frameborder=\"0\" marginwidth=\"0\" marginheight=\"0\" scrolling=\"no\"><\/iframe><br \/><small><a style=\"color: #0000ff; text-align: left;\" href=\"https:\/\/maps.google.com\/maps?q=&amp;layer=c&amp;sll=37.181656,-3.585418&amp;cid=7420110834630597042&amp;panoid=P5of_K1H2vQAAAQJORKdQg&amp;cbp=13,7.56,,0,7.31&amp;hl=es&amp;gl=US&amp;ie=UTF8&amp;hq=&amp;hnear=&amp;ll=37.181561,-3.585287&amp;spn=0.006295,0.006295&amp;t=m&amp;cbll=37.18152,-3.585345&amp;source=embed\" target=\"_blank\" rel=\"noopener noreferrer\"><br \/>View larger<\/a><\/small><\/p>\n<p><!--cforms name=\"Contactar\"--><\/p>\n<p>[\/et_pb_text][\/et_pb_column][et_pb_column type=&#8221;1_3&#8243; _builder_version=&#8221;4.16&#8243; custom_padding=&#8221;|||&#8221; global_colors_info=&#8221;{}&#8221; custom_padding__hover=&#8221;|||&#8221;][et_pb_sidebar area=&#8221;sidebar-1&#8243; _builder_version=&#8221;4.16&#8243; global_colors_info=&#8221;{}&#8221;][\/et_pb_sidebar][\/et_pb_column][\/et_pb_row][\/et_pb_section][et_pb_section fb_built=&#8221;1&#8243; _builder_version=&#8221;4.17.6&#8243; _module_preset=&#8221;default&#8221; global_colors_info=&#8221;{}&#8221;][et_pb_row column_structure=&#8221;1_2,1_2&#8243; _builder_version=&#8221;4.17.6&#8243; _module_preset=&#8221;default&#8221; global_colors_info=&#8221;{}&#8221;][et_pb_column type=&#8221;1_2&#8243; _builder_version=&#8221;4.17.6&#8243; _module_preset=&#8221;default&#8221; global_colors_info=&#8221;{}&#8221;][et_pb_text _builder_version=&#8221;4.17.6&#8243; _module_preset=&#8221;default&#8221; header_3_font=&#8221;|600|||||||&#8221; global_colors_info=&#8221;{}&#8221;]<\/p>\n<h3>How to get to the Camino del Sacromonte.<\/h3>\n<p>&nbsp;<\/p>\n<p><strong>You cannot access the Sacromonte path with your own vehicle.<\/strong><br \/>In the Sacromonte neighborhood there are streets with restricted traffic, so we recommend the use of public transport, taxi, or you can also walk from the center of Granada.<br \/>From Plaza Nueva or Plaza Isabel la Cat\u00f3lica, to reach the Camino del Sacromonte, continue along the Paseo de los Tristes, go up the Cuesta del Chapiz as if you were going up to the Barrio del Albaic\u00edn, and you will find the detour towards the Camino.<\/p>\n<p>[\/et_pb_text][\/et_pb_column][et_pb_column type=&#8221;1_2&#8243; _builder_version=&#8221;4.17.6&#8243; _module_preset=&#8221;default&#8221; global_colors_info=&#8221;{}&#8221;][et_pb_image src=&#8221;https:\/\/cuevalarocio.es\/wp-content\/uploads\/2022\/07\/mapa-andando.jpg&#8221; title_text=&#8221;mapa-andando&#8221; show_in_lightbox=&#8221;on&#8221; _builder_version=&#8221;4.17.6&#8243; _module_preset=&#8221;default&#8221; global_colors_info=&#8221;{}&#8221;][\/et_pb_image][\/et_pb_column][\/et_pb_row][\/et_pb_section]<\/p>\n","protected":false},"excerpt":{"rendered":"<p>If you have any questions, please do not hesitate to contact us on one of the numbers below or using the form in this page. We will get back to you as soon as possible.\u00a0Our address:Camino Sacromonte n\u00ba 70 Cueva de la RocioC.P.: 18010\u00a0 &#8211; Granada &#8211;\u00a0SpainTelephone: +34 659 11 51 87Telephone: +34 958 22 [&hellip;]<\/p>\n","protected":false},"author":4,"featured_media":2013,"parent":0,"menu_order":0,"comment_status":"closed","ping_status":"closed","template":"","meta":{"_et_pb_use_builder":"on","_et_pb_old_content":"<h3>Direcci\u00f3n:<\/h3>\r\n<div>\r\n<div>Camino Sacromonte n\u00ba 70 Cueva de la Rocio<\/div>\r\n<div>C.P.: 18010\u00a0 - Granada - Espa\u00f1a<\/div>\r\n<\/div>\r\n<ul>\r\n \t<li>Tel\u00e9fono: 659 11 51 87<\/li>\r\n \t<li>Tel\u00e9fono: 958 22 71 29<\/li>\r\n \t<li>Fax: 958 21 55 02<\/li>\r\n<\/ul>\r\nVisita el interior de la Cueva la Roc\u00edo\r\n\r\n<iframe src=\"https:\/\/maps.google.com\/maps?q=&layer=c&sll=37.181656,-3.585418&cid=7420110834630597042&panoid=P5of_K1H2vQAAAQJORKdQg&cbp=13,7.56,,0,7.31&hl=es&gl=US&ie=UTF8&hq=&hnear=&ll=37.181561,-3.585287&spn=0.006295,0.006295&t=m&cbll=37.18152,-3.585345&source=embed&output=svembed\" width=\"520\" height=\"350\" frameborder=\"0\" marginwidth=\"0\" marginheight=\"0\" scrolling=\"no\"><\/iframe>\r\n<small><a style=\"color: #0000ff; text-align: left;\" href=\"https:\/\/maps.google.com\/maps?q=&layer=c&sll=37.181656,-3.585418&cid=7420110834630597042&panoid=P5of_K1H2vQAAAQJORKdQg&cbp=13,7.56,,0,7.31&hl=es&gl=US&ie=UTF8&hq=&hnear=&ll=37.181561,-3.585287&spn=0.006295,0.006295&t=m&cbll=37.18152,-3.585345&source=embed\" target=\"_blank\" rel=\"noopener\">\r\nVer m\u00e1s grande<\/a><\/small>\r\n\r\nO envianos un correo.\r\nUna vez recibido su mensaje nos pondremos en contacto con usted a la mayor brevedad posible.\r\n\r\n[contact-form-7 id=\"223\" title=\"Formulario de contacto 1\"]\r\n\r\n<!--cforms name=\"Contactar\"-->","_et_gb_content_width":"","footnotes":""},"class_list":["post-1795","page","type-page","status-publish","has-post-thumbnail","hentry"],"yoast_head":"<!-- This site is optimized with the Yoast SEO plugin v27.3 - https:\/\/yoast.com\/product\/yoast-seo-wordpress\/ -->\n<title>Contact<\/title>\n<meta name=\"robots\" content=\"index, follow, max-snippet:-1, max-image-preview:large, max-video-preview:-1\" \/>\n<link rel=\"canonical\" href=\"https:\/\/cuevalarocio.es\/en\/contacto\/\" \/>\n<meta property=\"og:locale\" content=\"en_US\" \/>\n<meta property=\"og:type\" content=\"article\" \/>\n<meta property=\"og:title\" content=\"Contact\" \/>\n<meta property=\"og:description\" content=\"If you have any questions, please do not hesitate to contact us on one of the numbers below or using the form in this page. We will get back to you as soon as possible.\u00a0Our address:Camino Sacromonte n\u00ba 70 Cueva de la RocioC.P.: 18010\u00a0 - Granada -\u00a0SpainTelephone: +34 659 11 51 87Telephone: +34 958 22 [&hellip;]\" \/>\n<meta property=\"og:url\" content=\"https:\/\/cuevalarocio.es\/en\/contacto\/\" \/>\n<meta property=\"og:site_name\" content=\"Cueva de La Roc\u00edo\" \/>\n<meta property=\"article:publisher\" content=\"https:\/\/www.facebook.com\/cuevalarocio\" \/>\n<meta property=\"article:modified_time\" content=\"2026-04-06T15:15:24+00:00\" \/>\n<meta property=\"og:image\" content=\"https:\/\/cuevalarocio.es\/wp-content\/uploads\/2010\/01\/cabec-localizacion.jpg\" \/>\n\t<meta property=\"og:image:width\" content=\"900\" \/>\n\t<meta property=\"og:image:height\" content=\"100\" \/>\n\t<meta property=\"og:image:type\" content=\"image\/jpeg\" \/>\n<meta name=\"twitter:card\" content=\"summary_large_image\" \/>\n<meta name=\"twitter:site\" content=\"@cuevalarocio\" \/>\n<meta name=\"twitter:label1\" content=\"Est. reading time\" \/>\n\t<meta name=\"twitter:data1\" content=\"2 minutes\" \/>\n<script type=\"application\/ld+json\" class=\"yoast-schema-graph\">{\"@context\":\"https:\\\/\\\/schema.org\",\"@graph\":[{\"@type\":\"WebPage\",\"@id\":\"https:\\\/\\\/cuevalarocio.es\\\/en\\\/contacto\\\/\",\"url\":\"https:\\\/\\\/cuevalarocio.es\\\/en\\\/contacto\\\/\",\"name\":\"Contact\",\"isPartOf\":{\"@id\":\"https:\\\/\\\/cuevalarocio.es\\\/en\\\/#website\"},\"primaryImageOfPage\":{\"@id\":\"https:\\\/\\\/cuevalarocio.es\\\/en\\\/contacto\\\/#primaryimage\"},\"image\":{\"@id\":\"https:\\\/\\\/cuevalarocio.es\\\/en\\\/contacto\\\/#primaryimage\"},\"thumbnailUrl\":\"https:\\\/\\\/cuevalarocio.es\\\/wp-content\\\/uploads\\\/2010\\\/01\\\/cabec-localizacion.jpg\",\"datePublished\":\"2010-01-27T07:44:02+00:00\",\"dateModified\":\"2026-04-06T15:15:24+00:00\",\"breadcrumb\":{\"@id\":\"https:\\\/\\\/cuevalarocio.es\\\/en\\\/contacto\\\/#breadcrumb\"},\"inLanguage\":\"en-US\",\"potentialAction\":[{\"@type\":\"ReadAction\",\"target\":[\"https:\\\/\\\/cuevalarocio.es\\\/en\\\/contacto\\\/\"]}]},{\"@type\":\"ImageObject\",\"inLanguage\":\"en-US\",\"@id\":\"https:\\\/\\\/cuevalarocio.es\\\/en\\\/contacto\\\/#primaryimage\",\"url\":\"https:\\\/\\\/cuevalarocio.es\\\/wp-content\\\/uploads\\\/2010\\\/01\\\/cabec-localizacion.jpg\",\"contentUrl\":\"https:\\\/\\\/cuevalarocio.es\\\/wp-content\\\/uploads\\\/2010\\\/01\\\/cabec-localizacion.jpg\",\"width\":900,\"height\":100},{\"@type\":\"BreadcrumbList\",\"@id\":\"https:\\\/\\\/cuevalarocio.es\\\/en\\\/contacto\\\/#breadcrumb\",\"itemListElement\":[{\"@type\":\"ListItem\",\"position\":1,\"name\":\"Home\",\"item\":\"https:\\\/\\\/cuevalarocio.es\\\/en\\\/\"},{\"@type\":\"ListItem\",\"position\":2,\"name\":\"Contact\"}]},{\"@type\":\"WebSite\",\"@id\":\"https:\\\/\\\/cuevalarocio.es\\\/en\\\/#website\",\"url\":\"https:\\\/\\\/cuevalarocio.es\\\/en\\\/\",\"name\":\"Cueva de La Roc\u00edo\",\"description\":\"Flamenco tablao in Granada and restaurant with flamenco show dinner in Granada\",\"potentialAction\":[{\"@type\":\"SearchAction\",\"target\":{\"@type\":\"EntryPoint\",\"urlTemplate\":\"https:\\\/\\\/cuevalarocio.es\\\/en\\\/?s={search_term_string}\"},\"query-input\":{\"@type\":\"PropertyValueSpecification\",\"valueRequired\":true,\"valueName\":\"search_term_string\"}}],\"inLanguage\":\"en-US\"}]}<\/script>\n<!-- \/ Yoast SEO plugin. -->","yoast_head_json":{"title":"Contact","robots":{"index":"index","follow":"follow","max-snippet":"max-snippet:-1","max-image-preview":"max-image-preview:large","max-video-preview":"max-video-preview:-1"},"canonical":"https:\/\/cuevalarocio.es\/en\/contacto\/","og_locale":"en_US","og_type":"article","og_title":"Contact","og_description":"If you have any questions, please do not hesitate to contact us on one of the numbers below or using the form in this page. We will get back to you as soon as possible.\u00a0Our address:Camino Sacromonte n\u00ba 70 Cueva de la RocioC.P.: 18010\u00a0 - Granada -\u00a0SpainTelephone: +34 659 11 51 87Telephone: +34 958 22 [&hellip;]","og_url":"https:\/\/cuevalarocio.es\/en\/contacto\/","og_site_name":"Cueva de La Roc\u00edo","article_publisher":"https:\/\/www.facebook.com\/cuevalarocio","article_modified_time":"2026-04-06T15:15:24+00:00","og_image":[{"width":900,"height":100,"url":"https:\/\/cuevalarocio.es\/wp-content\/uploads\/2010\/01\/cabec-localizacion.jpg","type":"image\/jpeg"}],"twitter_card":"summary_large_image","twitter_site":"@cuevalarocio","twitter_misc":{"Est. reading time":"2 minutes"},"schema":{"@context":"https:\/\/schema.org","@graph":[{"@type":"WebPage","@id":"https:\/\/cuevalarocio.es\/en\/contacto\/","url":"https:\/\/cuevalarocio.es\/en\/contacto\/","name":"Contact","isPartOf":{"@id":"https:\/\/cuevalarocio.es\/en\/#website"},"primaryImageOfPage":{"@id":"https:\/\/cuevalarocio.es\/en\/contacto\/#primaryimage"},"image":{"@id":"https:\/\/cuevalarocio.es\/en\/contacto\/#primaryimage"},"thumbnailUrl":"https:\/\/cuevalarocio.es\/wp-content\/uploads\/2010\/01\/cabec-localizacion.jpg","datePublished":"2010-01-27T07:44:02+00:00","dateModified":"2026-04-06T15:15:24+00:00","breadcrumb":{"@id":"https:\/\/cuevalarocio.es\/en\/contacto\/#breadcrumb"},"inLanguage":"en-US","potentialAction":[{"@type":"ReadAction","target":["https:\/\/cuevalarocio.es\/en\/contacto\/"]}]},{"@type":"ImageObject","inLanguage":"en-US","@id":"https:\/\/cuevalarocio.es\/en\/contacto\/#primaryimage","url":"https:\/\/cuevalarocio.es\/wp-content\/uploads\/2010\/01\/cabec-localizacion.jpg","contentUrl":"https:\/\/cuevalarocio.es\/wp-content\/uploads\/2010\/01\/cabec-localizacion.jpg","width":900,"height":100},{"@type":"BreadcrumbList","@id":"https:\/\/cuevalarocio.es\/en\/contacto\/#breadcrumb","itemListElement":[{"@type":"ListItem","position":1,"name":"Home","item":"https:\/\/cuevalarocio.es\/en\/"},{"@type":"ListItem","position":2,"name":"Contact"}]},{"@type":"WebSite","@id":"https:\/\/cuevalarocio.es\/en\/#website","url":"https:\/\/cuevalarocio.es\/en\/","name":"Cueva de La Roc\u00edo","description":"Flamenco tablao in Granada and restaurant with flamenco show dinner in Granada","potentialAction":[{"@type":"SearchAction","target":{"@type":"EntryPoint","urlTemplate":"https:\/\/cuevalarocio.es\/en\/?s={search_term_string}"},"query-input":{"@type":"PropertyValueSpecification","valueRequired":true,"valueName":"search_term_string"}}],"inLanguage":"en-US"}]}},"_links":{"self":[{"href":"https:\/\/cuevalarocio.es\/en\/wp-json\/wp\/v2\/pages\/1795","targetHints":{"allow":["GET"]}}],"collection":[{"href":"https:\/\/cuevalarocio.es\/en\/wp-json\/wp\/v2\/pages"}],"about":[{"href":"https:\/\/cuevalarocio.es\/en\/wp-json\/wp\/v2\/types\/page"}],"author":[{"embeddable":true,"href":"https:\/\/cuevalarocio.es\/en\/wp-json\/wp\/v2\/users\/4"}],"replies":[{"embeddable":true,"href":"https:\/\/cuevalarocio.es\/en\/wp-json\/wp\/v2\/comments?post=1795"}],"version-history":[{"count":17,"href":"https:\/\/cuevalarocio.es\/en\/wp-json\/wp\/v2\/pages\/1795\/revisions"}],"predecessor-version":[{"id":7361,"href":"https:\/\/cuevalarocio.es\/en\/wp-json\/wp\/v2\/pages\/1795\/revisions\/7361"}],"wp:featuredmedia":[{"embeddable":true,"href":"https:\/\/cuevalarocio.es\/en\/wp-json\/wp\/v2\/media\/2013"}],"wp:attachment":[{"href":"https:\/\/cuevalarocio.es\/en\/wp-json\/wp\/v2\/media?parent=1795"}],"curies":[{"name":"wp","href":"https:\/\/api.w.org\/{rel}","templated":true}]}}