{"id":2392,"date":"2016-04-18T19:55:54","date_gmt":"2016-04-18T18:55:54","guid":{"rendered":"https:\/\/cuevalarocio.es\/?page_id=2392&#038;lang=en"},"modified":"2026-04-29T17:11:01","modified_gmt":"2026-04-29T16:11:01","slug":"book-now","status":"publish","type":"page","link":"https:\/\/cuevalarocio.es\/en\/book-now\/","title":{"rendered":"Book now"},"content":{"rendered":"<p>[et_pb_section fb_built=&#8221;1&#8243; fullwidth=&#8221;on&#8221; custom_padding_last_edited=&#8221;on|desktop&#8221; admin_label=&#8221;section&#8221; _builder_version=&#8221;4.16&#8243; background_color=&#8221;#2e2e2e&#8221; custom_padding_tablet=&#8221;50px|0|50px|0&#8243; custom_padding_phone=&#8221;&#8221; transparent_background=&#8221;off&#8221; padding_mobile=&#8221;off&#8221; global_colors_info=&#8221;{}&#8221;][et_pb_fullwidth_image src=&#8221;https:\/\/cuevalarocio.es\/wp-content\/uploads\/2021\/08\/cabecera-1920-450.jpg&#8221; title_text=&#8221;cabecera-1920-450&#8243; src_tablet=&#8221;&#8221; src_phone=&#8221;&#8221; src_last_edited=&#8221;on|phone&#8221; admin_label=&#8221;imagen de cabecera&#8221; _builder_version=&#8221;4.16&#8243; animation=&#8221;off&#8221; use_border_color=&#8221;off&#8221; border_color=&#8221;#ffffff&#8221; border_width=&#8221;1px&#8221; border_style=&#8221;solid&#8221; global_colors_info=&#8221;{}&#8221;]<\/p>\n<p>[\/et_pb_fullwidth_image][\/et_pb_section][et_pb_section fb_built=&#8221;1&#8243; admin_label=&#8221;section&#8221; _builder_version=&#8221;4.16&#8243; background_color=&#8221;#111111&#8243; transparent_background=&#8221;off&#8221; global_colors_info=&#8221;{}&#8221;][et_pb_row admin_label=&#8221;row&#8221; _builder_version=&#8221;4.16&#8243; background_size=&#8221;initial&#8221; background_position=&#8221;top_left&#8221; background_repeat=&#8221;repeat&#8221; custom_padding=&#8221;33px|0px|26px|0px&#8221; global_colors_info=&#8221;{}&#8221;][et_pb_column type=&#8221;4_4&#8243; _builder_version=&#8221;4.16&#8243; custom_padding=&#8221;|||&#8221; global_colors_info=&#8221;{}&#8221; custom_padding__hover=&#8221;|||&#8221;][et_pb_code admin_label=&#8221;C\u00f3digo Adwords llamadas&#8221; _builder_version=&#8221;4.16&#8243; global_colors_info=&#8221;{}&#8221;]<!-- Google Code for Llamadas a reserva desde la web Conversion Page<!-- [et_pb_line_break_holder] -->In your html page, add the snippet and call<!-- [et_pb_line_break_holder] -->goog_report_conversion when someone clicks on the<!-- [et_pb_line_break_holder] -->phone number link or button. &#8211;><!-- [et_pb_line_break_holder] --><script type=\"text\/javascript\"><!-- [et_pb_line_break_holder] -->  \/* < ![CDATA[ *\/<!-- [et_pb_line_break_holder] -->  goog_snippet_vars = function() {<!-- [et_pb_line_break_holder] -->    var w = window;<!-- [et_pb_line_break_holder] -->    w.google_conversion_id = 977116407;<!-- [et_pb_line_break_holder] -->    w.google_conversion_label = \"3Kj5CPWT1W4Q97n20QM\";<!-- [et_pb_line_break_holder] -->    w.google_remarketing_only = false;<!-- [et_pb_line_break_holder] -->  }<!-- [et_pb_line_break_holder] -->  \/\/ DO NOT CHANGE THE CODE BELOW.<!-- [et_pb_line_break_holder] -->  goog_report_conversion = function(url) {<!-- [et_pb_line_break_holder] -->    goog_snippet_vars();<!-- [et_pb_line_break_holder] -->    window.google_conversion_format = \"3\";<!-- [et_pb_line_break_holder] -->    var opt = new Object();<!-- [et_pb_line_break_holder] -->    opt.onload_callback = function() {<!-- [et_pb_line_break_holder] -->    if (typeof(url) != 'undefined') {<!-- [et_pb_line_break_holder] -->      window.location = url;<!-- [et_pb_line_break_holder] -->    }<!-- [et_pb_line_break_holder] -->  }<!-- [et_pb_line_break_holder] -->  var conv_handler = window['google_trackConversion'];<!-- [et_pb_line_break_holder] -->  if (typeof(conv_handler) == 'function') {<!-- [et_pb_line_break_holder] -->    conv_handler(opt);<!-- [et_pb_line_break_holder] -->  }<!-- [et_pb_line_break_holder] -->}<!-- [et_pb_line_break_holder] -->\/* ]]> *\/<!-- [et_pb_line_break_holder] --><\/script><!-- [et_pb_line_break_holder] --><script type=\"text\/javascript\"<!-- [et_pb_line_break_holder] -->  src=\"\/\/www.googleadservices.com\/pagead\/conversion_async.js\"><!-- [et_pb_line_break_holder] --><\/script><!-- [et_pb_line_break_holder] -->[\/et_pb_code][et_pb_text _builder_version=&#8221;4.16&#8243; header_font_size=&#8221;30&#8243; background_size=&#8221;initial&#8221; background_position=&#8221;top_left&#8221; background_repeat=&#8221;repeat&#8221; background_layout=&#8221;dark&#8221; use_border_color=&#8221;off&#8221; global_colors_info=&#8221;{}&#8221;]<\/p>\n<p style=\"text-align: center;\"><span style=\"font-size: 12pt;\"><span style=\"font-size: xx-large; color: #ffffff;\">Book now<\/span><br \/><span style=\"font-size: medium; color: #bfbfbf;\"><strong>Please select the date and time for the flamenco show <\/strong>you would like to book, then, select the relevant option, i.e. whether you would like to watch the show only or else whether you would also like to have dinner at the cave and or participate in the tour beforehand.<\/span><\/span><\/p>\n<p style=\"text-align: center;\"><span style=\"color: #bfbfbf;\">Please bear in mind that if you would like to book the dinner and show option you will have to arrive at the cave an hour and a half ahead of the show time.<\/span><br \/><span style=\"color: #bfbfbf;\">If you have any questions or problems when making your reservation, please do not hesitate calling us in following numbers:<br \/><\/span><\/p>\n<p>[\/et_pb_text][\/et_pb_column][\/et_pb_row][et_pb_row column_structure=&#8221;1_2,1_2&#8243; _builder_version=&#8221;4.16&#8243; background_size=&#8221;initial&#8221; background_position=&#8221;top_left&#8221; background_repeat=&#8221;repeat&#8221; custom_padding=&#8221;26px|0px|29px|0px|false|false&#8221; global_colors_info=&#8221;{}&#8221;][et_pb_column type=&#8221;1_2&#8243; _builder_version=&#8221;4.16&#8243; custom_padding=&#8221;|||&#8221; global_colors_info=&#8221;{}&#8221; custom_padding__hover=&#8221;|||&#8221;][et_pb_button button_url=&#8221;tel:\/\/+34659115187&#8243; button_text=&#8221;+34 659 115 187&#8243; button_alignment=&#8221;center&#8221; _builder_version=&#8221;4.16&#8243; custom_button=&#8221;on&#8221; button_text_size=&#8221;16&#8243; button_text_color=&#8221;#ffffff&#8221; button_bg_color=&#8221;#494949&#8243; button_border_color=&#8221;#000000&#8243; button_border_radius=&#8221;15px&#8221; button_icon=&#8221;&#xe090;||divi||400&#8243; button_on_hover=&#8221;off&#8221; saved_tabs=&#8221;all&#8221; global_colors_info=&#8221;{}&#8221;]<\/p>\n<p>[\/et_pb_button][\/et_pb_column][et_pb_column type=&#8221;1_2&#8243; _builder_version=&#8221;4.16&#8243; custom_padding=&#8221;|||&#8221; global_colors_info=&#8221;{}&#8221; custom_padding__hover=&#8221;|||&#8221;][et_pb_button button_url=&#8221;tel:\/\/+34958227129&#8243; button_text=&#8221;+34 958 227 129&#8243; button_alignment=&#8221;center&#8221; _builder_version=&#8221;4.16&#8243; custom_button=&#8221;on&#8221; button_text_size=&#8221;16&#8243; button_text_color=&#8221;#ffffff&#8221; button_bg_color=&#8221;#494949&#8243; button_border_color=&#8221;#000000&#8243; button_border_radius=&#8221;15px&#8221; button_icon=&#8221;&#xe090;||divi||400&#8243; button_on_hover=&#8221;off&#8221; saved_tabs=&#8221;all&#8221; global_colors_info=&#8221;{}&#8221;]<\/p>\n<p>[\/et_pb_button][\/et_pb_column][\/et_pb_row][\/et_pb_section][et_pb_section fb_built=&#8221;1&#8243; _builder_version=&#8221;4.16&#8243; background_color=&#8221;#e0e0e0&#8243; transparent_background=&#8221;off&#8221; global_colors_info=&#8221;{}&#8221;][et_pb_row _builder_version=&#8221;4.16&#8243; background_size=&#8221;initial&#8221; background_position=&#8221;top_left&#8221; background_repeat=&#8221;repeat&#8221; width=&#8221;100%&#8221; custom_padding=&#8221;19px|0px|17px|0px&#8221; global_colors_info=&#8221;{}&#8221;][et_pb_column type=&#8221;4_4&#8243; _builder_version=&#8221;4.16&#8243; custom_padding=&#8221;|||&#8221; global_colors_info=&#8221;{}&#8221; custom_padding__hover=&#8221;|||&#8221;][et_pb_code _builder_version=&#8221;4.27.6&#8243; global_colors_info=&#8221;{}&#8221;][\/et_pb_code][\/et_pb_column][\/et_pb_row][\/et_pb_section]<\/p>\n","protected":false},"excerpt":{"rendered":"<p>Book nowPlease select the date and time for the flamenco show you would like to book, then, select the relevant option, i.e. whether you would like to watch the show only or else whether you would also like to have dinner at the cave and or participate in the tour beforehand. Please bear in mind [&hellip;]<\/p>\n","protected":false},"author":4,"featured_media":3247,"parent":0,"menu_order":0,"comment_status":"closed","ping_status":"closed","template":"","meta":{"_et_pb_use_builder":"on","_et_pb_old_content":"<p><span style=\"font-size: 12pt;\"><strong>Para realizar su reserva seleccione primero la fecha y despu\u00e9s la hora. A continuaci\u00f3n seleccione el espect\u00e1culo con la opci\u00f3n deseada.<br \/> En horario de \u00a022:00 h. podr\u00e1 elegir el Espect\u00e1culo con Bebida o Cena adem\u00e1s de Transporte y visita incluidos.<br \/> <span style=\"font-size: 14pt;\">Si tiene alguna duda o problema al hacer su reserva, puede llamar a los tel\u00e9fonos: 659 115 187 - 958 227 129<\/span><\/strong><\/span><\/p><p>[checkfront]<\/p>","_et_gb_content_width":"","footnotes":""},"class_list":["post-2392","page","type-page","status-publish","has-post-thumbnail","hentry"],"yoast_head":"<!-- This site is optimized with the Yoast SEO plugin v27.3 - https:\/\/yoast.com\/product\/yoast-seo-wordpress\/ -->\n<title>Book now<\/title>\n<meta name=\"robots\" content=\"index, follow, max-snippet:-1, max-image-preview:large, max-video-preview:-1\" \/>\n<link rel=\"canonical\" href=\"https:\/\/cuevalarocio.es\/en\/book-now\/\" \/>\n<meta property=\"og:locale\" content=\"en_US\" \/>\n<meta property=\"og:type\" content=\"article\" \/>\n<meta property=\"og:title\" content=\"Book now\" \/>\n<meta property=\"og:description\" content=\"Book nowPlease select the date and time for the flamenco show you would like to book, then, select the relevant option, i.e. whether you would like to watch the show only or else whether you would also like to have dinner at the cave and or participate in the tour beforehand. Please bear in mind [&hellip;]\" \/>\n<meta property=\"og:url\" content=\"https:\/\/cuevalarocio.es\/en\/book-now\/\" \/>\n<meta property=\"og:site_name\" content=\"Cueva de La Roc\u00edo\" \/>\n<meta property=\"article:publisher\" content=\"https:\/\/www.facebook.com\/cuevalarocio\" \/>\n<meta property=\"article:modified_time\" content=\"2026-04-29T16:11:01+00:00\" \/>\n<meta property=\"og:image\" content=\"https:\/\/cuevalarocio.es\/wp-content\/uploads\/2017\/02\/rumba-1.jpg\" \/>\n<meta name=\"twitter:card\" content=\"summary_large_image\" \/>\n<meta name=\"twitter:site\" content=\"@cuevalarocio\" \/>\n<meta name=\"twitter:label1\" content=\"Est. reading time\" \/>\n\t<meta name=\"twitter:data1\" content=\"1 minute\" \/>\n<script type=\"application\/ld+json\" class=\"yoast-schema-graph\">{\"@context\":\"https:\\\/\\\/schema.org\",\"@graph\":[{\"@type\":\"WebPage\",\"@id\":\"https:\\\/\\\/cuevalarocio.es\\\/en\\\/book-now\\\/\",\"url\":\"https:\\\/\\\/cuevalarocio.es\\\/en\\\/book-now\\\/\",\"name\":\"Book now\",\"isPartOf\":{\"@id\":\"https:\\\/\\\/cuevalarocio.es\\\/en\\\/#website\"},\"primaryImageOfPage\":{\"@id\":\"https:\\\/\\\/cuevalarocio.es\\\/en\\\/book-now\\\/#primaryimage\"},\"image\":{\"@id\":\"https:\\\/\\\/cuevalarocio.es\\\/en\\\/book-now\\\/#primaryimage\"},\"thumbnailUrl\":\"https:\\\/\\\/cuevalarocio.es\\\/wp-content\\\/uploads\\\/2017\\\/02\\\/rumba-1.jpg\",\"datePublished\":\"2016-04-18T18:55:54+00:00\",\"dateModified\":\"2026-04-29T16:11:01+00:00\",\"breadcrumb\":{\"@id\":\"https:\\\/\\\/cuevalarocio.es\\\/en\\\/book-now\\\/#breadcrumb\"},\"inLanguage\":\"en-US\",\"potentialAction\":[{\"@type\":\"ReadAction\",\"target\":[\"https:\\\/\\\/cuevalarocio.es\\\/en\\\/book-now\\\/\"]}]},{\"@type\":\"ImageObject\",\"inLanguage\":\"en-US\",\"@id\":\"https:\\\/\\\/cuevalarocio.es\\\/en\\\/book-now\\\/#primaryimage\",\"url\":\"https:\\\/\\\/cuevalarocio.es\\\/wp-content\\\/uploads\\\/2017\\\/02\\\/rumba-1.jpg\",\"contentUrl\":\"https:\\\/\\\/cuevalarocio.es\\\/wp-content\\\/uploads\\\/2017\\\/02\\\/rumba-1.jpg\",\"width\":633,\"height\":425},{\"@type\":\"BreadcrumbList\",\"@id\":\"https:\\\/\\\/cuevalarocio.es\\\/en\\\/book-now\\\/#breadcrumb\",\"itemListElement\":[{\"@type\":\"ListItem\",\"position\":1,\"name\":\"Home\",\"item\":\"https:\\\/\\\/cuevalarocio.es\\\/en\\\/\"},{\"@type\":\"ListItem\",\"position\":2,\"name\":\"Book now\"}]},{\"@type\":\"WebSite\",\"@id\":\"https:\\\/\\\/cuevalarocio.es\\\/en\\\/#website\",\"url\":\"https:\\\/\\\/cuevalarocio.es\\\/en\\\/\",\"name\":\"Cueva de La Roc\u00edo\",\"description\":\"Flamenco tablao in Granada and restaurant with flamenco show dinner in Granada\",\"potentialAction\":[{\"@type\":\"SearchAction\",\"target\":{\"@type\":\"EntryPoint\",\"urlTemplate\":\"https:\\\/\\\/cuevalarocio.es\\\/en\\\/?s={search_term_string}\"},\"query-input\":{\"@type\":\"PropertyValueSpecification\",\"valueRequired\":true,\"valueName\":\"search_term_string\"}}],\"inLanguage\":\"en-US\"}]}<\/script>\n<!-- \/ Yoast SEO plugin. -->","yoast_head_json":{"title":"Book now","robots":{"index":"index","follow":"follow","max-snippet":"max-snippet:-1","max-image-preview":"max-image-preview:large","max-video-preview":"max-video-preview:-1"},"canonical":"https:\/\/cuevalarocio.es\/en\/book-now\/","og_locale":"en_US","og_type":"article","og_title":"Book now","og_description":"Book nowPlease select the date and time for the flamenco show you would like to book, then, select the relevant option, i.e. whether you would like to watch the show only or else whether you would also like to have dinner at the cave and or participate in the tour beforehand. Please bear in mind [&hellip;]","og_url":"https:\/\/cuevalarocio.es\/en\/book-now\/","og_site_name":"Cueva de La Roc\u00edo","article_publisher":"https:\/\/www.facebook.com\/cuevalarocio","article_modified_time":"2026-04-29T16:11:01+00:00","og_image":[{"url":"https:\/\/cuevalarocio.es\/wp-content\/uploads\/2017\/02\/rumba-1.jpg","type":"","width":"","height":""}],"twitter_card":"summary_large_image","twitter_site":"@cuevalarocio","twitter_misc":{"Est. reading time":"1 minute"},"schema":{"@context":"https:\/\/schema.org","@graph":[{"@type":"WebPage","@id":"https:\/\/cuevalarocio.es\/en\/book-now\/","url":"https:\/\/cuevalarocio.es\/en\/book-now\/","name":"Book now","isPartOf":{"@id":"https:\/\/cuevalarocio.es\/en\/#website"},"primaryImageOfPage":{"@id":"https:\/\/cuevalarocio.es\/en\/book-now\/#primaryimage"},"image":{"@id":"https:\/\/cuevalarocio.es\/en\/book-now\/#primaryimage"},"thumbnailUrl":"https:\/\/cuevalarocio.es\/wp-content\/uploads\/2017\/02\/rumba-1.jpg","datePublished":"2016-04-18T18:55:54+00:00","dateModified":"2026-04-29T16:11:01+00:00","breadcrumb":{"@id":"https:\/\/cuevalarocio.es\/en\/book-now\/#breadcrumb"},"inLanguage":"en-US","potentialAction":[{"@type":"ReadAction","target":["https:\/\/cuevalarocio.es\/en\/book-now\/"]}]},{"@type":"ImageObject","inLanguage":"en-US","@id":"https:\/\/cuevalarocio.es\/en\/book-now\/#primaryimage","url":"https:\/\/cuevalarocio.es\/wp-content\/uploads\/2017\/02\/rumba-1.jpg","contentUrl":"https:\/\/cuevalarocio.es\/wp-content\/uploads\/2017\/02\/rumba-1.jpg","width":633,"height":425},{"@type":"BreadcrumbList","@id":"https:\/\/cuevalarocio.es\/en\/book-now\/#breadcrumb","itemListElement":[{"@type":"ListItem","position":1,"name":"Home","item":"https:\/\/cuevalarocio.es\/en\/"},{"@type":"ListItem","position":2,"name":"Book now"}]},{"@type":"WebSite","@id":"https:\/\/cuevalarocio.es\/en\/#website","url":"https:\/\/cuevalarocio.es\/en\/","name":"Cueva de La Roc\u00edo","description":"Flamenco tablao in Granada and restaurant with flamenco show dinner in Granada","potentialAction":[{"@type":"SearchAction","target":{"@type":"EntryPoint","urlTemplate":"https:\/\/cuevalarocio.es\/en\/?s={search_term_string}"},"query-input":{"@type":"PropertyValueSpecification","valueRequired":true,"valueName":"search_term_string"}}],"inLanguage":"en-US"}]}},"_links":{"self":[{"href":"https:\/\/cuevalarocio.es\/en\/wp-json\/wp\/v2\/pages\/2392","targetHints":{"allow":["GET"]}}],"collection":[{"href":"https:\/\/cuevalarocio.es\/en\/wp-json\/wp\/v2\/pages"}],"about":[{"href":"https:\/\/cuevalarocio.es\/en\/wp-json\/wp\/v2\/types\/page"}],"author":[{"embeddable":true,"href":"https:\/\/cuevalarocio.es\/en\/wp-json\/wp\/v2\/users\/4"}],"replies":[{"embeddable":true,"href":"https:\/\/cuevalarocio.es\/en\/wp-json\/wp\/v2\/comments?post=2392"}],"version-history":[{"count":30,"href":"https:\/\/cuevalarocio.es\/en\/wp-json\/wp\/v2\/pages\/2392\/revisions"}],"predecessor-version":[{"id":7391,"href":"https:\/\/cuevalarocio.es\/en\/wp-json\/wp\/v2\/pages\/2392\/revisions\/7391"}],"wp:featuredmedia":[{"embeddable":true,"href":"https:\/\/cuevalarocio.es\/en\/wp-json\/wp\/v2\/media\/3247"}],"wp:attachment":[{"href":"https:\/\/cuevalarocio.es\/en\/wp-json\/wp\/v2\/media?parent=2392"}],"curies":[{"name":"wp","href":"https:\/\/api.w.org\/{rel}","templated":true}]}}