{"id":3491,"date":"2017-03-23T23:44:58","date_gmt":"2017-03-23T22:44:58","guid":{"rendered":"https:\/\/cuevalarocio.es\/entradas-espectaculo-consumicion\/"},"modified":"2021-08-31T10:05:38","modified_gmt":"2021-08-31T09:05:38","slug":"book-show-drink","status":"publish","type":"page","link":"https:\/\/cuevalarocio.es\/en\/book-show-drink\/","title":{"rendered":"Book show drink"},"content":{"rendered":"<p>[et_pb_section fb_built=&#8221;1&#8243; fullwidth=&#8221;on&#8221; custom_padding_last_edited=&#8221;on|desktop&#8221; disabled_on=&#8221;on|off|off&#8221; admin_label=&#8221;section&#8221; _builder_version=&#8221;4.2.2&#8243; background_color=&#8221;#2e2e2e&#8221; custom_padding_tablet=&#8221;50px|0|50px|0&#8243; custom_padding_phone=&#8221;&#8221; transparent_background=&#8221;off&#8221; padding_mobile=&#8221;off&#8221; make_fullwidth=&#8221;off&#8221; use_custom_width=&#8221;off&#8221; width_unit=&#8221;off&#8221; custom_width_px=&#8221;1080px&#8221; custom_width_percent=&#8221;80%&#8221; global_colors_info=&#8221;{}&#8221;][et_pb_fullwidth_image src=&#8221;https:\/\/cuevalarocio.es\/wp-content\/uploads\/2021\/08\/cabecera-1920-450.jpg&#8221; title_text=&#8221;cabecera-1920-450&#8243; admin_label=&#8221;imagen de cabecera&#8221; _builder_version=&#8221;4.10.4&#8243; animation=&#8221;off&#8221; use_border_color=&#8221;off&#8221; border_color=&#8221;#ffffff&#8221; border_width=&#8221;1px&#8221; border_style=&#8221;solid&#8221; global_colors_info=&#8221;{}&#8221;][\/et_pb_fullwidth_image][\/et_pb_section][et_pb_section fb_built=&#8221;1&#8243; admin_label=&#8221;section&#8221; _builder_version=&#8221;3.22&#8243; background_color=&#8221;#f7f7f7&#8243; transparent_background=&#8221;off&#8221; make_fullwidth=&#8221;off&#8221; use_custom_width=&#8221;off&#8221; width_unit=&#8221;on&#8221; global_colors_info=&#8221;{}&#8221;][et_pb_row column_structure=&#8221;2_3,1_3&#8243; admin_label=&#8221;row&#8221; _builder_version=&#8221;4.2.2&#8243; background_size=&#8221;initial&#8221; background_position=&#8221;top_left&#8221; background_repeat=&#8221;repeat&#8221; width=&#8221;100%&#8221; custom_padding=&#8221;33px|0px|26px|0px&#8221; make_fullwidth=&#8221;off&#8221; use_custom_width=&#8221;off&#8221; width_unit=&#8221;off&#8221; global_colors_info=&#8221;{}&#8221;][et_pb_column type=&#8221;2_3&#8243; _builder_version=&#8221;3.25&#8243; custom_padding=&#8221;|||&#8221; global_colors_info=&#8221;{}&#8221; custom_padding__hover=&#8221;|||&#8221;][et_pb_code _builder_version=&#8221;4.10.4&#8243; global_colors_info=&#8221;{}&#8221;][\/et_pb_code][\/et_pb_column][et_pb_column type=&#8221;1_3&#8243; _builder_version=&#8221;3.25&#8243; background_color=&#8221;#efefef&#8221; custom_padding=&#8221;10px|10px|15px|10px&#8221; global_colors_info=&#8221;{}&#8221; custom_padding__hover=&#8221;|||&#8221;][et_pb_code admin_label=&#8221;C\u00f3digo Adwords seguimiento llamada&#8221; global_colors_info=&#8221;{}&#8221;]<!-- Google Code for Llamadas a reserva desde la web Conversion Page<!-- [et_pb_line_break_holder] -->In your html page, add the snippet and call<!-- [et_pb_line_break_holder] -->goog_report_conversion when someone clicks on the<!-- [et_pb_line_break_holder] -->phone number link or button. &#8211;><!-- [et_pb_line_break_holder] --><script type=\"text\/javascript\"><!-- [et_pb_line_break_holder] --> \/* <![CDATA[ *\/<!-- [et_pb_line_break_holder] --> goog_snippet_vars = function() {<!-- [et_pb_line_break_holder] --> var w = window;<!-- [et_pb_line_break_holder] --> w.google_conversion_id = 977116407;<!-- [et_pb_line_break_holder] --> w.google_conversion_label = \"3Kj5CPWT1W4Q97n20QM\";<!-- [et_pb_line_break_holder] --> w.google_remarketing_only = false;<!-- [et_pb_line_break_holder] --> }<!-- [et_pb_line_break_holder] --> \/\/ DO NOT CHANGE THE CODE BELOW.<!-- [et_pb_line_break_holder] --> goog_report_conversion = function(url) {<!-- [et_pb_line_break_holder] --> goog_snippet_vars();<!-- [et_pb_line_break_holder] --> window.google_conversion_format = \"3\";<!-- [et_pb_line_break_holder] --> var opt = new Object();<!-- [et_pb_line_break_holder] --> opt.onload_callback = function() {<!-- [et_pb_line_break_holder] --> if (typeof(url) != 'undefined') {<!-- [et_pb_line_break_holder] --> window.location = url;<!-- [et_pb_line_break_holder] --> }<!-- [et_pb_line_break_holder] --> }<!-- [et_pb_line_break_holder] --> var conv_handler = window['google_trackConversion'];<!-- [et_pb_line_break_holder] --> if (typeof(conv_handler) == 'function') {<!-- [et_pb_line_break_holder] --> conv_handler(opt);<!-- [et_pb_line_break_holder] --> }<!-- [et_pb_line_break_holder] -->}<!-- [et_pb_line_break_holder] -->\/* ]]> *\/<!-- [et_pb_line_break_holder] --><\/script><!-- [et_pb_line_break_holder] --><script type=\"text\/javascript\"<!-- [et_pb_line_break_holder] --> src=\"\/\/www.googleadservices.com\/pagead\/conversion_async.js\"><!-- [et_pb_line_break_holder] --><\/script><!-- [et_pb_line_break_holder] -->[\/et_pb_code][et_pb_text _builder_version=&#8221;4.10.4&#8243; text_letter_spacing=&#8221;0&#8243; text_line_height=&#8221;1.7&#8243; header_font_size=&#8221;30&#8243; header_letter_spacing=&#8221;0&#8243; header_line_height=&#8221;1&#8243; background_size=&#8221;initial&#8221; background_position=&#8221;top_left&#8221; background_repeat=&#8221;repeat&#8221; background_layout=&#8221;dark&#8221; module_alignment=&#8221;left&#8221; use_border_color=&#8221;off&#8221; border_color=&#8221;#ffffff&#8221; border_width=&#8221;1&#8243; border_style=&#8221;solid&#8221; global_colors_info=&#8221;{}&#8221;]<\/p>\n<p style=\"text-align: center;\"><span style=\"font-size: 12pt; color: #003300;\"><span style=\"font-size: xx-large;\">Book now<\/span><br \/><\/span><\/p>\n<p style=\"text-align: center;\"><span style=\"font-size: 12pt; color: #333333;\"><span style=\"font-size: medium;\">Please\u00a0<strong>select the date and time for the flamenco show <\/strong>you would like to book.\u00a0<\/span><\/span><\/p>\n<p style=\"text-align: center;\"><span style=\"color: #333333;\"> If you have any questions or problems when making your reservation, please do not hesitate calling us in following numbers:<\/span><\/p>\n<p style=\"text-align: center;\"><button>+34 659 115 187<\/button><\/p>\n<p style=\"text-align: center;\"><button>+34 958 227 129<\/button><\/p>\n<p>[\/et_pb_text][\/et_pb_column][\/et_pb_row][\/et_pb_section]<\/p>\n","protected":false},"excerpt":{"rendered":"<p>Book now Please\u00a0select the date and time for the flamenco show you would like to book.\u00a0 If you have any questions or problems when making your reservation, please do not hesitate calling us in following numbers: +34 659 115 187 +34 958 227 129<\/p>\n","protected":false},"author":4,"featured_media":0,"parent":0,"menu_order":0,"comment_status":"closed","ping_status":"closed","template":"","meta":{"_et_pb_use_builder":"on","_et_pb_old_content":"","_et_gb_content_width":"","footnotes":""},"class_list":["post-3491","page","type-page","status-publish","hentry"],"yoast_head":"<!-- This site is optimized with the Yoast SEO plugin v27.3 - https:\/\/yoast.com\/product\/yoast-seo-wordpress\/ -->\n<title>Entradas para Espect\u00e1culo con consumici\u00f3n en la Cueva de la Roc\u00edo<\/title>\n<meta name=\"description\" content=\"Reserva ahora entradas para el espect\u00e1culo flamenco de la Cueva de la Roc\u00edo, en el Sacromonte Granada con consumici\u00f3n incluida.\" \/>\n<meta name=\"robots\" content=\"index, follow, max-snippet:-1, max-image-preview:large, max-video-preview:-1\" \/>\n<link rel=\"canonical\" href=\"https:\/\/cuevalarocio.es\/en\/book-show-drink\/\" \/>\n<meta property=\"og:locale\" content=\"en_US\" \/>\n<meta property=\"og:type\" content=\"article\" \/>\n<meta property=\"og:title\" content=\"Entradas para Espect\u00e1culo con consumici\u00f3n en la Cueva de la Roc\u00edo\" \/>\n<meta property=\"og:description\" content=\"Reserva ahora entradas para el espect\u00e1culo flamenco de la Cueva de la Roc\u00edo, en el Sacromonte Granada con consumici\u00f3n incluida.\" \/>\n<meta property=\"og:url\" content=\"https:\/\/cuevalarocio.es\/en\/book-show-drink\/\" \/>\n<meta property=\"og:site_name\" content=\"Cueva de La Roc\u00edo\" \/>\n<meta property=\"article:publisher\" content=\"https:\/\/www.facebook.com\/cuevalarocio\" \/>\n<meta property=\"article:modified_time\" content=\"2021-08-31T09:05:38+00:00\" \/>\n<meta property=\"og:image\" content=\"https:\/\/cuevalarocio.es\/wp-content\/uploads\/2013\/09\/flamenco_1080x450.jpg\" \/>\n<meta name=\"twitter:card\" content=\"summary_large_image\" \/>\n<meta name=\"twitter:site\" content=\"@cuevalarocio\" \/>\n<meta name=\"twitter:label1\" content=\"Est. reading time\" \/>\n\t<meta name=\"twitter:data1\" content=\"2 minutes\" \/>\n<script type=\"application\/ld+json\" class=\"yoast-schema-graph\">{\"@context\":\"https:\\\/\\\/schema.org\",\"@graph\":[{\"@type\":\"WebPage\",\"@id\":\"https:\\\/\\\/cuevalarocio.es\\\/en\\\/book-show-drink\\\/\",\"url\":\"https:\\\/\\\/cuevalarocio.es\\\/en\\\/book-show-drink\\\/\",\"name\":\"Entradas para Espect\u00e1culo con consumici\u00f3n en la Cueva de la Roc\u00edo\",\"isPartOf\":{\"@id\":\"https:\\\/\\\/cuevalarocio.es\\\/en\\\/#website\"},\"datePublished\":\"2017-03-23T22:44:58+00:00\",\"dateModified\":\"2021-08-31T09:05:38+00:00\",\"description\":\"Reserva ahora entradas para el espect\u00e1culo flamenco de la Cueva de la Roc\u00edo, en el Sacromonte Granada con consumici\u00f3n incluida.\",\"breadcrumb\":{\"@id\":\"https:\\\/\\\/cuevalarocio.es\\\/en\\\/book-show-drink\\\/#breadcrumb\"},\"inLanguage\":\"en-US\",\"potentialAction\":[{\"@type\":\"ReadAction\",\"target\":[\"https:\\\/\\\/cuevalarocio.es\\\/en\\\/book-show-drink\\\/\"]}]},{\"@type\":\"BreadcrumbList\",\"@id\":\"https:\\\/\\\/cuevalarocio.es\\\/en\\\/book-show-drink\\\/#breadcrumb\",\"itemListElement\":[{\"@type\":\"ListItem\",\"position\":1,\"name\":\"Home\",\"item\":\"https:\\\/\\\/cuevalarocio.es\\\/en\\\/\"},{\"@type\":\"ListItem\",\"position\":2,\"name\":\"Book show drink\"}]},{\"@type\":\"WebSite\",\"@id\":\"https:\\\/\\\/cuevalarocio.es\\\/en\\\/#website\",\"url\":\"https:\\\/\\\/cuevalarocio.es\\\/en\\\/\",\"name\":\"Cueva de La Roc\u00edo\",\"description\":\"Flamenco tablao in Granada and restaurant with flamenco show dinner in Granada\",\"potentialAction\":[{\"@type\":\"SearchAction\",\"target\":{\"@type\":\"EntryPoint\",\"urlTemplate\":\"https:\\\/\\\/cuevalarocio.es\\\/en\\\/?s={search_term_string}\"},\"query-input\":{\"@type\":\"PropertyValueSpecification\",\"valueRequired\":true,\"valueName\":\"search_term_string\"}}],\"inLanguage\":\"en-US\"}]}<\/script>\n<!-- \/ Yoast SEO plugin. -->","yoast_head_json":{"title":"Entradas para Espect\u00e1culo con consumici\u00f3n en la Cueva de la Roc\u00edo","description":"Reserva ahora entradas para el espect\u00e1culo flamenco de la Cueva de la Roc\u00edo, en el Sacromonte Granada con consumici\u00f3n incluida.","robots":{"index":"index","follow":"follow","max-snippet":"max-snippet:-1","max-image-preview":"max-image-preview:large","max-video-preview":"max-video-preview:-1"},"canonical":"https:\/\/cuevalarocio.es\/en\/book-show-drink\/","og_locale":"en_US","og_type":"article","og_title":"Entradas para Espect\u00e1culo con consumici\u00f3n en la Cueva de la Roc\u00edo","og_description":"Reserva ahora entradas para el espect\u00e1culo flamenco de la Cueva de la Roc\u00edo, en el Sacromonte Granada con consumici\u00f3n incluida.","og_url":"https:\/\/cuevalarocio.es\/en\/book-show-drink\/","og_site_name":"Cueva de La Roc\u00edo","article_publisher":"https:\/\/www.facebook.com\/cuevalarocio","article_modified_time":"2021-08-31T09:05:38+00:00","og_image":[{"url":"https:\/\/cuevalarocio.es\/wp-content\/uploads\/2013\/09\/flamenco_1080x450.jpg","type":"","width":"","height":""}],"twitter_card":"summary_large_image","twitter_site":"@cuevalarocio","twitter_misc":{"Est. reading time":"2 minutes"},"schema":{"@context":"https:\/\/schema.org","@graph":[{"@type":"WebPage","@id":"https:\/\/cuevalarocio.es\/en\/book-show-drink\/","url":"https:\/\/cuevalarocio.es\/en\/book-show-drink\/","name":"Entradas para Espect\u00e1culo con consumici\u00f3n en la Cueva de la Roc\u00edo","isPartOf":{"@id":"https:\/\/cuevalarocio.es\/en\/#website"},"datePublished":"2017-03-23T22:44:58+00:00","dateModified":"2021-08-31T09:05:38+00:00","description":"Reserva ahora entradas para el espect\u00e1culo flamenco de la Cueva de la Roc\u00edo, en el Sacromonte Granada con consumici\u00f3n incluida.","breadcrumb":{"@id":"https:\/\/cuevalarocio.es\/en\/book-show-drink\/#breadcrumb"},"inLanguage":"en-US","potentialAction":[{"@type":"ReadAction","target":["https:\/\/cuevalarocio.es\/en\/book-show-drink\/"]}]},{"@type":"BreadcrumbList","@id":"https:\/\/cuevalarocio.es\/en\/book-show-drink\/#breadcrumb","itemListElement":[{"@type":"ListItem","position":1,"name":"Home","item":"https:\/\/cuevalarocio.es\/en\/"},{"@type":"ListItem","position":2,"name":"Book show drink"}]},{"@type":"WebSite","@id":"https:\/\/cuevalarocio.es\/en\/#website","url":"https:\/\/cuevalarocio.es\/en\/","name":"Cueva de La Roc\u00edo","description":"Flamenco tablao in Granada and restaurant with flamenco show dinner in Granada","potentialAction":[{"@type":"SearchAction","target":{"@type":"EntryPoint","urlTemplate":"https:\/\/cuevalarocio.es\/en\/?s={search_term_string}"},"query-input":{"@type":"PropertyValueSpecification","valueRequired":true,"valueName":"search_term_string"}}],"inLanguage":"en-US"}]}},"_links":{"self":[{"href":"https:\/\/cuevalarocio.es\/en\/wp-json\/wp\/v2\/pages\/3491","targetHints":{"allow":["GET"]}}],"collection":[{"href":"https:\/\/cuevalarocio.es\/en\/wp-json\/wp\/v2\/pages"}],"about":[{"href":"https:\/\/cuevalarocio.es\/en\/wp-json\/wp\/v2\/types\/page"}],"author":[{"embeddable":true,"href":"https:\/\/cuevalarocio.es\/en\/wp-json\/wp\/v2\/users\/4"}],"replies":[{"embeddable":true,"href":"https:\/\/cuevalarocio.es\/en\/wp-json\/wp\/v2\/comments?post=3491"}],"version-history":[{"count":15,"href":"https:\/\/cuevalarocio.es\/en\/wp-json\/wp\/v2\/pages\/3491\/revisions"}],"predecessor-version":[{"id":5649,"href":"https:\/\/cuevalarocio.es\/en\/wp-json\/wp\/v2\/pages\/3491\/revisions\/5649"}],"wp:attachment":[{"href":"https:\/\/cuevalarocio.es\/en\/wp-json\/wp\/v2\/media?parent=3491"}],"curies":[{"name":"wp","href":"https:\/\/api.w.org\/{rel}","templated":true}]}}