{"id":3979,"date":"2014-10-01T11:23:26","date_gmt":"2014-10-01T10:23:26","guid":{"rendered":"https:\/\/cuevalarocio.es\/tablao-flamenco-en-granada\/"},"modified":"2017-09-13T19:12:04","modified_gmt":"2017-09-13T18:12:04","slug":"flamenco-tablao-in-granada","status":"publish","type":"page","link":"https:\/\/cuevalarocio.es\/en\/flamenco-tablao-in-granada\/","title":{"rendered":"Flamenco Tablao in Granada"},"content":{"rendered":"<p style=\"text-align: justify;\"><img loading=\"lazy\" decoding=\"async\" class=\"alignleft wp-image-2055 size-medium\" title=\"Flamenco tablao en Granada gypsy wedding\" src=\"https:\/\/cuevalarocio.es\/wp-content\/uploads\/2014\/10\/tablao-flamenco-en-granada-300x187.jpg\" alt=\"tablao-flamenco-en-granada\" width=\"300\" height=\"187\" srcset=\"https:\/\/cuevalarocio.es\/wp-content\/uploads\/2014\/10\/tablao-flamenco-en-granada-300x187.jpg 300w, https:\/\/cuevalarocio.es\/wp-content\/uploads\/2014\/10\/tablao-flamenco-en-granada-150x93.jpg 150w, https:\/\/cuevalarocio.es\/wp-content\/uploads\/2014\/10\/tablao-flamenco-en-granada.jpg 400w\" sizes=\"(max-width: 300px) 100vw, 300px\" \/>Enjoy in the <strong>Flamenco\u00a0Tablao in Granada<\/strong> Cueva La Rocio<\/p>\n<p>If you live or visit Granada and want to enjoy an authentic flamenco tablao in Granada, you can\u00b4t miss La Cueva la Roc\u00edo.<\/p>\n<p>Enjoy our authentic <a href=\"https:\/\/cuevalarocio.es\/en\/flamenco-show\/\">Flamenco Show<\/a> in Granada at Cueva la Roc\u00edo, located in the emblematic Sacromonte, under the management of the Maya Family, one of the main dynasties in the Flamenco world. Our shows are special due not only to our friendly and familiar atmosphere but also to our prefessional work.<\/p>\n<p>During the show, excellent artists dance and sign in the centro of the cave while we have the opportunity to sit down around them and take an active part on the festival.<\/p>\n<hr \/>\n<p style=\"text-align: center;\"><span style=\"font-size: 12pt;\"><strong>Book your tickets now for the Flamenco Show in Cueva la Roc\u00edo!<\/strong><\/span><\/p>\n<p style=\"text-align: justify;\"><span style=\"font-size: 12pt;\"><a href=\"https:\/\/cuevalarocio.es\/en\/book-now\/\"><strong><img loading=\"lazy\" decoding=\"async\" class=\"aligncenter wp-image-2181 size-full\" title=\"Book your tickets now for the Flamenco Show in Cueva la Roc\u00edo\" src=\"https:\/\/cuevalarocio.es\/wp-content\/uploads\/2015\/10\/reservation.jpg\" alt=\"\" width=\"740\" height=\"81\" srcset=\"https:\/\/cuevalarocio.es\/wp-content\/uploads\/2015\/10\/reservation.jpg 740w, https:\/\/cuevalarocio.es\/wp-content\/uploads\/2015\/10\/reservation-150x16.jpg 150w, https:\/\/cuevalarocio.es\/wp-content\/uploads\/2015\/10\/reservation-300x33.jpg 300w\" sizes=\"(max-width: 740px) 100vw, 740px\" \/><\/strong><\/a><\/span><\/p>\n<hr \/>\n<p>&nbsp;<\/p>\n<p><span style=\"font-size: 12pt;\"><strong>Flamenco show in FlamencoTablao in Granada Cueva la Roc\u00edo<\/strong><\/span><\/p>\n<p><strong style=\"font-size: 16px;\"><img loading=\"lazy\" decoding=\"async\" class=\"alignright wp-image-2057 size-full\" title=\"Tablao flamenco en Granada Cueva de la Roc\u00edo\" src=\"https:\/\/cuevalarocio.es\/wp-content\/uploads\/2014\/10\/tablao-flamenco-en-granada-sacromonte.jpg\" alt=\"tablao-flamenco-en-granada-sacromonte\" width=\"400\" height=\"250\" srcset=\"https:\/\/cuevalarocio.es\/wp-content\/uploads\/2014\/10\/tablao-flamenco-en-granada-sacromonte.jpg 400w, https:\/\/cuevalarocio.es\/wp-content\/uploads\/2014\/10\/tablao-flamenco-en-granada-sacromonte-150x93.jpg 150w, https:\/\/cuevalarocio.es\/wp-content\/uploads\/2014\/10\/tablao-flamenco-en-granada-sacromonte-300x187.jpg 300w\" sizes=\"(max-width: 400px) 100vw, 400px\" \/><\/strong>The <a href=\"https:\/\/cuevalarocio.es\/en\/flamenco-show\/\">Flamenco Show<\/a> in Granada is produced by the prestigious dancer and choreographer, Juan Andr\u00e9s Maya, and it brings together a number of well-known artists in the Flamenco world.<\/p>\n<p>The show involves two parts, the first half delivers the representation of a \u2018gypsy wedding\u2019. The second act shows a more aesthetic and modern Flamenco, with stronger strokes, and ending with our \u201crumba\u201d when all our customers are invited to join in.<\/p>\n<p>The duration of the show is about 1 hours during which we will be able to experience this tribute to these typical dances originated in the Sacromonte.<\/p>\n<h2 style=\"text-align: justify;\"><span style=\"font-size: 14pt;\"><strong>Flamenco in Granada<\/strong><\/span><\/h2>\n<p style=\"text-align: justify;\"><strong style=\"font-size: 16px;\"><img loading=\"lazy\" decoding=\"async\" class=\"alignright wp-image-2061 size-full\" title=\"Flamenco in Granada Sacromonte Caves Granada\" src=\"https:\/\/cuevalarocio.es\/wp-content\/uploads\/2014\/10\/flamenco-en-granada.-Cueva-la-Rocio.jpg\" alt=\"flamenco-en-granada.-Cueva-la-Rocio\" width=\"400\" height=\"250\" srcset=\"https:\/\/cuevalarocio.es\/wp-content\/uploads\/2014\/10\/flamenco-en-granada.-Cueva-la-Rocio.jpg 400w, https:\/\/cuevalarocio.es\/wp-content\/uploads\/2014\/10\/flamenco-en-granada.-Cueva-la-Rocio-150x93.jpg 150w, https:\/\/cuevalarocio.es\/wp-content\/uploads\/2014\/10\/flamenco-en-granada.-Cueva-la-Rocio-300x187.jpg 300w\" sizes=\"(max-width: 400px) 100vw, 400px\" \/><\/strong>Enjoy our authentic Flamenco Tablao in Granada at Cueva la Roc\u00edo. During all these years, the Maya family has managed to retain the Zambra and its authenticity, in the same way it used to be back in the old days.<\/p>\n<p style=\"text-align: justify;\">La Zambra was a flamenco festival, which occurred in the <a href=\"https:\/\/cuevalarocio.es\/en\/sacromonte-caves-granada\/\">Sacromonte caves Granada<\/a>, where gypsies lived and where day to day routines took place. These flamenco show would come about spontaneously in the shared lounges of the cave. Suddenly, the family would come together with their flamenco music and dance attracting the attention of any passerby.<\/p>\n<p>Sacromonte is the birthplace for \u201cjondura\u201d and \u201cduende\u201d. The \u201cZambra\u201d was also originated in the Sacromonte back in the 16th Century. It is a flamenco festival, which revives the moorish nuptial rituals of the city, which has been preserved by the Maya family retaining its authenticity over the years.<\/p>\n<p><img loading=\"lazy\" decoding=\"async\" class=\"alignleft wp-image-1835 size-full\" style=\"text-align: justify;\" title=\" the artists performing in Flamenco Tablao in Granada\" src=\"https:\/\/cuevalarocio.es\/wp-content\/uploads\/2013\/09\/espetaculos.jpg\" alt=\"flamenco in Granada the artists performing\" width=\"280\" height=\"110\" srcset=\"https:\/\/cuevalarocio.es\/wp-content\/uploads\/2013\/09\/espetaculos.jpg 280w, https:\/\/cuevalarocio.es\/wp-content\/uploads\/2013\/09\/espetaculos-150x58.jpg 150w\" sizes=\"(max-width: 280px) 100vw, 280px\" \/>It is possible to have dinner at our restaurant without visiting the show, however, if you are interested in both, we can offer a discounted package including a dinner menu, which will be served 90 minutes ahead of the Zambra show time. For groups, we are also able to provide both dinner and Zambra at the same time.<\/p>\n<p><span style=\"font-size: 12pt;\"><strong>Different options to enjoy in the flamenco\u00a0tablao in Granada Cueva la Roc\u00edo<\/strong><\/span><\/p>\n<p><a href=\"https:\/\/cuevalarocio.es\/en\/book-show-drink\/\">Flamenco Show in Cueva la Rocio with drink included<\/a><\/p>\n<p><a href=\"https:\/\/cuevalarocio.es\/en\/book-show-dinner\/\">Flamenco show in Cueva la Rocio with dinner included<\/a><br \/>\nDinner consists of typical dishes from Granada. You will be able to enjoy your dinner in the <a href=\"https:\/\/cuevalarocio.es\/en\/flamenco-restaurant\/\">flamenco restaurant<\/a> cave or in the terrace during Spring and Summer seasons.<\/p>\n<p>You can include <a href=\"https:\/\/cuevalarocio.es\/en\/book-now\/\">pick up and also a visit to the Albaicin<\/a>. This historic arabic quarter is well known for retaining its narrow winding streets and wide squares of its Medievan Moorish past. You can capture wonderful panoramic views of the Alhambra and Sierra Nevada in every step of the way.<\/p>\n<p>If you have any questions or problems when making your reservation, please do not hesitate calling us in following numbers: <strong>+34 958 22 71 29 \/ 659 11 51 87<\/strong><\/p>\n","protected":false},"excerpt":{"rendered":"<p>Enjoy in the Flamenco\u00a0Tablao in Granada Cueva La Rocio If you live or visit Granada and want to enjoy an authentic flamenco tablao in Granada, you can\u00b4t miss La Cueva la Roc\u00edo. Enjoy our authentic Flamenco Show in Granada at Cueva la Roc\u00edo, located in the emblematic Sacromonte, under the management of the Maya Family, [&hellip;]<\/p>\n","protected":false},"author":4,"featured_media":2005,"parent":0,"menu_order":0,"comment_status":"closed","ping_status":"closed","template":"","meta":{"_et_pb_use_builder":"","_et_pb_old_content":"","_et_gb_content_width":"","footnotes":""},"class_list":["post-3979","page","type-page","status-publish","has-post-thumbnail","hentry"],"yoast_head":"<!-- This site is optimized with the Yoast SEO plugin v27.3 - https:\/\/yoast.com\/product\/yoast-seo-wordpress\/ -->\n<title>Tablao Flamenco en Granada Cueva la Roc\u00edo en el barrio Sacromonte<\/title>\n<meta name=\"description\" content=\"El tablao flamenco en Granada, Cueva la Roc\u00edo se encuentra situado en una de las cuevas m\u00e1s prestigiosas del Barrio gitano del Sacromonte, en pleno Albaic\u00edn\" \/>\n<meta name=\"robots\" content=\"index, follow, max-snippet:-1, max-image-preview:large, max-video-preview:-1\" \/>\n<link rel=\"canonical\" href=\"https:\/\/cuevalarocio.es\/en\/flamenco-tablao-in-granada\/\" \/>\n<meta property=\"og:locale\" content=\"en_US\" \/>\n<meta property=\"og:type\" content=\"article\" \/>\n<meta property=\"og:title\" content=\"Tablao Flamenco en Granada Cueva la Roc\u00edo en el barrio Sacromonte\" \/>\n<meta property=\"og:description\" content=\"El tablao flamenco en Granada, Cueva la Roc\u00edo se encuentra situado en una de las cuevas m\u00e1s prestigiosas del Barrio gitano del Sacromonte, en pleno Albaic\u00edn\" \/>\n<meta property=\"og:url\" content=\"https:\/\/cuevalarocio.es\/en\/flamenco-tablao-in-granada\/\" \/>\n<meta property=\"og:site_name\" content=\"Cueva de La Roc\u00edo\" \/>\n<meta property=\"article:publisher\" content=\"https:\/\/www.facebook.com\/cuevalarocio\" \/>\n<meta property=\"article:modified_time\" content=\"2017-09-13T18:12:04+00:00\" \/>\n<meta property=\"og:image\" content=\"https:\/\/cuevalarocio.es\/wp-content\/uploads\/2013\/11\/cabec-espectaculo.jpg\" \/>\n\t<meta property=\"og:image:width\" content=\"900\" \/>\n\t<meta property=\"og:image:height\" content=\"100\" \/>\n\t<meta property=\"og:image:type\" content=\"image\/jpeg\" \/>\n<meta name=\"twitter:card\" content=\"summary_large_image\" \/>\n<meta name=\"twitter:site\" content=\"@cuevalarocio\" \/>\n<meta name=\"twitter:label1\" content=\"Est. reading time\" \/>\n\t<meta name=\"twitter:data1\" content=\"3 minutes\" \/>\n<script type=\"application\/ld+json\" class=\"yoast-schema-graph\">{\"@context\":\"https:\\\/\\\/schema.org\",\"@graph\":[{\"@type\":\"WebPage\",\"@id\":\"https:\\\/\\\/cuevalarocio.es\\\/en\\\/flamenco-tablao-in-granada\\\/\",\"url\":\"https:\\\/\\\/cuevalarocio.es\\\/en\\\/flamenco-tablao-in-granada\\\/\",\"name\":\"Tablao Flamenco en Granada Cueva la Roc\u00edo en el barrio Sacromonte\",\"isPartOf\":{\"@id\":\"https:\\\/\\\/cuevalarocio.es\\\/en\\\/#website\"},\"primaryImageOfPage\":{\"@id\":\"https:\\\/\\\/cuevalarocio.es\\\/en\\\/flamenco-tablao-in-granada\\\/#primaryimage\"},\"image\":{\"@id\":\"https:\\\/\\\/cuevalarocio.es\\\/en\\\/flamenco-tablao-in-granada\\\/#primaryimage\"},\"thumbnailUrl\":\"https:\\\/\\\/cuevalarocio.es\\\/wp-content\\\/uploads\\\/2013\\\/11\\\/cabec-espectaculo.jpg\",\"datePublished\":\"2014-10-01T10:23:26+00:00\",\"dateModified\":\"2017-09-13T18:12:04+00:00\",\"description\":\"El tablao flamenco en Granada, Cueva la Roc\u00edo se encuentra situado en una de las cuevas m\u00e1s prestigiosas del Barrio gitano del Sacromonte, en pleno Albaic\u00edn\",\"breadcrumb\":{\"@id\":\"https:\\\/\\\/cuevalarocio.es\\\/en\\\/flamenco-tablao-in-granada\\\/#breadcrumb\"},\"inLanguage\":\"en-US\",\"potentialAction\":[{\"@type\":\"ReadAction\",\"target\":[\"https:\\\/\\\/cuevalarocio.es\\\/en\\\/flamenco-tablao-in-granada\\\/\"]}]},{\"@type\":\"ImageObject\",\"inLanguage\":\"en-US\",\"@id\":\"https:\\\/\\\/cuevalarocio.es\\\/en\\\/flamenco-tablao-in-granada\\\/#primaryimage\",\"url\":\"https:\\\/\\\/cuevalarocio.es\\\/wp-content\\\/uploads\\\/2013\\\/11\\\/cabec-espectaculo.jpg\",\"contentUrl\":\"https:\\\/\\\/cuevalarocio.es\\\/wp-content\\\/uploads\\\/2013\\\/11\\\/cabec-espectaculo.jpg\",\"width\":900,\"height\":100},{\"@type\":\"BreadcrumbList\",\"@id\":\"https:\\\/\\\/cuevalarocio.es\\\/en\\\/flamenco-tablao-in-granada\\\/#breadcrumb\",\"itemListElement\":[{\"@type\":\"ListItem\",\"position\":1,\"name\":\"Home\",\"item\":\"https:\\\/\\\/cuevalarocio.es\\\/en\\\/\"},{\"@type\":\"ListItem\",\"position\":2,\"name\":\"Flamenco Tablao in Granada\"}]},{\"@type\":\"WebSite\",\"@id\":\"https:\\\/\\\/cuevalarocio.es\\\/en\\\/#website\",\"url\":\"https:\\\/\\\/cuevalarocio.es\\\/en\\\/\",\"name\":\"Cueva de La Roc\u00edo\",\"description\":\"Flamenco tablao in Granada and restaurant with flamenco show dinner in Granada\",\"potentialAction\":[{\"@type\":\"SearchAction\",\"target\":{\"@type\":\"EntryPoint\",\"urlTemplate\":\"https:\\\/\\\/cuevalarocio.es\\\/en\\\/?s={search_term_string}\"},\"query-input\":{\"@type\":\"PropertyValueSpecification\",\"valueRequired\":true,\"valueName\":\"search_term_string\"}}],\"inLanguage\":\"en-US\"}]}<\/script>\n<!-- \/ Yoast SEO plugin. -->","yoast_head_json":{"title":"Tablao Flamenco en Granada Cueva la Roc\u00edo en el barrio Sacromonte","description":"El tablao flamenco en Granada, Cueva la Roc\u00edo se encuentra situado en una de las cuevas m\u00e1s prestigiosas del Barrio gitano del Sacromonte, en pleno Albaic\u00edn","robots":{"index":"index","follow":"follow","max-snippet":"max-snippet:-1","max-image-preview":"max-image-preview:large","max-video-preview":"max-video-preview:-1"},"canonical":"https:\/\/cuevalarocio.es\/en\/flamenco-tablao-in-granada\/","og_locale":"en_US","og_type":"article","og_title":"Tablao Flamenco en Granada Cueva la Roc\u00edo en el barrio Sacromonte","og_description":"El tablao flamenco en Granada, Cueva la Roc\u00edo se encuentra situado en una de las cuevas m\u00e1s prestigiosas del Barrio gitano del Sacromonte, en pleno Albaic\u00edn","og_url":"https:\/\/cuevalarocio.es\/en\/flamenco-tablao-in-granada\/","og_site_name":"Cueva de La Roc\u00edo","article_publisher":"https:\/\/www.facebook.com\/cuevalarocio","article_modified_time":"2017-09-13T18:12:04+00:00","og_image":[{"width":900,"height":100,"url":"https:\/\/cuevalarocio.es\/wp-content\/uploads\/2013\/11\/cabec-espectaculo.jpg","type":"image\/jpeg"}],"twitter_card":"summary_large_image","twitter_site":"@cuevalarocio","twitter_misc":{"Est. reading time":"3 minutes"},"schema":{"@context":"https:\/\/schema.org","@graph":[{"@type":"WebPage","@id":"https:\/\/cuevalarocio.es\/en\/flamenco-tablao-in-granada\/","url":"https:\/\/cuevalarocio.es\/en\/flamenco-tablao-in-granada\/","name":"Tablao Flamenco en Granada Cueva la Roc\u00edo en el barrio Sacromonte","isPartOf":{"@id":"https:\/\/cuevalarocio.es\/en\/#website"},"primaryImageOfPage":{"@id":"https:\/\/cuevalarocio.es\/en\/flamenco-tablao-in-granada\/#primaryimage"},"image":{"@id":"https:\/\/cuevalarocio.es\/en\/flamenco-tablao-in-granada\/#primaryimage"},"thumbnailUrl":"https:\/\/cuevalarocio.es\/wp-content\/uploads\/2013\/11\/cabec-espectaculo.jpg","datePublished":"2014-10-01T10:23:26+00:00","dateModified":"2017-09-13T18:12:04+00:00","description":"El tablao flamenco en Granada, Cueva la Roc\u00edo se encuentra situado en una de las cuevas m\u00e1s prestigiosas del Barrio gitano del Sacromonte, en pleno Albaic\u00edn","breadcrumb":{"@id":"https:\/\/cuevalarocio.es\/en\/flamenco-tablao-in-granada\/#breadcrumb"},"inLanguage":"en-US","potentialAction":[{"@type":"ReadAction","target":["https:\/\/cuevalarocio.es\/en\/flamenco-tablao-in-granada\/"]}]},{"@type":"ImageObject","inLanguage":"en-US","@id":"https:\/\/cuevalarocio.es\/en\/flamenco-tablao-in-granada\/#primaryimage","url":"https:\/\/cuevalarocio.es\/wp-content\/uploads\/2013\/11\/cabec-espectaculo.jpg","contentUrl":"https:\/\/cuevalarocio.es\/wp-content\/uploads\/2013\/11\/cabec-espectaculo.jpg","width":900,"height":100},{"@type":"BreadcrumbList","@id":"https:\/\/cuevalarocio.es\/en\/flamenco-tablao-in-granada\/#breadcrumb","itemListElement":[{"@type":"ListItem","position":1,"name":"Home","item":"https:\/\/cuevalarocio.es\/en\/"},{"@type":"ListItem","position":2,"name":"Flamenco Tablao in Granada"}]},{"@type":"WebSite","@id":"https:\/\/cuevalarocio.es\/en\/#website","url":"https:\/\/cuevalarocio.es\/en\/","name":"Cueva de La Roc\u00edo","description":"Flamenco tablao in Granada and restaurant with flamenco show dinner in Granada","potentialAction":[{"@type":"SearchAction","target":{"@type":"EntryPoint","urlTemplate":"https:\/\/cuevalarocio.es\/en\/?s={search_term_string}"},"query-input":{"@type":"PropertyValueSpecification","valueRequired":true,"valueName":"search_term_string"}}],"inLanguage":"en-US"}]}},"_links":{"self":[{"href":"https:\/\/cuevalarocio.es\/en\/wp-json\/wp\/v2\/pages\/3979","targetHints":{"allow":["GET"]}}],"collection":[{"href":"https:\/\/cuevalarocio.es\/en\/wp-json\/wp\/v2\/pages"}],"about":[{"href":"https:\/\/cuevalarocio.es\/en\/wp-json\/wp\/v2\/types\/page"}],"author":[{"embeddable":true,"href":"https:\/\/cuevalarocio.es\/en\/wp-json\/wp\/v2\/users\/4"}],"replies":[{"embeddable":true,"href":"https:\/\/cuevalarocio.es\/en\/wp-json\/wp\/v2\/comments?post=3979"}],"version-history":[{"count":6,"href":"https:\/\/cuevalarocio.es\/en\/wp-json\/wp\/v2\/pages\/3979\/revisions"}],"predecessor-version":[{"id":3985,"href":"https:\/\/cuevalarocio.es\/en\/wp-json\/wp\/v2\/pages\/3979\/revisions\/3985"}],"wp:featuredmedia":[{"embeddable":true,"href":"https:\/\/cuevalarocio.es\/en\/wp-json\/wp\/v2\/media\/2005"}],"wp:attachment":[{"href":"https:\/\/cuevalarocio.es\/en\/wp-json\/wp\/v2\/media?parent=3979"}],"curies":[{"name":"wp","href":"https:\/\/api.w.org\/{rel}","templated":true}]}}