{"id":1796,"date":"2010-01-27T07:44:02","date_gmt":"2010-01-27T07:44:02","guid":{"rendered":"https:\/\/cuevalarocio.es\/contacto\/?lang=fr"},"modified":"2022-07-29T11:12:21","modified_gmt":"2022-07-29T10:12:21","slug":"contact","status":"publish","type":"page","link":"https:\/\/cuevalarocio.es\/fr\/contact\/","title":{"rendered":"Contact"},"content":{"rendered":"<p>[et_pb_section fb_built=\u00a0\u00bb1&Prime; _builder_version=\u00a0\u00bb4.16&Prime; global_colors_info=\u00a0\u00bb{}\u00a0\u00bb][et_pb_row column_structure=\u00a0\u00bb2_3,1_3&Prime; _builder_version=\u00a0\u00bb4.16&Prime; background_size=\u00a0\u00bbinitial\u00a0\u00bb background_position=\u00a0\u00bbtop_left\u00a0\u00bb background_repeat=\u00a0\u00bbrepeat\u00a0\u00bb global_colors_info=\u00a0\u00bb{}\u00a0\u00bb][et_pb_column type=\u00a0\u00bb2_3&Prime; _builder_version=\u00a0\u00bb4.16&Prime; custom_padding=\u00a0\u00bb|||\u00a0\u00bb global_colors_info=\u00a0\u00bb{}\u00a0\u00bb custom_padding__hover=\u00a0\u00bb|||\u00a0\u00bb][et_pb_text _builder_version=\u00a0\u00bb4.16&Prime; global_colors_info=\u00a0\u00bb{}\u00a0\u00bb]<\/p>\n<h3>Adresse:<\/h3>\n<div>\n<div>Camino Sacromonte n\u00ba 70 Cueva de la Rocio<\/div>\n<div>C.P.: 18010\u00a0 &#8211; Granada &#8211; Espa\u00f1a<\/div>\n<\/div>\n<ul>\n<li>T\u00e9l\u00e9phone: 659 11 51 87<\/li>\n<li>T\u00e9l\u00e9phone: 958 22 71 29<\/li>\n<li>Fax: 958 21 55 02<\/li>\n<\/ul>\n<p>Ou envoyez-nous un message.<br \/>Une fois re\u00e7u votre message, nous nous mettrons en contact avec vous le plus rapidement possible.<\/p>\n<p><!--cforms name=\"Contactar\"--><\/p>\n<p>[\/et_pb_text][et_pb_contact_form email=\u00a0\u00bbinfo@cuevalarocio.live-website.com\u00a0\u00bb custom_message=\u00a0\u00bbFormulario de p\u00e1gina de contacto Cueva la Rocio idioma franc\u00e9s||et_pb_line_break_holder||Nombre: %%name%%||et_pb_line_break_holder||Email: %%email%%||et_pb_line_break_holder||Mensaje: %%message%%\u00a0\u00bb _builder_version=\u00a0\u00bb4.16&Prime; _unique_id=\u00a0\u00bbfbd35937-4461-4bed-a53a-af77231405dd\u00a0\u00bb border_radii=\u00a0\u00bbon|12px|12px|12px|12px\u00a0\u00bb global_colors_info=\u00a0\u00bb{}\u00a0\u00bb][et_pb_contact_field field_id=\u00a0\u00bbName\u00a0\u00bb field_title=\u00a0\u00bbNom\u00a0\u00bb fullwidth_field=\u00a0\u00bbon\u00a0\u00bb _builder_version=\u00a0\u00bb4.16&Prime; global_colors_info=\u00a0\u00bb{}\u00a0\u00bb][\/et_pb_contact_field][et_pb_contact_field field_id=\u00a0\u00bbEmail\u00a0\u00bb field_title=\u00a0\u00bbEmail\u00a0\u00bb field_type=\u00a0\u00bbemail\u00a0\u00bb fullwidth_field=\u00a0\u00bbon\u00a0\u00bb _builder_version=\u00a0\u00bb4.16&Prime; global_colors_info=\u00a0\u00bb{}\u00a0\u00bb][\/et_pb_contact_field][et_pb_contact_field field_id=\u00a0\u00bbMessage\u00a0\u00bb field_title=\u00a0\u00bbMessage\u00a0\u00bb field_type=\u00a0\u00bbtext\u00a0\u00bb fullwidth_field=\u00a0\u00bbon\u00a0\u00bb _builder_version=\u00a0\u00bb4.16&Prime; global_colors_info=\u00a0\u00bb{}\u00a0\u00bb][\/et_pb_contact_field][\/et_pb_contact_form][et_pb_text admin_label=\u00a0\u00bbVisiter l\u2019int\u00e9rieur\u00a0\u00bb _builder_version=\u00a0\u00bb4.16&Prime; global_colors_info=\u00a0\u00bb{}\u00a0\u00bb]<\/p>\n<p>Visiter l\u2019int\u00e9rieur\u00a0La grotte de la Roc\u00edo<\/p>\n<p><iframe loading=\"lazy\" src=\"https:\/\/maps.google.com\/maps?q=&amp;layer=c&amp;sll=37.181656,-3.585418&amp;cid=7420110834630597042&amp;panoid=P5of_K1H2vQAAAQJORKdQg&amp;cbp=13,7.56,,0,7.31&amp;hl=es&amp;gl=US&amp;ie=UTF8&amp;hq=&amp;hnear=&amp;ll=37.181561,-3.585287&amp;spn=0.006295,0.006295&amp;t=m&amp;cbll=37.18152,-3.585345&amp;source=embed&amp;output=svembed\" width=\"520\" height=\"350\" frameborder=\"0\" marginwidth=\"0\" marginheight=\"0\" scrolling=\"no\"><\/iframe><br \/><small><a style=\"color: #0000ff; text-align: left;\" href=\"https:\/\/maps.google.com\/maps?q=&amp;layer=c&amp;sll=37.181656,-3.585418&amp;cid=7420110834630597042&amp;panoid=P5of_K1H2vQAAAQJORKdQg&amp;cbp=13,7.56,,0,7.31&amp;hl=es&amp;gl=US&amp;ie=UTF8&amp;hq=&amp;hnear=&amp;ll=37.181561,-3.585287&amp;spn=0.006295,0.006295&amp;t=m&amp;cbll=37.18152,-3.585345&amp;source=embed\" target=\"_blank\" rel=\"noopener noreferrer\"><br \/>Agrandir le<\/a><\/small><\/p>\n<p><!--cforms name=\"Contactar\"--><\/p>\n<p>[\/et_pb_text][\/et_pb_column][et_pb_column type=\u00a0\u00bb1_3&Prime; _builder_version=\u00a0\u00bb4.16&Prime; custom_padding=\u00a0\u00bb|||\u00a0\u00bb global_colors_info=\u00a0\u00bb{}\u00a0\u00bb custom_padding__hover=\u00a0\u00bb|||\u00a0\u00bb][et_pb_sidebar area=\u00a0\u00bbsidebar-1&Prime; _builder_version=\u00a0\u00bb4.16&Prime; global_colors_info=\u00a0\u00bb{}\u00a0\u00bb][\/et_pb_sidebar][\/et_pb_column][\/et_pb_row][\/et_pb_section][et_pb_section fb_built=\u00a0\u00bb1&Prime; _builder_version=\u00a0\u00bb4.17.6&Prime; _module_preset=\u00a0\u00bbdefault\u00a0\u00bb global_colors_info=\u00a0\u00bb{}\u00a0\u00bb][et_pb_row column_structure=\u00a0\u00bb1_2,1_2&Prime; _builder_version=\u00a0\u00bb4.17.6&Prime; _module_preset=\u00a0\u00bbdefault\u00a0\u00bb global_colors_info=\u00a0\u00bb{}\u00a0\u00bb][et_pb_column type=\u00a0\u00bb1_2&Prime; _builder_version=\u00a0\u00bb4.17.6&Prime; _module_preset=\u00a0\u00bbdefault\u00a0\u00bb global_colors_info=\u00a0\u00bb{}\u00a0\u00bb][et_pb_text _builder_version=\u00a0\u00bb4.17.6&Prime; _module_preset=\u00a0\u00bbdefault\u00a0\u00bb hover_enabled=\u00a0\u00bb0&Prime; global_colors_info=\u00a0\u00bb{}\u00a0\u00bb header_3_font=\u00a0\u00bb|600|||||||\u00a0\u00bb sticky_enabled=\u00a0\u00bb0&Prime;]<\/p>\n<h3>Comment se rendre au Camino del Sacromonte.<\/h3>\n<p>&nbsp;<\/p>\n<p><strong>Vous ne pouvez pas acc\u00e9der au chemin du Sacromonte avec votre propre v\u00e9hicule.<\/strong><br \/>Dans le quartier du Sacromonte, il y a des rues \u00e0 circulation restreinte, nous vous recommandons donc d&rsquo;utiliser les transports en commun, le taxi ou vous pouvez \u00e9galement marcher depuis le centre de Grenade.<br \/>Depuis la Plaza Nueva ou la Plaza Isabel la Cat\u00f3lica, pour rejoindre le Camino del Sacromonte, suivez le Paseo de los Tristes, remontez la Cuesta del Chapiz comme si vous montiez au Barrio del Albaic\u00edn, et vous trouverez le d\u00e9tour vers le Camino .<\/p>\n<p>[\/et_pb_text][\/et_pb_column][et_pb_column type=\u00a0\u00bb1_2&Prime; _builder_version=\u00a0\u00bb4.17.6&Prime; _module_preset=\u00a0\u00bbdefault\u00a0\u00bb global_colors_info=\u00a0\u00bb{}\u00a0\u00bb][et_pb_image src=\u00a0\u00bbhttps:\/\/cuevalarocio.es\/wp-content\/uploads\/2022\/07\/mapa-andando.jpg\u00a0\u00bb title_text=\u00a0\u00bbmapa-andando\u00a0\u00bb _builder_version=\u00a0\u00bb4.17.6&Prime; _module_preset=\u00a0\u00bbdefault\u00a0\u00bb global_colors_info=\u00a0\u00bb{}\u00a0\u00bb][\/et_pb_image][\/et_pb_column][\/et_pb_row][\/et_pb_section]<\/p>\n","protected":false},"excerpt":{"rendered":"<p>Adresse:Camino Sacromonte n\u00ba 70 Cueva de la RocioC.P.: 18010\u00a0 &#8211; Granada &#8211; Espa\u00f1aT\u00e9l\u00e9phone: 659 11 51 87T\u00e9l\u00e9phone: 958 22 71 29Fax: 958 21 55 02Ou envoyez-nous un message.Une fois re\u00e7u votre message, nous nous mettrons en contact avec vous le plus rapidement possible. Visiter l\u2019int\u00e9rieur\u00a0La grotte de la Roc\u00edoAgrandir le Comment se rendre au Camino [&hellip;]<\/p>\n","protected":false},"author":4,"featured_media":2014,"parent":0,"menu_order":0,"comment_status":"closed","ping_status":"closed","template":"","meta":{"_et_pb_use_builder":"on","_et_pb_old_content":"<h3>Direcci\u00f3n:<\/h3>\r\n<div>\r\n<div>Camino Sacromonte n\u00ba 70 Cueva de la Rocio<\/div>\r\n<div>C.P.: 18010\u00a0 - Granada - Espa\u00f1a<\/div>\r\n<\/div>\r\n<ul>\r\n \t<li>Tel\u00e9fono: 659 11 51 87<\/li>\r\n \t<li>Tel\u00e9fono: 958 22 71 29<\/li>\r\n \t<li>Fax: 958 21 55 02<\/li>\r\n<\/ul>\r\nVisita el interior de la Cueva la Roc\u00edo\r\n\r\n<iframe src=\"https:\/\/maps.google.com\/maps?q=&layer=c&sll=37.181656,-3.585418&cid=7420110834630597042&panoid=P5of_K1H2vQAAAQJORKdQg&cbp=13,7.56,,0,7.31&hl=es&gl=US&ie=UTF8&hq=&hnear=&ll=37.181561,-3.585287&spn=0.006295,0.006295&t=m&cbll=37.18152,-3.585345&source=embed&output=svembed\" width=\"520\" height=\"350\" frameborder=\"0\" marginwidth=\"0\" marginheight=\"0\" scrolling=\"no\"><\/iframe>\r\n<small><a style=\"color: #0000ff; text-align: left;\" href=\"https:\/\/maps.google.com\/maps?q=&layer=c&sll=37.181656,-3.585418&cid=7420110834630597042&panoid=P5of_K1H2vQAAAQJORKdQg&cbp=13,7.56,,0,7.31&hl=es&gl=US&ie=UTF8&hq=&hnear=&ll=37.181561,-3.585287&spn=0.006295,0.006295&t=m&cbll=37.18152,-3.585345&source=embed\" target=\"_blank\" rel=\"noopener\">\r\nVer m\u00e1s grande<\/a><\/small>\r\n\r\nO envianos un correo.\r\nUna vez recibido su mensaje nos pondremos en contacto con usted a la mayor brevedad posible.\r\n\r\n[contact-form-7 id=\"223\" title=\"Formulario de contacto 1\"]\r\n\r\n<!--cforms name=\"Contactar\"-->","_et_gb_content_width":"","footnotes":""},"class_list":["post-1796","page","type-page","status-publish","has-post-thumbnail","hentry"],"yoast_head":"<!-- This site is optimized with the Yoast SEO plugin v27.3 - https:\/\/yoast.com\/product\/yoast-seo-wordpress\/ -->\n<title>Contact<\/title>\n<meta name=\"robots\" content=\"index, follow, max-snippet:-1, max-image-preview:large, max-video-preview:-1\" \/>\n<link rel=\"canonical\" href=\"https:\/\/cuevalarocio.es\/fr\/contact\/\" \/>\n<meta property=\"og:locale\" content=\"fr_FR\" \/>\n<meta property=\"og:type\" content=\"article\" \/>\n<meta property=\"og:title\" content=\"Contact\" \/>\n<meta property=\"og:description\" content=\"Adresse:Camino Sacromonte n\u00ba 70 Cueva de la RocioC.P.: 18010\u00a0 - Granada - Espa\u00f1aT\u00e9l\u00e9phone: 659 11 51 87T\u00e9l\u00e9phone: 958 22 71 29Fax: 958 21 55 02Ou envoyez-nous un message.Une fois re\u00e7u votre message, nous nous mettrons en contact avec vous le plus rapidement possible. Visiter l\u2019int\u00e9rieur\u00a0La grotte de la Roc\u00edoAgrandir le Comment se rendre au Camino [&hellip;]\" \/>\n<meta property=\"og:url\" content=\"https:\/\/cuevalarocio.es\/fr\/contact\/\" \/>\n<meta property=\"og:site_name\" content=\"Cueva de La Roc\u00edo\" \/>\n<meta property=\"article:publisher\" content=\"https:\/\/www.facebook.com\/cuevalarocio\" \/>\n<meta property=\"article:modified_time\" content=\"2022-07-29T10:12:21+00:00\" \/>\n<meta property=\"og:image\" content=\"https:\/\/cuevalarocio.es\/wp-content\/uploads\/2010\/01\/cabec-localizacion.jpg\" \/>\n\t<meta property=\"og:image:width\" content=\"900\" \/>\n\t<meta property=\"og:image:height\" content=\"100\" \/>\n\t<meta property=\"og:image:type\" content=\"image\/jpeg\" \/>\n<meta name=\"twitter:card\" content=\"summary_large_image\" \/>\n<meta name=\"twitter:site\" content=\"@cuevalarocio\" \/>\n<meta name=\"twitter:label1\" content=\"Dur\u00e9e de lecture estim\u00e9e\" \/>\n\t<meta name=\"twitter:data1\" content=\"3 minutes\" \/>\n<script type=\"application\/ld+json\" class=\"yoast-schema-graph\">{\"@context\":\"https:\\\/\\\/schema.org\",\"@graph\":[{\"@type\":\"WebPage\",\"@id\":\"https:\\\/\\\/cuevalarocio.es\\\/fr\\\/contact\\\/\",\"url\":\"https:\\\/\\\/cuevalarocio.es\\\/fr\\\/contact\\\/\",\"name\":\"Contact\",\"isPartOf\":{\"@id\":\"https:\\\/\\\/cuevalarocio.es\\\/fr\\\/#website\"},\"primaryImageOfPage\":{\"@id\":\"https:\\\/\\\/cuevalarocio.es\\\/fr\\\/contact\\\/#primaryimage\"},\"image\":{\"@id\":\"https:\\\/\\\/cuevalarocio.es\\\/fr\\\/contact\\\/#primaryimage\"},\"thumbnailUrl\":\"https:\\\/\\\/cuevalarocio.es\\\/wp-content\\\/uploads\\\/2010\\\/01\\\/cabec-localizacion.jpg\",\"datePublished\":\"2010-01-27T07:44:02+00:00\",\"dateModified\":\"2022-07-29T10:12:21+00:00\",\"breadcrumb\":{\"@id\":\"https:\\\/\\\/cuevalarocio.es\\\/fr\\\/contact\\\/#breadcrumb\"},\"inLanguage\":\"fr-FR\",\"potentialAction\":[{\"@type\":\"ReadAction\",\"target\":[\"https:\\\/\\\/cuevalarocio.es\\\/fr\\\/contact\\\/\"]}]},{\"@type\":\"ImageObject\",\"inLanguage\":\"fr-FR\",\"@id\":\"https:\\\/\\\/cuevalarocio.es\\\/fr\\\/contact\\\/#primaryimage\",\"url\":\"https:\\\/\\\/cuevalarocio.es\\\/wp-content\\\/uploads\\\/2010\\\/01\\\/cabec-localizacion.jpg\",\"contentUrl\":\"https:\\\/\\\/cuevalarocio.es\\\/wp-content\\\/uploads\\\/2010\\\/01\\\/cabec-localizacion.jpg\",\"width\":900,\"height\":100},{\"@type\":\"BreadcrumbList\",\"@id\":\"https:\\\/\\\/cuevalarocio.es\\\/fr\\\/contact\\\/#breadcrumb\",\"itemListElement\":[{\"@type\":\"ListItem\",\"position\":1,\"name\":\"Accueil\",\"item\":\"https:\\\/\\\/cuevalarocio.es\\\/fr\\\/\"},{\"@type\":\"ListItem\",\"position\":2,\"name\":\"Contact\"}]},{\"@type\":\"WebSite\",\"@id\":\"https:\\\/\\\/cuevalarocio.es\\\/fr\\\/#website\",\"url\":\"https:\\\/\\\/cuevalarocio.es\\\/fr\\\/\",\"name\":\"Cueva de La Roc\u00edo\",\"description\":\"Flamenco tablao \u00e0 Grenade et restaurant avec d\u00eener spectacle de flamenco \u00e0 Grenade\",\"potentialAction\":[{\"@type\":\"SearchAction\",\"target\":{\"@type\":\"EntryPoint\",\"urlTemplate\":\"https:\\\/\\\/cuevalarocio.es\\\/fr\\\/?s={search_term_string}\"},\"query-input\":{\"@type\":\"PropertyValueSpecification\",\"valueRequired\":true,\"valueName\":\"search_term_string\"}}],\"inLanguage\":\"fr-FR\"}]}<\/script>\n<!-- \/ Yoast SEO plugin. -->","yoast_head_json":{"title":"Contact","robots":{"index":"index","follow":"follow","max-snippet":"max-snippet:-1","max-image-preview":"max-image-preview:large","max-video-preview":"max-video-preview:-1"},"canonical":"https:\/\/cuevalarocio.es\/fr\/contact\/","og_locale":"fr_FR","og_type":"article","og_title":"Contact","og_description":"Adresse:Camino Sacromonte n\u00ba 70 Cueva de la RocioC.P.: 18010\u00a0 - Granada - Espa\u00f1aT\u00e9l\u00e9phone: 659 11 51 87T\u00e9l\u00e9phone: 958 22 71 29Fax: 958 21 55 02Ou envoyez-nous un message.Une fois re\u00e7u votre message, nous nous mettrons en contact avec vous le plus rapidement possible. Visiter l\u2019int\u00e9rieur\u00a0La grotte de la Roc\u00edoAgrandir le Comment se rendre au Camino [&hellip;]","og_url":"https:\/\/cuevalarocio.es\/fr\/contact\/","og_site_name":"Cueva de La Roc\u00edo","article_publisher":"https:\/\/www.facebook.com\/cuevalarocio","article_modified_time":"2022-07-29T10:12:21+00:00","og_image":[{"width":900,"height":100,"url":"https:\/\/cuevalarocio.es\/wp-content\/uploads\/2010\/01\/cabec-localizacion.jpg","type":"image\/jpeg"}],"twitter_card":"summary_large_image","twitter_site":"@cuevalarocio","twitter_misc":{"Dur\u00e9e de lecture estim\u00e9e":"3 minutes"},"schema":{"@context":"https:\/\/schema.org","@graph":[{"@type":"WebPage","@id":"https:\/\/cuevalarocio.es\/fr\/contact\/","url":"https:\/\/cuevalarocio.es\/fr\/contact\/","name":"Contact","isPartOf":{"@id":"https:\/\/cuevalarocio.es\/fr\/#website"},"primaryImageOfPage":{"@id":"https:\/\/cuevalarocio.es\/fr\/contact\/#primaryimage"},"image":{"@id":"https:\/\/cuevalarocio.es\/fr\/contact\/#primaryimage"},"thumbnailUrl":"https:\/\/cuevalarocio.es\/wp-content\/uploads\/2010\/01\/cabec-localizacion.jpg","datePublished":"2010-01-27T07:44:02+00:00","dateModified":"2022-07-29T10:12:21+00:00","breadcrumb":{"@id":"https:\/\/cuevalarocio.es\/fr\/contact\/#breadcrumb"},"inLanguage":"fr-FR","potentialAction":[{"@type":"ReadAction","target":["https:\/\/cuevalarocio.es\/fr\/contact\/"]}]},{"@type":"ImageObject","inLanguage":"fr-FR","@id":"https:\/\/cuevalarocio.es\/fr\/contact\/#primaryimage","url":"https:\/\/cuevalarocio.es\/wp-content\/uploads\/2010\/01\/cabec-localizacion.jpg","contentUrl":"https:\/\/cuevalarocio.es\/wp-content\/uploads\/2010\/01\/cabec-localizacion.jpg","width":900,"height":100},{"@type":"BreadcrumbList","@id":"https:\/\/cuevalarocio.es\/fr\/contact\/#breadcrumb","itemListElement":[{"@type":"ListItem","position":1,"name":"Accueil","item":"https:\/\/cuevalarocio.es\/fr\/"},{"@type":"ListItem","position":2,"name":"Contact"}]},{"@type":"WebSite","@id":"https:\/\/cuevalarocio.es\/fr\/#website","url":"https:\/\/cuevalarocio.es\/fr\/","name":"Cueva de La Roc\u00edo","description":"Flamenco tablao \u00e0 Grenade et restaurant avec d\u00eener spectacle de flamenco \u00e0 Grenade","potentialAction":[{"@type":"SearchAction","target":{"@type":"EntryPoint","urlTemplate":"https:\/\/cuevalarocio.es\/fr\/?s={search_term_string}"},"query-input":{"@type":"PropertyValueSpecification","valueRequired":true,"valueName":"search_term_string"}}],"inLanguage":"fr-FR"}]}},"_links":{"self":[{"href":"https:\/\/cuevalarocio.es\/fr\/wp-json\/wp\/v2\/pages\/1796","targetHints":{"allow":["GET"]}}],"collection":[{"href":"https:\/\/cuevalarocio.es\/fr\/wp-json\/wp\/v2\/pages"}],"about":[{"href":"https:\/\/cuevalarocio.es\/fr\/wp-json\/wp\/v2\/types\/page"}],"author":[{"embeddable":true,"href":"https:\/\/cuevalarocio.es\/fr\/wp-json\/wp\/v2\/users\/4"}],"replies":[{"embeddable":true,"href":"https:\/\/cuevalarocio.es\/fr\/wp-json\/wp\/v2\/comments?post=1796"}],"version-history":[{"count":16,"href":"https:\/\/cuevalarocio.es\/fr\/wp-json\/wp\/v2\/pages\/1796\/revisions"}],"predecessor-version":[{"id":6276,"href":"https:\/\/cuevalarocio.es\/fr\/wp-json\/wp\/v2\/pages\/1796\/revisions\/6276"}],"wp:featuredmedia":[{"embeddable":true,"href":"https:\/\/cuevalarocio.es\/fr\/wp-json\/wp\/v2\/media\/2014"}],"wp:attachment":[{"href":"https:\/\/cuevalarocio.es\/fr\/wp-json\/wp\/v2\/media?parent=1796"}],"curies":[{"name":"wp","href":"https:\/\/api.w.org\/{rel}","templated":true}]}}