{"id":2200,"date":"2013-11-12T13:02:50","date_gmt":"2013-11-12T12:02:50","guid":{"rendered":"https:\/\/cuevalarocio.es\/politica-de-privacidad\/?lang=fr"},"modified":"2015-10-13T22:55:35","modified_gmt":"2015-10-13T21:55:35","slug":"politica-de-privacidad","status":"publish","type":"page","link":"https:\/\/cuevalarocio.es\/fr\/politica-de-privacidad\/","title":{"rendered":"Politique de Privacit\u00e9"},"content":{"rendered":"<h3>Politique de Privacit\u00e9<\/h3>\n<p>&nbsp;<\/p>\n<p>\u201cLA GROTTE LA ROC\u00cdO\u201d (d\u00e9sormais <strong>cuevalarocio.es<\/strong>) es titulaire du site<br \/>\nhttps:\/\/cuevalarocio.es et elle a son domain \u00e0<br \/>\nCamino Sacromonte n\u00ba 70, C.P.\u00a0: 18010 \u2013 Grenade &#8211; Espagne<\/p>\n<p>La cuevalarocio.es s\u2019engage \u00e0 non employer les donn\u00e9es des clients \u00e0 quelque autre entreprise.<\/p>\n<p>Ces donn\u00e9es seront employ\u00e9s de fa\u00e7on correcte afin d\u2019attendre les demandes et afin de faciliter les contacts futur. L\u2019envoie futur de publicit\u00e9 non d\u00e9sir\u00e9e se sera pas fait. Sera envoy\u00e9 seulement l\u2019information d\u00e9sir\u00e9e sur nos services et nos offres.<\/p>\n<p>Conform\u00e9ment la loi en vigueur, tous les clients de <strong>cuevalarocio.es<\/strong> ont le droit d\u2019acc\u00e8s, de rectification,\u00a0 annulation et opposition de ses donn\u00e9es. Ainsi, en quelque moment, le client peut exprimer son d\u00e9sir de ne pas recevoir publicit\u00e9. Pour exercer ses droits, les clients peuvent se diriger par email \u00e0:\u00a0<a href=\"mailto:info@cuevalarocio.com\">info@cuevalarocio.com<\/a><\/p>\n<p>&nbsp;<\/p>\n","protected":false},"excerpt":{"rendered":"<p>Politique de Privacit\u00e9 &nbsp; \u201cLA GROTTE LA ROC\u00cdO\u201d (d\u00e9sormais cuevalarocio.es) es titulaire du site https:\/\/cuevalarocio.es et elle a son domain \u00e0 Camino Sacromonte n\u00ba 70, C.P.\u00a0: 18010 \u2013 Grenade &#8211; Espagne La cuevalarocio.es s\u2019engage \u00e0 non employer les donn\u00e9es des clients \u00e0 quelque autre entreprise. Ces donn\u00e9es seront employ\u00e9s de fa\u00e7on correcte afin d\u2019attendre les [&hellip;]<\/p>\n","protected":false},"author":4,"featured_media":0,"parent":0,"menu_order":0,"comment_status":"closed","ping_status":"closed","template":"","meta":{"_et_pb_use_builder":"","_et_pb_old_content":"","_et_gb_content_width":"","footnotes":""},"class_list":["post-2200","page","type-page","status-publish","hentry"],"yoast_head":"<!-- This site is optimized with the Yoast SEO plugin v27.3 - https:\/\/yoast.com\/product\/yoast-seo-wordpress\/ -->\n<title>Politique de Privacit\u00e9<\/title>\n<meta name=\"robots\" content=\"noindex, follow\" \/>\n<meta property=\"og:locale\" content=\"fr_FR\" \/>\n<meta property=\"og:type\" content=\"article\" \/>\n<meta property=\"og:title\" content=\"Politique de Privacit\u00e9\" \/>\n<meta property=\"og:description\" content=\"Politique de Privacit\u00e9 &nbsp; \u201cLA GROTTE LA ROC\u00cdO\u201d (d\u00e9sormais cuevalarocio.es) es titulaire du site https:\/\/cuevalarocio.es et elle a son domain \u00e0 Camino Sacromonte n\u00ba 70, C.P.\u00a0: 18010 \u2013 Grenade &#8211; Espagne La cuevalarocio.es s\u2019engage \u00e0 non employer les donn\u00e9es des clients \u00e0 quelque autre entreprise. Ces donn\u00e9es seront employ\u00e9s de fa\u00e7on correcte afin d\u2019attendre les [&hellip;]\" \/>\n<meta property=\"og:url\" content=\"https:\/\/cuevalarocio.es\/fr\/politica-de-privacidad\/\" \/>\n<meta property=\"og:site_name\" content=\"Cueva de La Roc\u00edo\" \/>\n<meta property=\"article:publisher\" content=\"https:\/\/www.facebook.com\/cuevalarocio\" \/>\n<meta property=\"article:modified_time\" content=\"2015-10-13T21:55:35+00:00\" \/>\n<meta property=\"og:image\" content=\"https:\/\/cuevalarocio.es\/wp-content\/uploads\/2013\/09\/flamenco_1080x450.jpg\" \/>\n<meta name=\"twitter:card\" content=\"summary_large_image\" \/>\n<meta name=\"twitter:site\" content=\"@cuevalarocio\" \/>\n<meta name=\"twitter:label1\" content=\"Dur\u00e9e de lecture estim\u00e9e\" \/>\n\t<meta name=\"twitter:data1\" content=\"1 minute\" \/>\n<script type=\"application\/ld+json\" class=\"yoast-schema-graph\">{\"@context\":\"https:\\\/\\\/schema.org\",\"@graph\":[{\"@type\":\"WebPage\",\"@id\":\"https:\\\/\\\/cuevalarocio.es\\\/fr\\\/politica-de-privacidad\\\/\",\"url\":\"https:\\\/\\\/cuevalarocio.es\\\/fr\\\/politica-de-privacidad\\\/\",\"name\":\"Politique de Privacit\u00e9\",\"isPartOf\":{\"@id\":\"https:\\\/\\\/cuevalarocio.es\\\/fr\\\/#website\"},\"datePublished\":\"2013-11-12T12:02:50+00:00\",\"dateModified\":\"2015-10-13T21:55:35+00:00\",\"breadcrumb\":{\"@id\":\"https:\\\/\\\/cuevalarocio.es\\\/fr\\\/politica-de-privacidad\\\/#breadcrumb\"},\"inLanguage\":\"fr-FR\",\"potentialAction\":[{\"@type\":\"ReadAction\",\"target\":[\"https:\\\/\\\/cuevalarocio.es\\\/fr\\\/politica-de-privacidad\\\/\"]}]},{\"@type\":\"BreadcrumbList\",\"@id\":\"https:\\\/\\\/cuevalarocio.es\\\/fr\\\/politica-de-privacidad\\\/#breadcrumb\",\"itemListElement\":[{\"@type\":\"ListItem\",\"position\":1,\"name\":\"Accueil\",\"item\":\"https:\\\/\\\/cuevalarocio.es\\\/fr\\\/\"},{\"@type\":\"ListItem\",\"position\":2,\"name\":\"Politique de Privacit\u00e9\"}]},{\"@type\":\"WebSite\",\"@id\":\"https:\\\/\\\/cuevalarocio.es\\\/fr\\\/#website\",\"url\":\"https:\\\/\\\/cuevalarocio.es\\\/fr\\\/\",\"name\":\"Cueva de La Roc\u00edo\",\"description\":\"Flamenco tablao \u00e0 Grenade et restaurant avec d\u00eener spectacle de flamenco \u00e0 Grenade\",\"potentialAction\":[{\"@type\":\"SearchAction\",\"target\":{\"@type\":\"EntryPoint\",\"urlTemplate\":\"https:\\\/\\\/cuevalarocio.es\\\/fr\\\/?s={search_term_string}\"},\"query-input\":{\"@type\":\"PropertyValueSpecification\",\"valueRequired\":true,\"valueName\":\"search_term_string\"}}],\"inLanguage\":\"fr-FR\"}]}<\/script>\n<!-- \/ Yoast SEO plugin. -->","yoast_head_json":{"title":"Politique de Privacit\u00e9","robots":{"index":"noindex","follow":"follow"},"og_locale":"fr_FR","og_type":"article","og_title":"Politique de Privacit\u00e9","og_description":"Politique de Privacit\u00e9 &nbsp; \u201cLA GROTTE LA ROC\u00cdO\u201d (d\u00e9sormais cuevalarocio.es) es titulaire du site https:\/\/cuevalarocio.es et elle a son domain \u00e0 Camino Sacromonte n\u00ba 70, C.P.\u00a0: 18010 \u2013 Grenade &#8211; Espagne La cuevalarocio.es s\u2019engage \u00e0 non employer les donn\u00e9es des clients \u00e0 quelque autre entreprise. Ces donn\u00e9es seront employ\u00e9s de fa\u00e7on correcte afin d\u2019attendre les [&hellip;]","og_url":"https:\/\/cuevalarocio.es\/fr\/politica-de-privacidad\/","og_site_name":"Cueva de La Roc\u00edo","article_publisher":"https:\/\/www.facebook.com\/cuevalarocio","article_modified_time":"2015-10-13T21:55:35+00:00","og_image":[{"url":"https:\/\/cuevalarocio.es\/wp-content\/uploads\/2013\/09\/flamenco_1080x450.jpg","type":"","width":"","height":""}],"twitter_card":"summary_large_image","twitter_site":"@cuevalarocio","twitter_misc":{"Dur\u00e9e de lecture estim\u00e9e":"1 minute"},"schema":{"@context":"https:\/\/schema.org","@graph":[{"@type":"WebPage","@id":"https:\/\/cuevalarocio.es\/fr\/politica-de-privacidad\/","url":"https:\/\/cuevalarocio.es\/fr\/politica-de-privacidad\/","name":"Politique de Privacit\u00e9","isPartOf":{"@id":"https:\/\/cuevalarocio.es\/fr\/#website"},"datePublished":"2013-11-12T12:02:50+00:00","dateModified":"2015-10-13T21:55:35+00:00","breadcrumb":{"@id":"https:\/\/cuevalarocio.es\/fr\/politica-de-privacidad\/#breadcrumb"},"inLanguage":"fr-FR","potentialAction":[{"@type":"ReadAction","target":["https:\/\/cuevalarocio.es\/fr\/politica-de-privacidad\/"]}]},{"@type":"BreadcrumbList","@id":"https:\/\/cuevalarocio.es\/fr\/politica-de-privacidad\/#breadcrumb","itemListElement":[{"@type":"ListItem","position":1,"name":"Accueil","item":"https:\/\/cuevalarocio.es\/fr\/"},{"@type":"ListItem","position":2,"name":"Politique de Privacit\u00e9"}]},{"@type":"WebSite","@id":"https:\/\/cuevalarocio.es\/fr\/#website","url":"https:\/\/cuevalarocio.es\/fr\/","name":"Cueva de La Roc\u00edo","description":"Flamenco tablao \u00e0 Grenade et restaurant avec d\u00eener spectacle de flamenco \u00e0 Grenade","potentialAction":[{"@type":"SearchAction","target":{"@type":"EntryPoint","urlTemplate":"https:\/\/cuevalarocio.es\/fr\/?s={search_term_string}"},"query-input":{"@type":"PropertyValueSpecification","valueRequired":true,"valueName":"search_term_string"}}],"inLanguage":"fr-FR"}]}},"_links":{"self":[{"href":"https:\/\/cuevalarocio.es\/fr\/wp-json\/wp\/v2\/pages\/2200","targetHints":{"allow":["GET"]}}],"collection":[{"href":"https:\/\/cuevalarocio.es\/fr\/wp-json\/wp\/v2\/pages"}],"about":[{"href":"https:\/\/cuevalarocio.es\/fr\/wp-json\/wp\/v2\/types\/page"}],"author":[{"embeddable":true,"href":"https:\/\/cuevalarocio.es\/fr\/wp-json\/wp\/v2\/users\/4"}],"replies":[{"embeddable":true,"href":"https:\/\/cuevalarocio.es\/fr\/wp-json\/wp\/v2\/comments?post=2200"}],"version-history":[{"count":7,"href":"https:\/\/cuevalarocio.es\/fr\/wp-json\/wp\/v2\/pages\/2200\/revisions"}],"predecessor-version":[{"id":2210,"href":"https:\/\/cuevalarocio.es\/fr\/wp-json\/wp\/v2\/pages\/2200\/revisions\/2210"}],"wp:attachment":[{"href":"https:\/\/cuevalarocio.es\/fr\/wp-json\/wp\/v2\/media?parent=2200"}],"curies":[{"name":"wp","href":"https:\/\/api.w.org\/{rel}","templated":true}]}}