{"id":2237,"date":"2013-12-08T18:02:29","date_gmt":"2013-12-08T17:02:29","guid":{"rendered":"https:\/\/cuevalarocio.es\/cena-espectaculo\/?lang=fr"},"modified":"2022-08-07T18:09:15","modified_gmt":"2022-08-07T17:09:15","slug":"menu-diner-spectacle","status":"publish","type":"page","link":"https:\/\/cuevalarocio.es\/fr\/restaurant-flamenco\/menu-diner-spectacle\/","title":{"rendered":"Menu Diner Spectacle"},"content":{"rendered":"<p>[et_pb_section fb_built=\u00a0\u00bb1&Prime; _builder_version=\u00a0\u00bb4.16&Prime; background_color=\u00a0\u00bb#303030&Prime; global_colors_info=\u00a0\u00bb{}\u00a0\u00bb][et_pb_row _builder_version=\u00a0\u00bb4.16&Prime; custom_padding=\u00a0\u00bb26px|0px|11px|0px\u00a0\u00bb global_colors_info=\u00a0\u00bb{}\u00a0\u00bb][et_pb_column type=\u00a0\u00bb4_4&Prime; _builder_version=\u00a0\u00bb4.16&Prime; background_position=\u00a0\u00bbtop_left\u00a0\u00bb custom_padding=\u00a0\u00bb|||\u00a0\u00bb global_colors_info=\u00a0\u00bb{}\u00a0\u00bb custom_padding__hover=\u00a0\u00bb|||\u00a0\u00bb][et_pb_text admin_label=\u00a0\u00bbCena Espect\u00e1culo Flamenco en Granda Cueva de la Rocio\u00a0\u00bb _builder_version=\u00a0\u00bb4.16&Prime; border_style=\u00a0\u00bbsolid\u00a0\u00bb global_colors_info=\u00a0\u00bb{}\u00a0\u00bb]<\/p>\n<h1><span style=\"color: #e02b20; font-size: xx-large;\">Menu Diner Spectacle Flamenco \u00e0 Grenade\u00a0<\/span><\/h1>\n<p>[\/et_pb_text][\/et_pb_column][\/et_pb_row][et_pb_row column_structure=\u00a0\u00bb1_2,1_2&Prime; _builder_version=\u00a0\u00bb4.16&Prime; custom_padding=\u00a0\u00bb24px|0px|19px|0px\u00a0\u00bb global_colors_info=\u00a0\u00bb{}\u00a0\u00bb][et_pb_column type=\u00a0\u00bb1_2&Prime; _builder_version=\u00a0\u00bb4.16&Prime; background_position=\u00a0\u00bbtop_left\u00a0\u00bb custom_padding=\u00a0\u00bb|||\u00a0\u00bb global_colors_info=\u00a0\u00bb{}\u00a0\u00bb custom_padding__hover=\u00a0\u00bb|||\u00a0\u00bb][et_pb_text _builder_version=\u00a0\u00bb4.17.6&Prime; background_layout=\u00a0\u00bbdark\u00a0\u00bb hover_enabled=\u00a0\u00bb0&Prime; border_style=\u00a0\u00bbsolid\u00a0\u00bb global_colors_info=\u00a0\u00bb{}\u00a0\u00bb sticky_enabled=\u00a0\u00bb0&Prime;]<\/p>\n<h2><span style=\"color: #e02b20;\">Entr\u00e9es<\/span><\/h2>\n<p>Amuse-gueule \u00a0\u00abLA ROC\u00cdO\u00bb<\/p>\n<h2><span style=\"color: #e02b20;\">Premier Plat<\/span><\/h2>\n<p>Salade La Roc\u00edo<br \/>Tomate ventr\u00e8che de thon<br \/>Gaspacho andalou<br \/>Salmorejo<\/p>\n<h2><span style=\"color: #e02b20;\">Deuxi\u00e8me Plat<\/span><\/h2>\n<p>Queue de taureau cordovan<br \/>Pointes de surlonge (poivre, mozarabe, roquefort)<br \/>Filet de cabillaud grill\u00e9 \u00e0 la confiture d&rsquo;oignons<br \/>Dorade sauvage laqu\u00e9e \u00e0 la vinaigrette d&rsquo;olives, persil et poivre<\/p>\n<h2><span style=\"color: #e02b20;\">Boissons<\/span><\/h2>\n<p>Bi\u00e8re, Boissons sans alcool, Vin blanc ou rouge, Eau, Sangria<\/p>\n<h2><span style=\"color: #e02b20;\">Desserts<\/span><\/h2>\n<p>Cul\u00e1n au chocolat avec confiture de fruits des bois<br \/>Coupe glac\u00e9e 3 saveurs (vanille \u2013 chocolat)<br \/>Flan maison aux noix et myrtilles<br \/>Lait frit maison<br \/>Cheesecake aux baies<br \/>Fruits du temps<\/p>\n<p>&nbsp;<\/p>\n<p>Menu pour les groupes,<br \/>Enterrement de la vie comme c\u00e9libataire, R\u00e9unions des Amis, etc\u2026.<\/p>\n<p><strong>Dans le menu pour les groupes, vous avez le menu ant\u00e9rieur ainsi que:<br \/><\/strong>Transport pour aller et retour<br \/>D\u00eener (m\u00eame menu pour tout le groupe), de l\u2019eau, du vin et des rafra\u00eechissements<br \/>Spectacle flamenco avec une coupe (\u00e0 la fin de le spectacle la jeune mari\u00e9e et ses amies sortent \u00e0 danser avec les artistes)<\/p>\n<p><strong>Consulter les tarifs sp\u00e9ciaux pour les groupes<\/strong><\/p>\n<p>[\/et_pb_text][\/et_pb_column][et_pb_column type=\u00a0\u00bb1_2&Prime; _builder_version=\u00a0\u00bb4.16&Prime; background_position=\u00a0\u00bbtop_left\u00a0\u00bb custom_padding=\u00a0\u00bb|||\u00a0\u00bb global_colors_info=\u00a0\u00bb{}\u00a0\u00bb custom_padding__hover=\u00a0\u00bb|||\u00a0\u00bb][et_pb_image src=\u00a0\u00bbhttps:\/\/cuevalarocio.es\/wp-content\/uploads\/2013\/12\/vistas-alhambra.jpg\u00a0\u00bb alt=\u00a0\u00bb Il est \u00e9galement possible de choisir l\u2019option d\u00eener et spectacle, dans notre restaurant\u00a0\u00bb title_text=\u00a0\u00bbd\u00eener et spectacle, dans notre restaurant\u00a0\u00bb align_tablet=\u00a0\u00bbcenter\u00a0\u00bb align_phone=\u00a0\u00bbcenter\u00a0\u00bb align_last_edited=\u00a0\u00bbon|desktop\u00a0\u00bb _builder_version=\u00a0\u00bb4.16&Prime; custom_margin=\u00a0\u00bb||20px|\u00a0\u00bb animation_style=\u00a0\u00bbslide\u00a0\u00bb animation_direction=\u00a0\u00bbleft\u00a0\u00bb animation_duration=\u00a0\u00bb500ms\u00a0\u00bb animation_intensity_slide=\u00a0\u00bb10%\u00a0\u00bb global_colors_info=\u00a0\u00bb{}\u00a0\u00bb][\/et_pb_image][et_pb_image src=\u00a0\u00bbhttps:\/\/cuevalarocio.es\/wp-content\/uploads\/2013\/12\/restaurante-flamenco.jpg\u00a0\u00bb alt=\u00a0\u00bbVous pouvez d\u00eener en \u00e9t\u00e9 sur la terrasse o\u00f9 vous pourrez profiter d\u2019incroyables vues de l\u2019Alhambra.\u00a0\u00bb title_text=\u00a0\u00bbMenu diner spectacle en la terrasse la grotte de la Roc\u00edo\u00a0\u00bb align_tablet=\u00a0\u00bbcenter\u00a0\u00bb align_phone=\u00a0\u00bbcenter\u00a0\u00bb align_last_edited=\u00a0\u00bbon|desktop\u00a0\u00bb _builder_version=\u00a0\u00bb4.16&Prime; animation_style=\u00a0\u00bbslide\u00a0\u00bb animation_direction=\u00a0\u00bbleft\u00a0\u00bb animation_duration=\u00a0\u00bb500ms\u00a0\u00bb animation_intensity_slide=\u00a0\u00bb10%\u00a0\u00bb global_colors_info=\u00a0\u00bb{}\u00a0\u00bb][\/et_pb_image][\/et_pb_column][\/et_pb_row][\/et_pb_section][et_pb_section fb_built=\u00a0\u00bb1&Prime; fullwidth=\u00a0\u00bbon\u00a0\u00bb _builder_version=\u00a0\u00bb4.16&Prime; global_colors_info=\u00a0\u00bb{}\u00a0\u00bb][et_pb_fullwidth_image src=\u00a0\u00bbhttps:\/\/cuevalarocio.es\/wp-content\/uploads\/2013\/12\/fachada-cueva-la-rocio.jpg\u00a0\u00bb _builder_version=\u00a0\u00bb4.16&Prime; animation_style=\u00a0\u00bbslide\u00a0\u00bb animation_direction=\u00a0\u00bbleft\u00a0\u00bb animation_duration=\u00a0\u00bb500ms\u00a0\u00bb animation_intensity_slide=\u00a0\u00bb10%\u00a0\u00bb global_colors_info=\u00a0\u00bb{}\u00a0\u00bb][\/et_pb_fullwidth_image][\/et_pb_section][et_pb_section fb_built=\u00a0\u00bb1&Prime; _builder_version=\u00a0\u00bb4.16&Prime; background_image=\u00a0\u00bbhttps:\/\/cuevalarocio.es\/wp-content\/uploads\/2013\/12\/fondo-puntos_grisclaro.jpg\u00a0\u00bb global_colors_info=\u00a0\u00bb{}\u00a0\u00bb][et_pb_row _builder_version=\u00a0\u00bb4.16&Prime; background_size=\u00a0\u00bbinitial\u00a0\u00bb background_position=\u00a0\u00bbtop_left\u00a0\u00bb background_repeat=\u00a0\u00bbrepeat\u00a0\u00bb custom_padding=\u00a0\u00bb31px|0px|24px|0px\u00a0\u00bb global_colors_info=\u00a0\u00bb{}\u00a0\u00bb][et_pb_column type=\u00a0\u00bb4_4&Prime; _builder_version=\u00a0\u00bb4.16&Prime; custom_padding=\u00a0\u00bb|||\u00a0\u00bb global_colors_info=\u00a0\u00bb{}\u00a0\u00bb custom_padding__hover=\u00a0\u00bb|||\u00a0\u00bb][et_pb_text admin_label=\u00a0\u00bbCena Espect\u00e1culo Flamenco en Granda Cueva de la Rocio\u00a0\u00bb _builder_version=\u00a0\u00bb4.16&Prime; global_colors_info=\u00a0\u00bb{}\u00a0\u00bb]<\/p>\n<p style=\"text-align: center;\"><span style=\"font-size: 24pt;\">Venez nous rendre visite et profitez Flamenco \u00e0 Grenade et un restaurant avec vue sur l&rsquo;Alhambra<\/span><\/p>\n<p>[\/et_pb_text][\/et_pb_column][\/et_pb_row][\/et_pb_section]<\/p>\n","protected":false},"excerpt":{"rendered":"<p>Menu Diner Spectacle Flamenco \u00e0 Grenade\u00a0 Entr\u00e9es Amuse-gueule \u00a0\u00abLA ROC\u00cdO\u00bb Premier Plat Salade La Roc\u00edoTomate ventr\u00e8che de thonGaspacho andalouSalmorejo Deuxi\u00e8me Plat Queue de taureau cordovanPointes de surlonge (poivre, mozarabe, roquefort)Filet de cabillaud grill\u00e9 \u00e0 la confiture d&rsquo;oignonsDorade sauvage laqu\u00e9e \u00e0 la vinaigrette d&rsquo;olives, persil et poivre Boissons Bi\u00e8re, Boissons sans alcool, Vin blanc ou rouge, [&hellip;]<\/p>\n","protected":false},"author":4,"featured_media":2022,"parent":1720,"menu_order":0,"comment_status":"closed","ping_status":"closed","template":"","meta":{"_et_pb_use_builder":"on","_et_pb_old_content":"<p>Men\u00fa para cena Espect\u00e1culo<\/p><h2>Entrantes<\/h2><p>Aperitivos La Rocio<\/p><h2>Primer plato<\/h2><p>Ensalada La Rocio<br \/> Sopa de marisco<br \/> Salmorejo cordob\u00e9s con torreznos<br \/> Crema de verduras y taquitos de foie<br \/> Habitas baby con jam\u00f3n y huevos fritos<\/p><h2>Segundo plato<\/h2><p>Filete de ternera con guarnici\u00f3n<br \/> Puntas de solomillo en salsa moz\u00e1rabe (la pimienta verde o al roquefort o mostaza)<br \/> Rabo de toro cordob\u00e9s con taquitos de jam\u00f3n y patatas puente nuevo<br \/> Dorada a la plancha o a la espalda<br \/> Supremas de bacalao emborrizadas con ensalada de can\u00f3nigos<\/p><h2>Bebidas<\/h2><p>Cervezas, refrescos, rioja sitial, rueda vasallo verdejo<\/p><h2>Postres<\/h2><p>Postre sorpresa<\/p><p>Men\u00fa para grupos,<br \/> despedidas de soltero\/a, reuniones de amigos, etc...<\/p><h5>En el men\u00fa para grupos ademas del men\u00fa anterior incluimos:<\/h5><p>Botella de champan invitaci\u00f3n de la casa<br \/> Transporte ida y vuelta<br \/> Cena (mismo men\u00fa para todo el grupo) agua y vino y refrescos<br \/> Espect\u00e1culo flamenco con una copa (al final del show la novia y las amigas saldr\u00e1n a bailar con el cuadro)<\/p><p><strong>Consultar precios especiales para grupos<\/strong><\/p><hr \/><p>\u00a0<\/p><p style=\"text-align: center;\"><a href=\"\/?page_id=1104\">Tablao Flamenco en Granada<\/a>\u00a0|\u00a0\u00a0<a href=\"\/?page_id=1156\">Cena Espect\u00e1culo Flamenco en Granada<\/a>\u00a0| <a href=\"\/?page_id=1130\">Flamenco en Granada<\/a><\/p><p style=\"text-align: center;\">\u00a0<a href=\"\/?page_id=1119\">Restaurante con vistas Alhambra<\/a> | <a href=\"\/?page_id=1143\">Restaurante en Sacromonte<\/a> |<\/p>","_et_gb_content_width":"","footnotes":""},"class_list":["post-2237","page","type-page","status-publish","has-post-thumbnail","hentry"],"yoast_head":"<!-- This site is optimized with the Yoast SEO plugin v27.3 - https:\/\/yoast.com\/product\/yoast-seo-wordpress\/ -->\n<title>Menu diner spectacle \u00e0 Grenade la grotte de la Roc\u00edo<\/title>\n<meta name=\"description\" content=\"Vous pouvez d\u00eener dans la grotte restaurant ou en \u00e9t\u00e9 sur la terrasse o\u00f9 vous pourrez profiter d\u2019incroyables vues de l\u2019Alhambra.\" \/>\n<meta name=\"robots\" content=\"noindex, follow\" \/>\n<meta property=\"og:locale\" content=\"fr_FR\" \/>\n<meta property=\"og:type\" content=\"article\" \/>\n<meta property=\"og:title\" content=\"Menu diner spectacle \u00e0 Grenade la grotte de la Roc\u00edo\" \/>\n<meta property=\"og:description\" content=\"Vous pouvez d\u00eener dans la grotte restaurant ou en \u00e9t\u00e9 sur la terrasse o\u00f9 vous pourrez profiter d\u2019incroyables vues de l\u2019Alhambra.\" \/>\n<meta property=\"og:url\" content=\"https:\/\/cuevalarocio.es\/fr\/restaurant-flamenco\/menu-diner-spectacle\/\" \/>\n<meta property=\"og:site_name\" content=\"Cueva de La Roc\u00edo\" \/>\n<meta property=\"article:publisher\" content=\"https:\/\/www.facebook.com\/cuevalarocio\" \/>\n<meta property=\"article:modified_time\" content=\"2022-08-07T17:09:15+00:00\" \/>\n<meta property=\"og:image\" content=\"https:\/\/cuevalarocio.es\/wp-content\/uploads\/2013\/12\/cab-menu-esp.png\" \/>\n\t<meta property=\"og:image:width\" content=\"900\" \/>\n\t<meta property=\"og:image:height\" content=\"100\" \/>\n\t<meta property=\"og:image:type\" content=\"image\/png\" \/>\n<meta name=\"twitter:card\" content=\"summary_large_image\" \/>\n<meta name=\"twitter:site\" content=\"@cuevalarocio\" \/>\n<meta name=\"twitter:label1\" content=\"Dur\u00e9e de lecture estim\u00e9e\" \/>\n\t<meta name=\"twitter:data1\" content=\"3 minutes\" \/>\n<script type=\"application\/ld+json\" class=\"yoast-schema-graph\">{\"@context\":\"https:\\\/\\\/schema.org\",\"@graph\":[{\"@type\":\"WebPage\",\"@id\":\"https:\\\/\\\/cuevalarocio.es\\\/fr\\\/restaurant-flamenco\\\/menu-diner-spectacle\\\/\",\"url\":\"https:\\\/\\\/cuevalarocio.es\\\/fr\\\/restaurant-flamenco\\\/menu-diner-spectacle\\\/\",\"name\":\"Menu diner spectacle \u00e0 Grenade la grotte de la Roc\u00edo\",\"isPartOf\":{\"@id\":\"https:\\\/\\\/cuevalarocio.es\\\/fr\\\/#website\"},\"primaryImageOfPage\":{\"@id\":\"https:\\\/\\\/cuevalarocio.es\\\/fr\\\/restaurant-flamenco\\\/menu-diner-spectacle\\\/#primaryimage\"},\"image\":{\"@id\":\"https:\\\/\\\/cuevalarocio.es\\\/fr\\\/restaurant-flamenco\\\/menu-diner-spectacle\\\/#primaryimage\"},\"thumbnailUrl\":\"https:\\\/\\\/cuevalarocio.es\\\/wp-content\\\/uploads\\\/2013\\\/12\\\/cab-menu-esp.png\",\"datePublished\":\"2013-12-08T17:02:29+00:00\",\"dateModified\":\"2022-08-07T17:09:15+00:00\",\"description\":\"Vous pouvez d\u00eener dans la grotte restaurant ou en \u00e9t\u00e9 sur la terrasse o\u00f9 vous pourrez profiter d\u2019incroyables vues de l\u2019Alhambra.\",\"breadcrumb\":{\"@id\":\"https:\\\/\\\/cuevalarocio.es\\\/fr\\\/restaurant-flamenco\\\/menu-diner-spectacle\\\/#breadcrumb\"},\"inLanguage\":\"fr-FR\",\"potentialAction\":[{\"@type\":\"ReadAction\",\"target\":[\"https:\\\/\\\/cuevalarocio.es\\\/fr\\\/restaurant-flamenco\\\/menu-diner-spectacle\\\/\"]}]},{\"@type\":\"ImageObject\",\"inLanguage\":\"fr-FR\",\"@id\":\"https:\\\/\\\/cuevalarocio.es\\\/fr\\\/restaurant-flamenco\\\/menu-diner-spectacle\\\/#primaryimage\",\"url\":\"https:\\\/\\\/cuevalarocio.es\\\/wp-content\\\/uploads\\\/2013\\\/12\\\/cab-menu-esp.png\",\"contentUrl\":\"https:\\\/\\\/cuevalarocio.es\\\/wp-content\\\/uploads\\\/2013\\\/12\\\/cab-menu-esp.png\",\"width\":900,\"height\":100},{\"@type\":\"BreadcrumbList\",\"@id\":\"https:\\\/\\\/cuevalarocio.es\\\/fr\\\/restaurant-flamenco\\\/menu-diner-spectacle\\\/#breadcrumb\",\"itemListElement\":[{\"@type\":\"ListItem\",\"position\":1,\"name\":\"Accueil\",\"item\":\"https:\\\/\\\/cuevalarocio.es\\\/fr\\\/\"},{\"@type\":\"ListItem\",\"position\":2,\"name\":\"Restaurant\",\"item\":\"https:\\\/\\\/cuevalarocio.es\\\/fr\\\/restaurant-flamenco\\\/\"},{\"@type\":\"ListItem\",\"position\":3,\"name\":\"Menu Diner Spectacle\"}]},{\"@type\":\"WebSite\",\"@id\":\"https:\\\/\\\/cuevalarocio.es\\\/fr\\\/#website\",\"url\":\"https:\\\/\\\/cuevalarocio.es\\\/fr\\\/\",\"name\":\"Cueva de La Roc\u00edo\",\"description\":\"Flamenco tablao \u00e0 Grenade et restaurant avec d\u00eener spectacle de flamenco \u00e0 Grenade\",\"potentialAction\":[{\"@type\":\"SearchAction\",\"target\":{\"@type\":\"EntryPoint\",\"urlTemplate\":\"https:\\\/\\\/cuevalarocio.es\\\/fr\\\/?s={search_term_string}\"},\"query-input\":{\"@type\":\"PropertyValueSpecification\",\"valueRequired\":true,\"valueName\":\"search_term_string\"}}],\"inLanguage\":\"fr-FR\"}]}<\/script>\n<!-- \/ Yoast SEO plugin. -->","yoast_head_json":{"title":"Menu diner spectacle \u00e0 Grenade la grotte de la Roc\u00edo","description":"Vous pouvez d\u00eener dans la grotte restaurant ou en \u00e9t\u00e9 sur la terrasse o\u00f9 vous pourrez profiter d\u2019incroyables vues de l\u2019Alhambra.","robots":{"index":"noindex","follow":"follow"},"og_locale":"fr_FR","og_type":"article","og_title":"Menu diner spectacle \u00e0 Grenade la grotte de la Roc\u00edo","og_description":"Vous pouvez d\u00eener dans la grotte restaurant ou en \u00e9t\u00e9 sur la terrasse o\u00f9 vous pourrez profiter d\u2019incroyables vues de l\u2019Alhambra.","og_url":"https:\/\/cuevalarocio.es\/fr\/restaurant-flamenco\/menu-diner-spectacle\/","og_site_name":"Cueva de La Roc\u00edo","article_publisher":"https:\/\/www.facebook.com\/cuevalarocio","article_modified_time":"2022-08-07T17:09:15+00:00","og_image":[{"width":900,"height":100,"url":"https:\/\/cuevalarocio.es\/wp-content\/uploads\/2013\/12\/cab-menu-esp.png","type":"image\/png"}],"twitter_card":"summary_large_image","twitter_site":"@cuevalarocio","twitter_misc":{"Dur\u00e9e de lecture estim\u00e9e":"3 minutes"},"schema":{"@context":"https:\/\/schema.org","@graph":[{"@type":"WebPage","@id":"https:\/\/cuevalarocio.es\/fr\/restaurant-flamenco\/menu-diner-spectacle\/","url":"https:\/\/cuevalarocio.es\/fr\/restaurant-flamenco\/menu-diner-spectacle\/","name":"Menu diner spectacle \u00e0 Grenade la grotte de la Roc\u00edo","isPartOf":{"@id":"https:\/\/cuevalarocio.es\/fr\/#website"},"primaryImageOfPage":{"@id":"https:\/\/cuevalarocio.es\/fr\/restaurant-flamenco\/menu-diner-spectacle\/#primaryimage"},"image":{"@id":"https:\/\/cuevalarocio.es\/fr\/restaurant-flamenco\/menu-diner-spectacle\/#primaryimage"},"thumbnailUrl":"https:\/\/cuevalarocio.es\/wp-content\/uploads\/2013\/12\/cab-menu-esp.png","datePublished":"2013-12-08T17:02:29+00:00","dateModified":"2022-08-07T17:09:15+00:00","description":"Vous pouvez d\u00eener dans la grotte restaurant ou en \u00e9t\u00e9 sur la terrasse o\u00f9 vous pourrez profiter d\u2019incroyables vues de l\u2019Alhambra.","breadcrumb":{"@id":"https:\/\/cuevalarocio.es\/fr\/restaurant-flamenco\/menu-diner-spectacle\/#breadcrumb"},"inLanguage":"fr-FR","potentialAction":[{"@type":"ReadAction","target":["https:\/\/cuevalarocio.es\/fr\/restaurant-flamenco\/menu-diner-spectacle\/"]}]},{"@type":"ImageObject","inLanguage":"fr-FR","@id":"https:\/\/cuevalarocio.es\/fr\/restaurant-flamenco\/menu-diner-spectacle\/#primaryimage","url":"https:\/\/cuevalarocio.es\/wp-content\/uploads\/2013\/12\/cab-menu-esp.png","contentUrl":"https:\/\/cuevalarocio.es\/wp-content\/uploads\/2013\/12\/cab-menu-esp.png","width":900,"height":100},{"@type":"BreadcrumbList","@id":"https:\/\/cuevalarocio.es\/fr\/restaurant-flamenco\/menu-diner-spectacle\/#breadcrumb","itemListElement":[{"@type":"ListItem","position":1,"name":"Accueil","item":"https:\/\/cuevalarocio.es\/fr\/"},{"@type":"ListItem","position":2,"name":"Restaurant","item":"https:\/\/cuevalarocio.es\/fr\/restaurant-flamenco\/"},{"@type":"ListItem","position":3,"name":"Menu Diner Spectacle"}]},{"@type":"WebSite","@id":"https:\/\/cuevalarocio.es\/fr\/#website","url":"https:\/\/cuevalarocio.es\/fr\/","name":"Cueva de La Roc\u00edo","description":"Flamenco tablao \u00e0 Grenade et restaurant avec d\u00eener spectacle de flamenco \u00e0 Grenade","potentialAction":[{"@type":"SearchAction","target":{"@type":"EntryPoint","urlTemplate":"https:\/\/cuevalarocio.es\/fr\/?s={search_term_string}"},"query-input":{"@type":"PropertyValueSpecification","valueRequired":true,"valueName":"search_term_string"}}],"inLanguage":"fr-FR"}]}},"_links":{"self":[{"href":"https:\/\/cuevalarocio.es\/fr\/wp-json\/wp\/v2\/pages\/2237","targetHints":{"allow":["GET"]}}],"collection":[{"href":"https:\/\/cuevalarocio.es\/fr\/wp-json\/wp\/v2\/pages"}],"about":[{"href":"https:\/\/cuevalarocio.es\/fr\/wp-json\/wp\/v2\/types\/page"}],"author":[{"embeddable":true,"href":"https:\/\/cuevalarocio.es\/fr\/wp-json\/wp\/v2\/users\/4"}],"replies":[{"embeddable":true,"href":"https:\/\/cuevalarocio.es\/fr\/wp-json\/wp\/v2\/comments?post=2237"}],"version-history":[{"count":15,"href":"https:\/\/cuevalarocio.es\/fr\/wp-json\/wp\/v2\/pages\/2237\/revisions"}],"predecessor-version":[{"id":6304,"href":"https:\/\/cuevalarocio.es\/fr\/wp-json\/wp\/v2\/pages\/2237\/revisions\/6304"}],"up":[{"embeddable":true,"href":"https:\/\/cuevalarocio.es\/fr\/wp-json\/wp\/v2\/pages\/1720"}],"wp:featuredmedia":[{"embeddable":true,"href":"https:\/\/cuevalarocio.es\/fr\/wp-json\/wp\/v2\/media\/2022"}],"wp:attachment":[{"href":"https:\/\/cuevalarocio.es\/fr\/wp-json\/wp\/v2\/media?parent=2237"}],"curies":[{"name":"wp","href":"https:\/\/api.w.org\/{rel}","templated":true}]}}