{"id":2395,"date":"2016-04-18T19:55:54","date_gmt":"2016-04-18T18:55:54","guid":{"rendered":"https:\/\/cuevalarocio.es\/?page_id=2395&#038;lang=fr"},"modified":"2021-08-30T12:56:15","modified_gmt":"2021-08-30T11:56:15","slug":"entrees","status":"publish","type":"page","link":"https:\/\/cuevalarocio.es\/fr\/entrees\/","title":{"rendered":"Entr\u00e9es"},"content":{"rendered":"<p>[et_pb_section fb_built=\u00a0\u00bb1&Prime; fullwidth=\u00a0\u00bbon\u00a0\u00bb custom_padding_last_edited=\u00a0\u00bbon|desktop\u00a0\u00bb admin_label=\u00a0\u00bbsection\u00a0\u00bb _builder_version=\u00a0\u00bb3.22&Prime; background_color=\u00a0\u00bb#2e2e2e\u00a0\u00bb custom_padding_tablet=\u00a0\u00bb50px|0|50px|0&Prime; custom_padding_phone=\u00a0\u00bb\u00a0\u00bb transparent_background=\u00a0\u00bboff\u00a0\u00bb padding_mobile=\u00a0\u00bboff\u00a0\u00bb global_colors_info=\u00a0\u00bb{}\u00a0\u00bb][et_pb_fullwidth_image src=\u00a0\u00bbhttps:\/\/cuevalarocio.es\/wp-content\/uploads\/2021\/08\/cabecera-1920-450.jpg\u00a0\u00bb admin_label=\u00a0\u00bbimagen de cabecera\u00a0\u00bb _builder_version=\u00a0\u00bb4.10.4&Prime; hover_enabled=\u00a0\u00bb0&Prime; animation=\u00a0\u00bboff\u00a0\u00bb use_border_color=\u00a0\u00bboff\u00a0\u00bb border_color=\u00a0\u00bb#ffffff\u00a0\u00bb border_style=\u00a0\u00bbsolid\u00a0\u00bb global_colors_info=\u00a0\u00bb{}\u00a0\u00bb title_text=\u00a0\u00bbcabecera-1920-450&Prime; sticky_enabled=\u00a0\u00bb0&Prime;]<br \/>\n[\/et_pb_fullwidth_image][\/et_pb_section][et_pb_section fb_built=\u00a0\u00bb1&Prime; admin_label=\u00a0\u00bbsection\u00a0\u00bb _builder_version=\u00a0\u00bb3.22&Prime; background_color=\u00a0\u00bb#111111&Prime; transparent_background=\u00a0\u00bboff\u00a0\u00bb global_colors_info=\u00a0\u00bb{}\u00a0\u00bb][et_pb_row admin_label=\u00a0\u00bbrow\u00a0\u00bb _builder_version=\u00a0\u00bb3.25&Prime; background_size=\u00a0\u00bbinitial\u00a0\u00bb background_position=\u00a0\u00bbtop_left\u00a0\u00bb background_repeat=\u00a0\u00bbrepeat\u00a0\u00bb custom_padding=\u00a0\u00bb33px|0px|26px|0px\u00a0\u00bb global_colors_info=\u00a0\u00bb{}\u00a0\u00bb][et_pb_column type=\u00a0\u00bb4_4&Prime; _builder_version=\u00a0\u00bb3.25&Prime; custom_padding=\u00a0\u00bb|||\u00a0\u00bb global_colors_info=\u00a0\u00bb{}\u00a0\u00bb custom_padding__hover=\u00a0\u00bb|||\u00a0\u00bb][et_pb_code admin_label=\u00a0\u00bbAdwords llamadas\u00a0\u00bb global_colors_info=\u00a0\u00bb{}\u00a0\u00bb]<!-- Google Code for Llamadas a reserva desde la web Conversion Page<!-- [et_pb_line_break_holder] -->In your html page, add the snippet and call<!-- [et_pb_line_break_holder] -->goog_report_conversion when someone clicks on the<!-- [et_pb_line_break_holder] -->phone number link or button. &#8211;><!-- [et_pb_line_break_holder] --><script type=\"text\/javascript\"><!-- [et_pb_line_break_holder] --> \/* < ![CDATA[ *\/<!-- [et_pb_line_break_holder] --> goog_snippet_vars = function() {<!-- [et_pb_line_break_holder] --> var w = window;<!-- [et_pb_line_break_holder] --> w.google_conversion_id = 977116407;<!-- [et_pb_line_break_holder] --> w.google_conversion_label = \"3Kj5CPWT1W4Q97n20QM\";<!-- [et_pb_line_break_holder] --> w.google_remarketing_only = false;<!-- [et_pb_line_break_holder] --> }<!-- [et_pb_line_break_holder] --> \/\/ DO NOT CHANGE THE CODE BELOW.<!-- [et_pb_line_break_holder] --> goog_report_conversion = function(url) {<!-- [et_pb_line_break_holder] --> goog_snippet_vars();<!-- [et_pb_line_break_holder] --> window.google_conversion_format = \"3\";<!-- [et_pb_line_break_holder] --> var opt = new Object();<!-- [et_pb_line_break_holder] --> opt.onload_callback = function() {<!-- [et_pb_line_break_holder] --> if (typeof(url) != 'undefined') {<!-- [et_pb_line_break_holder] --> window.location = url;<!-- [et_pb_line_break_holder] --> }<!-- [et_pb_line_break_holder] --> }<!-- [et_pb_line_break_holder] --> var conv_handler = window['google_trackConversion'];<!-- [et_pb_line_break_holder] --> if (typeof(conv_handler) == 'function') {<!-- [et_pb_line_break_holder] --> conv_handler(opt);<!-- [et_pb_line_break_holder] --> }<!-- [et_pb_line_break_holder] -->}<!-- [et_pb_line_break_holder] -->\/* ]]> *\/<!-- [et_pb_line_break_holder] --><\/script><!-- [et_pb_line_break_holder] --><script type=\"text\/javascript\"<!-- [et_pb_line_break_holder] --> src=\"\/\/www.googleadservices.com\/pagead\/conversion_async.js\"><!-- [et_pb_line_break_holder] --><\/script><!-- [et_pb_line_break_holder] -->[\/et_pb_code][et_pb_text _builder_version=\u00a0\u00bb4.10.4&Prime; background_size=\u00a0\u00bbinitial\u00a0\u00bb background_position=\u00a0\u00bbtop_left\u00a0\u00bb background_repeat=\u00a0\u00bbrepeat\u00a0\u00bb background_layout=\u00a0\u00bbdark\u00a0\u00bb hover_enabled=\u00a0\u00bb0&Prime; global_colors_info=\u00a0\u00bb{}\u00a0\u00bb sticky_enabled=\u00a0\u00bb0&Prime;]<\/p>\n<p style=\"text-align: center;\"><span style=\"color: #ffffff; font-size: xx-large;\">Faites votre r\u00e9servation<\/span><\/p>\n<p style=\"text-align: center;\"><span style=\"font-size: 12pt;\"><span style=\"font-size: medium; color: #bfbfbf;\"><strong>Pour effectuer votre r\u00e9servation,<\/strong> <strong>s\u00e9lectionnez d\u2019abord la date puis l\u2019heure. Ensuite, choisissez le spectacle avec l\u2019option souhait\u00e9e. <\/strong><\/span><\/span><\/p>\n<p style=\"text-align: center;\"><span style=\"color: #bfbfbf;\">Avec le spectacle de 22\u00a0h, vous pourrez choisir Spectacle avec une boisson ou d\u00eener avec le service de transport et visite inclus.<br \/>En cas de doute ou de probl\u00e8mes pour effectuer la r\u00e9servation, vous pouvez nous joindre aux num\u00e9ros de t\u00e9l\u00e9phone suivants:<\/span><\/p>\n<p>[\/et_pb_text][\/et_pb_column][\/et_pb_row][et_pb_row column_structure=\u00a0\u00bb1_2,1_2&Prime; _builder_version=\u00a0\u00bb3.25&Prime; background_size=\u00a0\u00bbinitial\u00a0\u00bb background_position=\u00a0\u00bbtop_left\u00a0\u00bb background_repeat=\u00a0\u00bbrepeat\u00a0\u00bb custom_padding=\u00a0\u00bb22px|0px|40px|0px|false|false\u00a0\u00bb global_colors_info=\u00a0\u00bb{}\u00a0\u00bb][et_pb_column type=\u00a0\u00bb1_2&Prime; _builder_version=\u00a0\u00bb3.25&Prime; custom_padding=\u00a0\u00bb|||\u00a0\u00bb global_colors_info=\u00a0\u00bb{}\u00a0\u00bb custom_padding__hover=\u00a0\u00bb|||\u00a0\u00bb][et_pb_button button_url=\u00a0\u00bbtel:\/\/+34659115187&Prime; button_text=\u00a0\u00bb+34 659 115 187&Prime; button_alignment=\u00a0\u00bbcenter\u00a0\u00bb _builder_version=\u00a0\u00bb3.19.15&Prime; custom_button=\u00a0\u00bbon\u00a0\u00bb button_text_color=\u00a0\u00bb#ffffff\u00a0\u00bb button_bg_color=\u00a0\u00bb#494949&Prime; button_border_color=\u00a0\u00bb#000000&Prime; button_border_radius=\u00a0\u00bb15&Prime; button_icon=\u00a0\u00bb%%264%%\u00a0\u00bb button_on_hover=\u00a0\u00bboff\u00a0\u00bb global_colors_info=\u00a0\u00bb{}\u00a0\u00bb]<br \/>\n[\/et_pb_button][\/et_pb_column][et_pb_column type=\u00a0\u00bb1_2&Prime; _builder_version=\u00a0\u00bb3.25&Prime; custom_padding=\u00a0\u00bb|||\u00a0\u00bb global_colors_info=\u00a0\u00bb{}\u00a0\u00bb custom_padding__hover=\u00a0\u00bb|||\u00a0\u00bb][et_pb_button button_url=\u00a0\u00bbtel:\/\/+34958227129&Prime; button_text=\u00a0\u00bb+34 958 227 129&Prime; button_alignment=\u00a0\u00bbcenter\u00a0\u00bb _builder_version=\u00a0\u00bb3.19.15&Prime; custom_button=\u00a0\u00bbon\u00a0\u00bb button_text_color=\u00a0\u00bb#ffffff\u00a0\u00bb button_bg_color=\u00a0\u00bb#494949&Prime; button_border_color=\u00a0\u00bb#000000&Prime; button_border_radius=\u00a0\u00bb15&Prime; button_icon=\u00a0\u00bb%%264%%\u00a0\u00bb button_on_hover=\u00a0\u00bboff\u00a0\u00bb global_colors_info=\u00a0\u00bb{}\u00a0\u00bb]<br \/>\n[\/et_pb_button][\/et_pb_column][\/et_pb_row][\/et_pb_section][et_pb_section fb_built=\u00a0\u00bb1&Prime; _builder_version=\u00a0\u00bb3.22&Prime; background_color=\u00a0\u00bb#e0e0e0&Prime; transparent_background=\u00a0\u00bboff\u00a0\u00bb global_colors_info=\u00a0\u00bb{}\u00a0\u00bb][et_pb_row _builder_version=\u00a0\u00bb4.2.2&Prime; background_size=\u00a0\u00bbinitial\u00a0\u00bb background_position=\u00a0\u00bbtop_left\u00a0\u00bb background_repeat=\u00a0\u00bbrepeat\u00a0\u00bb width=\u00a0\u00bb100%\u00a0\u00bb custom_padding=\u00a0\u00bb19px|0px|17px|0px\u00a0\u00bb global_colors_info=\u00a0\u00bb{}\u00a0\u00bb][et_pb_column type=\u00a0\u00bb4_4&Prime; _builder_version=\u00a0\u00bb3.25&Prime; custom_padding=\u00a0\u00bb|||\u00a0\u00bb global_colors_info=\u00a0\u00bb{}\u00a0\u00bb custom_padding__hover=\u00a0\u00bb|||\u00a0\u00bb][et_pb_code _builder_version=\u00a0\u00bb4.10.4&Prime; hover_enabled=\u00a0\u00bb0&Prime; global_colors_info=\u00a0\u00bb{}\u00a0\u00bb sticky_enabled=\u00a0\u00bb0&Prime;][\/et_pb_code][\/et_pb_column][\/et_pb_row][\/et_pb_section]<\/p>\n","protected":false},"excerpt":{"rendered":"<p>Faites votre r\u00e9servation Pour effectuer votre r\u00e9servation, s\u00e9lectionnez d\u2019abord la date puis l\u2019heure. Ensuite, choisissez le spectacle avec l\u2019option souhait\u00e9e. Avec le spectacle de 22\u00a0h, vous pourrez choisir Spectacle avec une boisson ou d\u00eener avec le service de transport et visite inclus.En cas de doute ou de probl\u00e8mes pour effectuer la r\u00e9servation, vous pouvez nous [&hellip;]<\/p>\n","protected":false},"author":4,"featured_media":0,"parent":0,"menu_order":0,"comment_status":"closed","ping_status":"closed","template":"","meta":{"_et_pb_use_builder":"on","_et_pb_old_content":"<p><span style=\"font-size: 12pt;\"><strong>Para realizar su reserva seleccione primero la fecha y despu\u00e9s la hora. A continuaci\u00f3n seleccione el espect\u00e1culo con la opci\u00f3n deseada.<br \/> En horario de \u00a022:00 h. podr\u00e1 elegir el Espect\u00e1culo con Bebida o Cena adem\u00e1s de Transporte y visita incluidos.<br \/> <span style=\"font-size: 14pt;\">Si tiene alguna duda o problema al hacer su reserva, puede llamar a los tel\u00e9fonos: 659 115 187 - 958 227 129<\/span><\/strong><\/span><\/p><p>[checkfront]<\/p>","_et_gb_content_width":"","footnotes":""},"class_list":["post-2395","page","type-page","status-publish","hentry"],"yoast_head":"<!-- This site is optimized with the Yoast SEO plugin v27.3 - https:\/\/yoast.com\/product\/yoast-seo-wordpress\/ -->\n<title>Entr\u00e9es<\/title>\n<meta name=\"robots\" content=\"index, follow, max-snippet:-1, max-image-preview:large, max-video-preview:-1\" \/>\n<link rel=\"canonical\" href=\"https:\/\/cuevalarocio.es\/fr\/entrees\/\" \/>\n<meta property=\"og:locale\" content=\"fr_FR\" \/>\n<meta property=\"og:type\" content=\"article\" \/>\n<meta property=\"og:title\" content=\"Entr\u00e9es\" \/>\n<meta property=\"og:description\" content=\"Faites votre r\u00e9servation Pour effectuer votre r\u00e9servation, s\u00e9lectionnez d\u2019abord la date puis l\u2019heure. Ensuite, choisissez le spectacle avec l\u2019option souhait\u00e9e. Avec le spectacle de 22\u00a0h, vous pourrez choisir Spectacle avec une boisson ou d\u00eener avec le service de transport et visite inclus.En cas de doute ou de probl\u00e8mes pour effectuer la r\u00e9servation, vous pouvez nous [&hellip;]\" \/>\n<meta property=\"og:url\" content=\"https:\/\/cuevalarocio.es\/fr\/entrees\/\" \/>\n<meta property=\"og:site_name\" content=\"Cueva de La Roc\u00edo\" \/>\n<meta property=\"article:publisher\" content=\"https:\/\/www.facebook.com\/cuevalarocio\" \/>\n<meta property=\"article:modified_time\" content=\"2021-08-30T11:56:15+00:00\" \/>\n<meta property=\"og:image\" content=\"https:\/\/cuevalarocio.es\/wp-content\/uploads\/2013\/09\/flamenco_1080x450.jpg\" \/>\n<meta name=\"twitter:card\" content=\"summary_large_image\" \/>\n<meta name=\"twitter:site\" content=\"@cuevalarocio\" \/>\n<meta name=\"twitter:label1\" content=\"Dur\u00e9e de lecture estim\u00e9e\" \/>\n\t<meta name=\"twitter:data1\" content=\"3 minutes\" \/>\n<script type=\"application\/ld+json\" class=\"yoast-schema-graph\">{\"@context\":\"https:\\\/\\\/schema.org\",\"@graph\":[{\"@type\":\"WebPage\",\"@id\":\"https:\\\/\\\/cuevalarocio.es\\\/fr\\\/entrees\\\/\",\"url\":\"https:\\\/\\\/cuevalarocio.es\\\/fr\\\/entrees\\\/\",\"name\":\"Entr\u00e9es\",\"isPartOf\":{\"@id\":\"https:\\\/\\\/cuevalarocio.es\\\/fr\\\/#website\"},\"datePublished\":\"2016-04-18T18:55:54+00:00\",\"dateModified\":\"2021-08-30T11:56:15+00:00\",\"breadcrumb\":{\"@id\":\"https:\\\/\\\/cuevalarocio.es\\\/fr\\\/entrees\\\/#breadcrumb\"},\"inLanguage\":\"fr-FR\",\"potentialAction\":[{\"@type\":\"ReadAction\",\"target\":[\"https:\\\/\\\/cuevalarocio.es\\\/fr\\\/entrees\\\/\"]}]},{\"@type\":\"BreadcrumbList\",\"@id\":\"https:\\\/\\\/cuevalarocio.es\\\/fr\\\/entrees\\\/#breadcrumb\",\"itemListElement\":[{\"@type\":\"ListItem\",\"position\":1,\"name\":\"Accueil\",\"item\":\"https:\\\/\\\/cuevalarocio.es\\\/fr\\\/\"},{\"@type\":\"ListItem\",\"position\":2,\"name\":\"Entr\u00e9es\"}]},{\"@type\":\"WebSite\",\"@id\":\"https:\\\/\\\/cuevalarocio.es\\\/fr\\\/#website\",\"url\":\"https:\\\/\\\/cuevalarocio.es\\\/fr\\\/\",\"name\":\"Cueva de La Roc\u00edo\",\"description\":\"Flamenco tablao \u00e0 Grenade et restaurant avec d\u00eener spectacle de flamenco \u00e0 Grenade\",\"potentialAction\":[{\"@type\":\"SearchAction\",\"target\":{\"@type\":\"EntryPoint\",\"urlTemplate\":\"https:\\\/\\\/cuevalarocio.es\\\/fr\\\/?s={search_term_string}\"},\"query-input\":{\"@type\":\"PropertyValueSpecification\",\"valueRequired\":true,\"valueName\":\"search_term_string\"}}],\"inLanguage\":\"fr-FR\"}]}<\/script>\n<!-- \/ Yoast SEO plugin. -->","yoast_head_json":{"title":"Entr\u00e9es","robots":{"index":"index","follow":"follow","max-snippet":"max-snippet:-1","max-image-preview":"max-image-preview:large","max-video-preview":"max-video-preview:-1"},"canonical":"https:\/\/cuevalarocio.es\/fr\/entrees\/","og_locale":"fr_FR","og_type":"article","og_title":"Entr\u00e9es","og_description":"Faites votre r\u00e9servation Pour effectuer votre r\u00e9servation, s\u00e9lectionnez d\u2019abord la date puis l\u2019heure. Ensuite, choisissez le spectacle avec l\u2019option souhait\u00e9e. Avec le spectacle de 22\u00a0h, vous pourrez choisir Spectacle avec une boisson ou d\u00eener avec le service de transport et visite inclus.En cas de doute ou de probl\u00e8mes pour effectuer la r\u00e9servation, vous pouvez nous [&hellip;]","og_url":"https:\/\/cuevalarocio.es\/fr\/entrees\/","og_site_name":"Cueva de La Roc\u00edo","article_publisher":"https:\/\/www.facebook.com\/cuevalarocio","article_modified_time":"2021-08-30T11:56:15+00:00","og_image":[{"url":"https:\/\/cuevalarocio.es\/wp-content\/uploads\/2013\/09\/flamenco_1080x450.jpg","type":"","width":"","height":""}],"twitter_card":"summary_large_image","twitter_site":"@cuevalarocio","twitter_misc":{"Dur\u00e9e de lecture estim\u00e9e":"3 minutes"},"schema":{"@context":"https:\/\/schema.org","@graph":[{"@type":"WebPage","@id":"https:\/\/cuevalarocio.es\/fr\/entrees\/","url":"https:\/\/cuevalarocio.es\/fr\/entrees\/","name":"Entr\u00e9es","isPartOf":{"@id":"https:\/\/cuevalarocio.es\/fr\/#website"},"datePublished":"2016-04-18T18:55:54+00:00","dateModified":"2021-08-30T11:56:15+00:00","breadcrumb":{"@id":"https:\/\/cuevalarocio.es\/fr\/entrees\/#breadcrumb"},"inLanguage":"fr-FR","potentialAction":[{"@type":"ReadAction","target":["https:\/\/cuevalarocio.es\/fr\/entrees\/"]}]},{"@type":"BreadcrumbList","@id":"https:\/\/cuevalarocio.es\/fr\/entrees\/#breadcrumb","itemListElement":[{"@type":"ListItem","position":1,"name":"Accueil","item":"https:\/\/cuevalarocio.es\/fr\/"},{"@type":"ListItem","position":2,"name":"Entr\u00e9es"}]},{"@type":"WebSite","@id":"https:\/\/cuevalarocio.es\/fr\/#website","url":"https:\/\/cuevalarocio.es\/fr\/","name":"Cueva de La Roc\u00edo","description":"Flamenco tablao \u00e0 Grenade et restaurant avec d\u00eener spectacle de flamenco \u00e0 Grenade","potentialAction":[{"@type":"SearchAction","target":{"@type":"EntryPoint","urlTemplate":"https:\/\/cuevalarocio.es\/fr\/?s={search_term_string}"},"query-input":{"@type":"PropertyValueSpecification","valueRequired":true,"valueName":"search_term_string"}}],"inLanguage":"fr-FR"}]}},"_links":{"self":[{"href":"https:\/\/cuevalarocio.es\/fr\/wp-json\/wp\/v2\/pages\/2395","targetHints":{"allow":["GET"]}}],"collection":[{"href":"https:\/\/cuevalarocio.es\/fr\/wp-json\/wp\/v2\/pages"}],"about":[{"href":"https:\/\/cuevalarocio.es\/fr\/wp-json\/wp\/v2\/types\/page"}],"author":[{"embeddable":true,"href":"https:\/\/cuevalarocio.es\/fr\/wp-json\/wp\/v2\/users\/4"}],"replies":[{"embeddable":true,"href":"https:\/\/cuevalarocio.es\/fr\/wp-json\/wp\/v2\/comments?post=2395"}],"version-history":[{"count":17,"href":"https:\/\/cuevalarocio.es\/fr\/wp-json\/wp\/v2\/pages\/2395\/revisions"}],"predecessor-version":[{"id":5543,"href":"https:\/\/cuevalarocio.es\/fr\/wp-json\/wp\/v2\/pages\/2395\/revisions\/5543"}],"wp:attachment":[{"href":"https:\/\/cuevalarocio.es\/fr\/wp-json\/wp\/v2\/media?parent=2395"}],"curies":[{"name":"wp","href":"https:\/\/api.w.org\/{rel}","templated":true}]}}