{"id":3507,"date":"2017-03-24T00:45:10","date_gmt":"2017-03-23T23:45:10","guid":{"rendered":"https:\/\/cuevalarocio.es\/entradas-espectaculo-cena\/"},"modified":"2021-08-31T10:27:42","modified_gmt":"2021-08-31T09:27:42","slug":"reserver-spectacle-diner","status":"publish","type":"page","link":"https:\/\/cuevalarocio.es\/fr\/reserver-spectacle-diner\/","title":{"rendered":"R\u00e9server Spectacle diner"},"content":{"rendered":"<p>[et_pb_section fb_built=\u00a0\u00bb1&Prime; fullwidth=\u00a0\u00bbon\u00a0\u00bb custom_padding_last_edited=\u00a0\u00bbon|desktop\u00a0\u00bb disabled_on=\u00a0\u00bbon|off|off\u00a0\u00bb admin_label=\u00a0\u00bbsection\u00a0\u00bb _builder_version=\u00a0\u00bb4.2.2&Prime; background_color=\u00a0\u00bb#2e2e2e\u00a0\u00bb custom_padding_tablet=\u00a0\u00bb50px|0|50px|0&Prime; custom_padding_phone=\u00a0\u00bb\u00a0\u00bb transparent_background=\u00a0\u00bboff\u00a0\u00bb padding_mobile=\u00a0\u00bboff\u00a0\u00bb make_fullwidth=\u00a0\u00bboff\u00a0\u00bb use_custom_width=\u00a0\u00bboff\u00a0\u00bb width_unit=\u00a0\u00bboff\u00a0\u00bb custom_width_px=\u00a0\u00bb1080px\u00a0\u00bb custom_width_percent=\u00a0\u00bb80%\u00a0\u00bb global_colors_info=\u00a0\u00bb{}\u00a0\u00bb][et_pb_fullwidth_image src=\u00a0\u00bbhttps:\/\/cuevalarocio.es\/wp-content\/uploads\/2021\/08\/cabecera-1920-450.jpg\u00a0\u00bb admin_label=\u00a0\u00bbimagen de cabecera\u00a0\u00bb _builder_version=\u00a0\u00bb4.10.4&Prime; hover_enabled=\u00a0\u00bb0&Prime; animation=\u00a0\u00bboff\u00a0\u00bb use_border_color=\u00a0\u00bboff\u00a0\u00bb border_color=\u00a0\u00bb#ffffff\u00a0\u00bb border_width=\u00a0\u00bb1px\u00a0\u00bb border_style=\u00a0\u00bbsolid\u00a0\u00bb global_colors_info=\u00a0\u00bb{}\u00a0\u00bb title_text=\u00a0\u00bbcabecera-1920-450&Prime; sticky_enabled=\u00a0\u00bb0&Prime;][\/et_pb_fullwidth_image][\/et_pb_section][et_pb_section fb_built=\u00a0\u00bb1&Prime; admin_label=\u00a0\u00bbsection\u00a0\u00bb _builder_version=\u00a0\u00bb4.10.4&Prime; hover_enabled=\u00a0\u00bb0&Prime; transparent_background=\u00a0\u00bboff\u00a0\u00bb make_fullwidth=\u00a0\u00bboff\u00a0\u00bb use_custom_width=\u00a0\u00bboff\u00a0\u00bb width_unit=\u00a0\u00bbon\u00a0\u00bb global_colors_info=\u00a0\u00bb{}\u00a0\u00bb background_enable_color=\u00a0\u00bboff\u00a0\u00bb sticky_enabled=\u00a0\u00bb0&Prime;][et_pb_row column_structure=\u00a0\u00bb2_3,1_3&Prime; admin_label=\u00a0\u00bbrow\u00a0\u00bb _builder_version=\u00a0\u00bb4.10.4&Prime; background_size=\u00a0\u00bbinitial\u00a0\u00bb background_position=\u00a0\u00bbtop_left\u00a0\u00bb background_repeat=\u00a0\u00bbrepeat\u00a0\u00bb width=\u00a0\u00bb100%\u00a0\u00bb custom_padding=\u00a0\u00bb33px|0px|26px|0px\u00a0\u00bb hover_enabled=\u00a0\u00bb0&Prime; width_unit=\u00a0\u00bboff\u00a0\u00bb global_colors_info=\u00a0\u00bb{}\u00a0\u00bb sticky_enabled=\u00a0\u00bb0&Prime; background_enable_color=\u00a0\u00bboff\u00a0\u00bb][et_pb_column type=\u00a0\u00bb2_3&Prime; _builder_version=\u00a0\u00bb4.10.4&Prime; background_position=\u00a0\u00bbtop_left\u00a0\u00bb custom_padding=\u00a0\u00bb|||\u00a0\u00bb hover_enabled=\u00a0\u00bb0&Prime; global_colors_info=\u00a0\u00bb{}\u00a0\u00bb custom_padding__hover=\u00a0\u00bb|||\u00a0\u00bb sticky_enabled=\u00a0\u00bb0&Prime; background_enable_color=\u00a0\u00bboff\u00a0\u00bb][et_pb_code _builder_version=\u00a0\u00bb4.10.4&Prime; global_colors_info=\u00a0\u00bb{}\u00a0\u00bb] <!-- [et_pb_line_break_holder] --><!-- [et_pb_line_break_holder] --><!-- [et_pb_line_break_holder] -->[\/et_pb_code][\/et_pb_column][et_pb_column type=\u00a0\u00bb1_3&Prime; _builder_version=\u00a0\u00bb4.10.4&Prime; background_color=\u00a0\u00bb#eaeaea\u00a0\u00bb background_position=\u00a0\u00bbtop_left\u00a0\u00bb custom_padding=\u00a0\u00bb10px|10px|15px|10px\u00a0\u00bb hover_enabled=\u00a0\u00bb0&Prime; global_colors_info=\u00a0\u00bb{}\u00a0\u00bb custom_padding__hover=\u00a0\u00bb|||\u00a0\u00bb sticky_enabled=\u00a0\u00bb0&Prime;][et_pb_code admin_label=\u00a0\u00bbC\u00f3digo Adwords seguimiento llamada\u00a0\u00bb global_colors_info=\u00a0\u00bb{}\u00a0\u00bb]<!-- Google Code for Llamadas a reserva desde la web Conversion Page<!-- [et_pb_line_break_holder] -->In your html page, add the snippet and call<!-- [et_pb_line_break_holder] -->goog_report_conversion when someone clicks on the<!-- [et_pb_line_break_holder] -->phone number link or button. &#8211;><!-- [et_pb_line_break_holder] --><script type=\"text\/javascript\"><!-- [et_pb_line_break_holder] --> \/* <![CDATA[ *\/<!-- [et_pb_line_break_holder] --> goog_snippet_vars = function() {<!-- [et_pb_line_break_holder] --> var w = window;<!-- [et_pb_line_break_holder] --> w.google_conversion_id = 977116407;<!-- [et_pb_line_break_holder] --> w.google_conversion_label = \"3Kj5CPWT1W4Q97n20QM\";<!-- [et_pb_line_break_holder] --> w.google_remarketing_only = false;<!-- [et_pb_line_break_holder] --> }<!-- [et_pb_line_break_holder] --> \/\/ DO NOT CHANGE THE CODE BELOW.<!-- [et_pb_line_break_holder] --> goog_report_conversion = function(url) {<!-- [et_pb_line_break_holder] --> goog_snippet_vars();<!-- [et_pb_line_break_holder] --> window.google_conversion_format = \"3\";<!-- [et_pb_line_break_holder] --> var opt = new Object();<!-- [et_pb_line_break_holder] --> opt.onload_callback = function() {<!-- [et_pb_line_break_holder] --> if (typeof(url) != 'undefined') {<!-- [et_pb_line_break_holder] --> window.location = url;<!-- [et_pb_line_break_holder] --> }<!-- [et_pb_line_break_holder] --> }<!-- [et_pb_line_break_holder] --> var conv_handler = window['google_trackConversion'];<!-- [et_pb_line_break_holder] --> if (typeof(conv_handler) == 'function') {<!-- [et_pb_line_break_holder] --> conv_handler(opt);<!-- [et_pb_line_break_holder] --> }<!-- [et_pb_line_break_holder] -->}<!-- [et_pb_line_break_holder] -->\/* ]]> *\/<!-- [et_pb_line_break_holder] --><\/script><!-- [et_pb_line_break_holder] --><script type=\"text\/javascript\"<!-- [et_pb_line_break_holder] --> src=\"\/\/www.googleadservices.com\/pagead\/conversion_async.js\"><!-- [et_pb_line_break_holder] --><\/script><!-- [et_pb_line_break_holder] -->[\/et_pb_code][et_pb_text _builder_version=\u00a0\u00bb4.10.4&Prime; text_letter_spacing=\u00a0\u00bb0&Prime; text_line_height=\u00a0\u00bb1.7&Prime; header_font_size=\u00a0\u00bb30&Prime; header_letter_spacing=\u00a0\u00bb0&Prime; header_line_height=\u00a0\u00bb1&Prime; background_size=\u00a0\u00bbinitial\u00a0\u00bb background_position=\u00a0\u00bbtop_left\u00a0\u00bb background_repeat=\u00a0\u00bbrepeat\u00a0\u00bb background_layout=\u00a0\u00bbdark\u00a0\u00bb border_width=\u00a0\u00bb1&Prime; border_style=\u00a0\u00bbsolid\u00a0\u00bb saved_tabs=\u00a0\u00bball\u00a0\u00bb global_colors_info=\u00a0\u00bb{}\u00a0\u00bb]<\/p>\n<p style=\"text-align: center;\"><span style=\"font-size: 12pt;\"><span style=\"font-size: xx-large; color: #333300;\">R\u00e9server<\/span><br \/><\/span><\/p>\n<p style=\"text-align: center;\"><span style=\"font-size: 12pt; color: #808080;\"><span style=\"font-size: medium;\"><strong>Pour r\u00e9server une premi\u00e8re choisissez la date et l&rsquo;heure.<\/strong><\/span><\/span><\/p>\n<p style=\"text-align: center;\"><span style=\"color: #808080;\"><span lang=\"fr\">Si vous avez des questions ou des probl\u00e8mes lors de votre r\u00e9servation , vous pouvez appeler les num\u00e9ros suivants<\/span><\/span><span style=\"color: #bfbfbf;\"><span style=\"color: #808080;\">:<\/span><br \/><\/span><\/p>\n<p style=\"text-align: center;\"><button>+34 659 115 187<\/button><\/p>\n<p style=\"text-align: center;\"><button>+34 958 227 129<\/button><\/p>\n<p>[\/et_pb_text][\/et_pb_column][\/et_pb_row][\/et_pb_section]<\/p>\n","protected":false},"excerpt":{"rendered":"<p> R\u00e9server Pour r\u00e9server une premi\u00e8re choisissez la date et l&rsquo;heure. Si vous avez des questions ou des probl\u00e8mes lors de votre r\u00e9servation , vous pouvez appeler les num\u00e9ros suivants: +34 659 115 187 +34 958 227 129<\/p>\n","protected":false},"author":4,"featured_media":0,"parent":0,"menu_order":0,"comment_status":"closed","ping_status":"closed","template":"","meta":{"_et_pb_use_builder":"on","_et_pb_old_content":"","_et_gb_content_width":"","footnotes":""},"class_list":["post-3507","page","type-page","status-publish","hentry"],"yoast_head":"<!-- This site is optimized with the Yoast SEO plugin v27.3 - https:\/\/yoast.com\/product\/yoast-seo-wordpress\/ -->\n<title>R\u00e9server Spectacle diner- La grotte de la Roc\u00edo - Zambras gitanes<\/title>\n<meta name=\"description\" content=\"vivre une exp\u00e9rience compl\u00e8te, r\u00e9server Spectacle avec d\u00eener. Les trois grottes de la Roc\u00edo donnent sur une terrasse panoramique avec vue sur l\u2019Alhambra.\" \/>\n<meta name=\"robots\" content=\"index, follow, max-snippet:-1, max-image-preview:large, max-video-preview:-1\" \/>\n<link rel=\"canonical\" href=\"https:\/\/cuevalarocio.es\/fr\/reserver-spectacle-diner\/\" \/>\n<meta property=\"og:locale\" content=\"fr_FR\" \/>\n<meta property=\"og:type\" content=\"article\" \/>\n<meta property=\"og:title\" content=\"R\u00e9server Spectacle diner- La grotte de la Roc\u00edo - Zambras gitanes\" \/>\n<meta property=\"og:description\" content=\"vivre une exp\u00e9rience compl\u00e8te, r\u00e9server Spectacle avec d\u00eener. Les trois grottes de la Roc\u00edo donnent sur une terrasse panoramique avec vue sur l\u2019Alhambra.\" \/>\n<meta property=\"og:url\" content=\"https:\/\/cuevalarocio.es\/fr\/reserver-spectacle-diner\/\" \/>\n<meta property=\"og:site_name\" content=\"Cueva de La Roc\u00edo\" \/>\n<meta property=\"article:publisher\" content=\"https:\/\/www.facebook.com\/cuevalarocio\" \/>\n<meta property=\"article:modified_time\" content=\"2021-08-31T09:27:42+00:00\" \/>\n<meta property=\"og:image\" content=\"https:\/\/cuevalarocio.es\/wp-content\/uploads\/2013\/09\/flamenco_1080x450.jpg\" \/>\n<meta name=\"twitter:card\" content=\"summary_large_image\" \/>\n<meta name=\"twitter:site\" content=\"@cuevalarocio\" \/>\n<meta name=\"twitter:label1\" content=\"Dur\u00e9e de lecture estim\u00e9e\" \/>\n\t<meta name=\"twitter:data1\" content=\"2 minutes\" \/>\n<script type=\"application\/ld+json\" class=\"yoast-schema-graph\">{\"@context\":\"https:\\\/\\\/schema.org\",\"@graph\":[{\"@type\":\"WebPage\",\"@id\":\"https:\\\/\\\/cuevalarocio.es\\\/fr\\\/reserver-spectacle-diner\\\/\",\"url\":\"https:\\\/\\\/cuevalarocio.es\\\/fr\\\/reserver-spectacle-diner\\\/\",\"name\":\"R\u00e9server Spectacle diner- La grotte de la Roc\u00edo - Zambras gitanes\",\"isPartOf\":{\"@id\":\"https:\\\/\\\/cuevalarocio.es\\\/fr\\\/#website\"},\"datePublished\":\"2017-03-23T23:45:10+00:00\",\"dateModified\":\"2021-08-31T09:27:42+00:00\",\"description\":\"vivre une exp\u00e9rience compl\u00e8te, r\u00e9server Spectacle avec d\u00eener. Les trois grottes de la Roc\u00edo donnent sur une terrasse panoramique avec vue sur l\u2019Alhambra.\",\"breadcrumb\":{\"@id\":\"https:\\\/\\\/cuevalarocio.es\\\/fr\\\/reserver-spectacle-diner\\\/#breadcrumb\"},\"inLanguage\":\"fr-FR\",\"potentialAction\":[{\"@type\":\"ReadAction\",\"target\":[\"https:\\\/\\\/cuevalarocio.es\\\/fr\\\/reserver-spectacle-diner\\\/\"]}]},{\"@type\":\"BreadcrumbList\",\"@id\":\"https:\\\/\\\/cuevalarocio.es\\\/fr\\\/reserver-spectacle-diner\\\/#breadcrumb\",\"itemListElement\":[{\"@type\":\"ListItem\",\"position\":1,\"name\":\"Accueil\",\"item\":\"https:\\\/\\\/cuevalarocio.es\\\/fr\\\/\"},{\"@type\":\"ListItem\",\"position\":2,\"name\":\"R\u00e9server Spectacle diner\"}]},{\"@type\":\"WebSite\",\"@id\":\"https:\\\/\\\/cuevalarocio.es\\\/fr\\\/#website\",\"url\":\"https:\\\/\\\/cuevalarocio.es\\\/fr\\\/\",\"name\":\"Cueva de La Roc\u00edo\",\"description\":\"Flamenco tablao \u00e0 Grenade et restaurant avec d\u00eener spectacle de flamenco \u00e0 Grenade\",\"potentialAction\":[{\"@type\":\"SearchAction\",\"target\":{\"@type\":\"EntryPoint\",\"urlTemplate\":\"https:\\\/\\\/cuevalarocio.es\\\/fr\\\/?s={search_term_string}\"},\"query-input\":{\"@type\":\"PropertyValueSpecification\",\"valueRequired\":true,\"valueName\":\"search_term_string\"}}],\"inLanguage\":\"fr-FR\"}]}<\/script>\n<!-- \/ Yoast SEO plugin. -->","yoast_head_json":{"title":"R\u00e9server Spectacle diner- La grotte de la Roc\u00edo - Zambras gitanes","description":"vivre une exp\u00e9rience compl\u00e8te, r\u00e9server Spectacle avec d\u00eener. Les trois grottes de la Roc\u00edo donnent sur une terrasse panoramique avec vue sur l\u2019Alhambra.","robots":{"index":"index","follow":"follow","max-snippet":"max-snippet:-1","max-image-preview":"max-image-preview:large","max-video-preview":"max-video-preview:-1"},"canonical":"https:\/\/cuevalarocio.es\/fr\/reserver-spectacle-diner\/","og_locale":"fr_FR","og_type":"article","og_title":"R\u00e9server Spectacle diner- La grotte de la Roc\u00edo - Zambras gitanes","og_description":"vivre une exp\u00e9rience compl\u00e8te, r\u00e9server Spectacle avec d\u00eener. Les trois grottes de la Roc\u00edo donnent sur une terrasse panoramique avec vue sur l\u2019Alhambra.","og_url":"https:\/\/cuevalarocio.es\/fr\/reserver-spectacle-diner\/","og_site_name":"Cueva de La Roc\u00edo","article_publisher":"https:\/\/www.facebook.com\/cuevalarocio","article_modified_time":"2021-08-31T09:27:42+00:00","og_image":[{"url":"https:\/\/cuevalarocio.es\/wp-content\/uploads\/2013\/09\/flamenco_1080x450.jpg","type":"","width":"","height":""}],"twitter_card":"summary_large_image","twitter_site":"@cuevalarocio","twitter_misc":{"Dur\u00e9e de lecture estim\u00e9e":"2 minutes"},"schema":{"@context":"https:\/\/schema.org","@graph":[{"@type":"WebPage","@id":"https:\/\/cuevalarocio.es\/fr\/reserver-spectacle-diner\/","url":"https:\/\/cuevalarocio.es\/fr\/reserver-spectacle-diner\/","name":"R\u00e9server Spectacle diner- La grotte de la Roc\u00edo - Zambras gitanes","isPartOf":{"@id":"https:\/\/cuevalarocio.es\/fr\/#website"},"datePublished":"2017-03-23T23:45:10+00:00","dateModified":"2021-08-31T09:27:42+00:00","description":"vivre une exp\u00e9rience compl\u00e8te, r\u00e9server Spectacle avec d\u00eener. Les trois grottes de la Roc\u00edo donnent sur une terrasse panoramique avec vue sur l\u2019Alhambra.","breadcrumb":{"@id":"https:\/\/cuevalarocio.es\/fr\/reserver-spectacle-diner\/#breadcrumb"},"inLanguage":"fr-FR","potentialAction":[{"@type":"ReadAction","target":["https:\/\/cuevalarocio.es\/fr\/reserver-spectacle-diner\/"]}]},{"@type":"BreadcrumbList","@id":"https:\/\/cuevalarocio.es\/fr\/reserver-spectacle-diner\/#breadcrumb","itemListElement":[{"@type":"ListItem","position":1,"name":"Accueil","item":"https:\/\/cuevalarocio.es\/fr\/"},{"@type":"ListItem","position":2,"name":"R\u00e9server Spectacle diner"}]},{"@type":"WebSite","@id":"https:\/\/cuevalarocio.es\/fr\/#website","url":"https:\/\/cuevalarocio.es\/fr\/","name":"Cueva de La Roc\u00edo","description":"Flamenco tablao \u00e0 Grenade et restaurant avec d\u00eener spectacle de flamenco \u00e0 Grenade","potentialAction":[{"@type":"SearchAction","target":{"@type":"EntryPoint","urlTemplate":"https:\/\/cuevalarocio.es\/fr\/?s={search_term_string}"},"query-input":{"@type":"PropertyValueSpecification","valueRequired":true,"valueName":"search_term_string"}}],"inLanguage":"fr-FR"}]}},"_links":{"self":[{"href":"https:\/\/cuevalarocio.es\/fr\/wp-json\/wp\/v2\/pages\/3507","targetHints":{"allow":["GET"]}}],"collection":[{"href":"https:\/\/cuevalarocio.es\/fr\/wp-json\/wp\/v2\/pages"}],"about":[{"href":"https:\/\/cuevalarocio.es\/fr\/wp-json\/wp\/v2\/types\/page"}],"author":[{"embeddable":true,"href":"https:\/\/cuevalarocio.es\/fr\/wp-json\/wp\/v2\/users\/4"}],"replies":[{"embeddable":true,"href":"https:\/\/cuevalarocio.es\/fr\/wp-json\/wp\/v2\/comments?post=3507"}],"version-history":[{"count":21,"href":"https:\/\/cuevalarocio.es\/fr\/wp-json\/wp\/v2\/pages\/3507\/revisions"}],"predecessor-version":[{"id":5667,"href":"https:\/\/cuevalarocio.es\/fr\/wp-json\/wp\/v2\/pages\/3507\/revisions\/5667"}],"wp:attachment":[{"href":"https:\/\/cuevalarocio.es\/fr\/wp-json\/wp\/v2\/media?parent=3507"}],"curies":[{"name":"wp","href":"https:\/\/api.w.org\/{rel}","templated":true}]}}