{"id":4096,"date":"2016-04-22T10:53:25","date_gmt":"2016-04-22T09:53:25","guid":{"rendered":"https:\/\/cuevalarocio.es\/condiciones-del-servicio-venta-entradas\/"},"modified":"2018-01-23T18:20:32","modified_gmt":"2018-01-23T17:20:32","slug":"conditions-de-service-ventes-billets","status":"publish","type":"page","link":"https:\/\/cuevalarocio.es\/fr\/conditions-de-service-ventes-billets\/","title":{"rendered":"Conditions de service Ventes de billets"},"content":{"rendered":"<p><strong>1.- Conditions g\u00e9n\u00e9rales Vente de billets<\/strong><\/p>\n<p>L&rsquo;utilisateur peut acheter des billets pour l&rsquo;acc\u00e8s aux spectacles de flamenco, via le syst\u00e8me de r\u00e9servation sur le site Web de Cueva la Roc\u00edo. Les formes de paiement seront celles \u00e9tablies \u00e0 tout moment dans le syst\u00e8me de r\u00e9servation et d&rsquo;achat de billets o\u00f9, en g\u00e9n\u00e9ral, seul le paiement par PayPal ou le paiement par carte de cr\u00e9dit sera accept\u00e9. Lorsqu&rsquo;un utilisateur \/ acheteur fait une r\u00e9servation et ach\u00e8te des billets via le syst\u00e8me de r\u00e9servation en ligne et une fois que le paiement est effectu\u00e9 par les moyens autoris\u00e9s dans le syst\u00e8me de r\u00e9servation, l&rsquo;utilisateur \/ acheteur recevra un email de confirmation, en qui pr\u00e9cisera les d\u00e9tails de votre r\u00e9servation: Date et heure du spectacle, nombre de billets et montant pay\u00e9. L&#8217;email de confirmation servira de contribution \u00e0 l&rsquo;\u00e9mission. Vous pouvez imprimer l&rsquo;e-mail de confirmation ou pr\u00e9senter une copie de l&rsquo;e-mail sur votre smartphone ou votre tablette. Si vous ne pouvez pas imprimer l&rsquo;e-mail de confirmation et ne dispose pas d&rsquo;un Smartphone ou une tablette, s&rsquo;il vous pla\u00eet envoyez un courriel \u00e0 info@cuevalarocio.live-website.com apr\u00e8s le d\u00e9part, et d&rsquo;organiser leur entr\u00e9e pr\u00e9senter votre passeport, carte d&rsquo;identit\u00e9 ou carte d&rsquo;identit\u00e9.<\/p>\n<p><strong>2.- Politique d&rsquo;annulation et de retour<\/strong><\/p>\n<p>Pour les annulations plus de 24 heures \u00e0 l&rsquo;avance, il sera rembours\u00e9 jusqu&rsquo;\u00e0 concurrence du montant total de la r\u00e9servation ou du nombre de billets annul\u00e9s, s&rsquo;il ne s&rsquo;agit pas du nombre total de billets r\u00e9serv\u00e9s. Pour les annulations moins de 24 heures avant l&rsquo;heure de d\u00e9but du spectacle, seulement 50% du montant total correspondant au nombre de billets soumis \u00e0 l&rsquo;annulation seront rembours\u00e9s.<\/p>\n<p>Les annulations doivent \u00eatre communiqu\u00e9es par \u00e9crit par e-mail (info@cuevalarocio.live-website.com) ou par fax (+34 958 21 55 02).<\/p>\n","protected":false},"excerpt":{"rendered":"<p>1.- Conditions g\u00e9n\u00e9rales Vente de billets L&rsquo;utilisateur peut acheter des billets pour l&rsquo;acc\u00e8s aux spectacles de flamenco, via le syst\u00e8me de r\u00e9servation sur le site Web de Cueva la Roc\u00edo. Les formes de paiement seront celles \u00e9tablies \u00e0 tout moment dans le syst\u00e8me de r\u00e9servation et d&rsquo;achat de billets o\u00f9, en g\u00e9n\u00e9ral, seul le paiement [&hellip;]<\/p>\n","protected":false},"author":4,"featured_media":0,"parent":0,"menu_order":0,"comment_status":"closed","ping_status":"closed","template":"","meta":{"_et_pb_use_builder":"","_et_pb_old_content":"","_et_gb_content_width":"","footnotes":""},"class_list":["post-4096","page","type-page","status-publish","hentry"],"yoast_head":"<!-- This site is optimized with the Yoast SEO plugin v27.3 - https:\/\/yoast.com\/product\/yoast-seo-wordpress\/ -->\n<title>Conditions de service Ventes de billets Spectacle Flamenco \u00e0 Grenade<\/title>\n<meta name=\"description\" content=\"Conditions g\u00e9n\u00e9rales Vente de billets pour l&#039;acc\u00e8s aux spectacles de flamenco, via le syst\u00e8me de r\u00e9servation sur le site Web de Cueva la Roc\u00edo.\" \/>\n<meta name=\"robots\" content=\"index, follow, max-snippet:-1, max-image-preview:large, max-video-preview:-1\" \/>\n<link rel=\"canonical\" href=\"https:\/\/cuevalarocio.es\/fr\/conditions-de-service-ventes-billets\/\" \/>\n<meta property=\"og:locale\" content=\"fr_FR\" \/>\n<meta property=\"og:type\" content=\"article\" \/>\n<meta property=\"og:title\" content=\"Conditions de service Ventes de billets Spectacle Flamenco \u00e0 Grenade\" \/>\n<meta property=\"og:description\" content=\"Conditions g\u00e9n\u00e9rales Vente de billets pour l&#039;acc\u00e8s aux spectacles de flamenco, via le syst\u00e8me de r\u00e9servation sur le site Web de Cueva la Roc\u00edo.\" \/>\n<meta property=\"og:url\" content=\"https:\/\/cuevalarocio.es\/fr\/conditions-de-service-ventes-billets\/\" \/>\n<meta property=\"og:site_name\" content=\"Cueva de La Roc\u00edo\" \/>\n<meta property=\"article:publisher\" content=\"https:\/\/www.facebook.com\/cuevalarocio\" \/>\n<meta property=\"article:modified_time\" content=\"2018-01-23T17:20:32+00:00\" \/>\n<meta property=\"og:image\" content=\"https:\/\/cuevalarocio.es\/wp-content\/uploads\/2013\/09\/flamenco_1080x450.jpg\" \/>\n<meta name=\"twitter:card\" content=\"summary_large_image\" \/>\n<meta name=\"twitter:site\" content=\"@cuevalarocio\" \/>\n<meta name=\"twitter:label1\" content=\"Dur\u00e9e de lecture estim\u00e9e\" \/>\n\t<meta name=\"twitter:data1\" content=\"2 minutes\" \/>\n<script type=\"application\/ld+json\" class=\"yoast-schema-graph\">{\"@context\":\"https:\\\/\\\/schema.org\",\"@graph\":[{\"@type\":\"WebPage\",\"@id\":\"https:\\\/\\\/cuevalarocio.es\\\/fr\\\/conditions-de-service-ventes-billets\\\/\",\"url\":\"https:\\\/\\\/cuevalarocio.es\\\/fr\\\/conditions-de-service-ventes-billets\\\/\",\"name\":\"Conditions de service Ventes de billets Spectacle Flamenco \u00e0 Grenade\",\"isPartOf\":{\"@id\":\"https:\\\/\\\/cuevalarocio.es\\\/fr\\\/#website\"},\"datePublished\":\"2016-04-22T09:53:25+00:00\",\"dateModified\":\"2018-01-23T17:20:32+00:00\",\"description\":\"Conditions g\u00e9n\u00e9rales Vente de billets pour l'acc\u00e8s aux spectacles de flamenco, via le syst\u00e8me de r\u00e9servation sur le site Web de Cueva la Roc\u00edo.\",\"breadcrumb\":{\"@id\":\"https:\\\/\\\/cuevalarocio.es\\\/fr\\\/conditions-de-service-ventes-billets\\\/#breadcrumb\"},\"inLanguage\":\"fr-FR\",\"potentialAction\":[{\"@type\":\"ReadAction\",\"target\":[\"https:\\\/\\\/cuevalarocio.es\\\/fr\\\/conditions-de-service-ventes-billets\\\/\"]}]},{\"@type\":\"BreadcrumbList\",\"@id\":\"https:\\\/\\\/cuevalarocio.es\\\/fr\\\/conditions-de-service-ventes-billets\\\/#breadcrumb\",\"itemListElement\":[{\"@type\":\"ListItem\",\"position\":1,\"name\":\"Accueil\",\"item\":\"https:\\\/\\\/cuevalarocio.es\\\/fr\\\/\"},{\"@type\":\"ListItem\",\"position\":2,\"name\":\"Conditions de service Ventes de billets\"}]},{\"@type\":\"WebSite\",\"@id\":\"https:\\\/\\\/cuevalarocio.es\\\/fr\\\/#website\",\"url\":\"https:\\\/\\\/cuevalarocio.es\\\/fr\\\/\",\"name\":\"Cueva de La Roc\u00edo\",\"description\":\"Flamenco tablao \u00e0 Grenade et restaurant avec d\u00eener spectacle de flamenco \u00e0 Grenade\",\"potentialAction\":[{\"@type\":\"SearchAction\",\"target\":{\"@type\":\"EntryPoint\",\"urlTemplate\":\"https:\\\/\\\/cuevalarocio.es\\\/fr\\\/?s={search_term_string}\"},\"query-input\":{\"@type\":\"PropertyValueSpecification\",\"valueRequired\":true,\"valueName\":\"search_term_string\"}}],\"inLanguage\":\"fr-FR\"}]}<\/script>\n<!-- \/ Yoast SEO plugin. -->","yoast_head_json":{"title":"Conditions de service Ventes de billets Spectacle Flamenco \u00e0 Grenade","description":"Conditions g\u00e9n\u00e9rales Vente de billets pour l'acc\u00e8s aux spectacles de flamenco, via le syst\u00e8me de r\u00e9servation sur le site Web de Cueva la Roc\u00edo.","robots":{"index":"index","follow":"follow","max-snippet":"max-snippet:-1","max-image-preview":"max-image-preview:large","max-video-preview":"max-video-preview:-1"},"canonical":"https:\/\/cuevalarocio.es\/fr\/conditions-de-service-ventes-billets\/","og_locale":"fr_FR","og_type":"article","og_title":"Conditions de service Ventes de billets Spectacle Flamenco \u00e0 Grenade","og_description":"Conditions g\u00e9n\u00e9rales Vente de billets pour l'acc\u00e8s aux spectacles de flamenco, via le syst\u00e8me de r\u00e9servation sur le site Web de Cueva la Roc\u00edo.","og_url":"https:\/\/cuevalarocio.es\/fr\/conditions-de-service-ventes-billets\/","og_site_name":"Cueva de La Roc\u00edo","article_publisher":"https:\/\/www.facebook.com\/cuevalarocio","article_modified_time":"2018-01-23T17:20:32+00:00","og_image":[{"url":"https:\/\/cuevalarocio.es\/wp-content\/uploads\/2013\/09\/flamenco_1080x450.jpg","type":"","width":"","height":""}],"twitter_card":"summary_large_image","twitter_site":"@cuevalarocio","twitter_misc":{"Dur\u00e9e de lecture estim\u00e9e":"2 minutes"},"schema":{"@context":"https:\/\/schema.org","@graph":[{"@type":"WebPage","@id":"https:\/\/cuevalarocio.es\/fr\/conditions-de-service-ventes-billets\/","url":"https:\/\/cuevalarocio.es\/fr\/conditions-de-service-ventes-billets\/","name":"Conditions de service Ventes de billets Spectacle Flamenco \u00e0 Grenade","isPartOf":{"@id":"https:\/\/cuevalarocio.es\/fr\/#website"},"datePublished":"2016-04-22T09:53:25+00:00","dateModified":"2018-01-23T17:20:32+00:00","description":"Conditions g\u00e9n\u00e9rales Vente de billets pour l'acc\u00e8s aux spectacles de flamenco, via le syst\u00e8me de r\u00e9servation sur le site Web de Cueva la Roc\u00edo.","breadcrumb":{"@id":"https:\/\/cuevalarocio.es\/fr\/conditions-de-service-ventes-billets\/#breadcrumb"},"inLanguage":"fr-FR","potentialAction":[{"@type":"ReadAction","target":["https:\/\/cuevalarocio.es\/fr\/conditions-de-service-ventes-billets\/"]}]},{"@type":"BreadcrumbList","@id":"https:\/\/cuevalarocio.es\/fr\/conditions-de-service-ventes-billets\/#breadcrumb","itemListElement":[{"@type":"ListItem","position":1,"name":"Accueil","item":"https:\/\/cuevalarocio.es\/fr\/"},{"@type":"ListItem","position":2,"name":"Conditions de service Ventes de billets"}]},{"@type":"WebSite","@id":"https:\/\/cuevalarocio.es\/fr\/#website","url":"https:\/\/cuevalarocio.es\/fr\/","name":"Cueva de La Roc\u00edo","description":"Flamenco tablao \u00e0 Grenade et restaurant avec d\u00eener spectacle de flamenco \u00e0 Grenade","potentialAction":[{"@type":"SearchAction","target":{"@type":"EntryPoint","urlTemplate":"https:\/\/cuevalarocio.es\/fr\/?s={search_term_string}"},"query-input":{"@type":"PropertyValueSpecification","valueRequired":true,"valueName":"search_term_string"}}],"inLanguage":"fr-FR"}]}},"_links":{"self":[{"href":"https:\/\/cuevalarocio.es\/fr\/wp-json\/wp\/v2\/pages\/4096","targetHints":{"allow":["GET"]}}],"collection":[{"href":"https:\/\/cuevalarocio.es\/fr\/wp-json\/wp\/v2\/pages"}],"about":[{"href":"https:\/\/cuevalarocio.es\/fr\/wp-json\/wp\/v2\/types\/page"}],"author":[{"embeddable":true,"href":"https:\/\/cuevalarocio.es\/fr\/wp-json\/wp\/v2\/users\/4"}],"replies":[{"embeddable":true,"href":"https:\/\/cuevalarocio.es\/fr\/wp-json\/wp\/v2\/comments?post=4096"}],"version-history":[{"count":2,"href":"https:\/\/cuevalarocio.es\/fr\/wp-json\/wp\/v2\/pages\/4096\/revisions"}],"predecessor-version":[{"id":4098,"href":"https:\/\/cuevalarocio.es\/fr\/wp-json\/wp\/v2\/pages\/4096\/revisions\/4098"}],"wp:attachment":[{"href":"https:\/\/cuevalarocio.es\/fr\/wp-json\/wp\/v2\/media?parent=4096"}],"curies":[{"name":"wp","href":"https:\/\/api.w.org\/{rel}","templated":true}]}}